{"id":221240,"date":"2025-03-11T16:43:00","date_gmt":"2025-03-11T16:43:00","guid":{"rendered":"https:\/\/www.delicias-uk.com\/?post_type=product&#038;p=221240"},"modified":"2025-03-11T16:47:41","modified_gmt":"2025-03-11T16:47:41","slug":"farofa-de-mandioca-galinha-com-pequi-amafil-250g","status":"publish","type":"product","link":"https:\/\/www.delicias-uk.com\/pt-pt\/produto\/farofa-de-mandioca-galinha-com-pequi-amafil-250g\/","title":{"rendered":"Farofa de Mandioca Galinha com Pequi  Amafil 250g"},"content":{"rendered":"<p><span class=\"TextRun SCXW119902370 BCX8\" lang=\"pt-br\" style=\"margin: 0px; padding: 0px; background-color: #ffffff; color: #1f1f1f; font-size: 11pt; line-height: 19.7625px; font-family: Calibri, 'Calibri_EmbeddedFont', 'Calibri_MSFontService', sans-serif;\" xml:lang=\"pt-br\"><span class=\"NormalTextRun SCXW119902370 BCX8\" style=\"margin: 0px; padding: 0px;\">A Farofa sabor <\/span><span class=\"NormalTextRun SCXW119902370 BCX8\" style=\"margin: 0px; padding: 0px;\">Galinha com Pequi <\/span><span class=\"NormalTextRun SpellingErrorV2Themed SCXW119902370 BCX8\" style=\"margin: 0px; padding: 0px; background-position: 0px 100%; background-repeat: repeat-x; border-bottom: 1px solid transparent;\">Amafil<\/span> <\/span><span class=\"TextRun SCXW119902370 BCX8\" lang=\"pt-br\" style=\"margin: 0px; padding: 0px; background-color: #ffffff; color: #040c28; font-size: 11pt; line-height: 19.7625px; font-family: Calibri, 'Calibri_EmbeddedFont', 'Calibri_MSFontService', sans-serif;\" xml:lang=\"pt-br\"><span class=\"NormalTextRun SCXW119902370 BCX8\" style=\"margin: 0px; padding: 0px;\">\u00e9 um produto j\u00e1 pronto a consumir, feito a partir da farinha de mandioca<\/span><\/span><span class=\"TextRun SCXW119902370 BCX8\" lang=\"pt-br\" style=\"margin: 0px; padding: 0px; background-color: #ffffff; color: #1f1f1f; font-size: 11pt; line-height: 19.7625px; font-family: Calibri, 'Calibri_EmbeddedFont', 'Calibri_MSFontService', sans-serif;\" xml:lang=\"pt-br\"><span class=\"NormalTextRun SCXW119902370 BCX8\" style=\"margin: 0px; padding: 0px;\">. Saborosa e bem temperada, a farofa <\/span><span class=\"NormalTextRun SpellingErrorV2Themed SCXW119902370 BCX8\" style=\"margin: 0px; padding: 0px; background-position: 0px 100%; background-repeat: repeat-x; border-bottom: 1px solid transparent;\">Amafil<\/span><span class=\"NormalTextRun SCXW119902370 BCX8\" style=\"margin: 0px; padding: 0px;\"> com sabor Galinha com Pequi <\/span><span class=\"NormalTextRun SCXW119902370 BCX8\" style=\"margin: 0px; padding: 0px;\">\u00e9 perfeita para o acompanhamento de diversos pratos e para dar um toque extra \u00e0s refei\u00e7\u00f5es. Produto naturalmente isento de gl\u00faten.<\/span><\/span><\/p>\n","protected":false},"excerpt":{"rendered":"<div class=\"OutlineElement Ltr SCXW96149587 BCX8\" style=\"margin: 0px; padding: 0px; clear: both; font-family: 'Segoe UI', 'Segoe UI Web', Arial, Verdana, sans-serif; font-size: 12px; background-color: #ffffff;\">\n<p class=\"Paragraph SCXW96149587 BCX8\" lang=\"pt-br\" style=\"margin: 0px 0px 10.6667px; padding: 0px; vertical-align: baseline; background-color: transparent;\" xml:lang=\"pt-br\"><span class=\"TextRun SCXW96149587 BCX8\" lang=\"pt-br\" style=\"margin: 0px; padding: 0px; color: #040c28; font-size: 11pt; line-height: 19.7625px; font-family: Calibri, 'Calibri_EmbeddedFont', 'Calibri_MSFontService', sans-serif;\" xml:lang=\"pt-br\">. Baixo \u00edndice glic\u00eamico<\/span><span class=\"EOP SCXW96149587 BCX8\" style=\"margin: 0px; padding: 0px; font-size: 11pt; line-height: 19.7625px; font-family: Calibri, 'Calibri_EmbeddedFont', 'Calibri_MSFontService', sans-serif; color: #040c28;\">\u00a0<\/span><\/p>\n<\/div>\n<div class=\"OutlineElement Ltr SCXW96149587 BCX8\" style=\"margin: 0px; padding: 0px; clear: both; font-family: 'Segoe UI', 'Segoe UI Web', Arial, Verdana, sans-serif; font-size: 12px; background-color: #ffffff;\">\n<p class=\"Paragraph SCXW96149587 BCX8\" lang=\"pt-br\" style=\"margin: 0px 0px 10.6667px; padding: 0px; vertical-align: baseline; background-color: transparent;\" xml:lang=\"pt-br\"><span class=\"TextRun SCXW96149587 BCX8\" lang=\"pt-br\" style=\"margin: 0px; padding: 0px; color: #242424; font-size: 11pt; line-height: 19.7625px; font-family: Calibri, 'Calibri_EmbeddedFont', 'Calibri_MSFontService', sans-serif;\" xml:lang=\"pt-br\">. Farofa \u00e9 crocante e saborosa<\/span><span class=\"EOP SCXW96149587 BCX8\" style=\"margin: 0px; padding: 0px; font-size: 11pt; line-height: 19.7625px; font-family: Calibri, 'Calibri_EmbeddedFont', 'Calibri_MSFontService', sans-serif; color: #242424;\">\u00a0<\/span><\/p>\n<\/div>\n<div class=\"OutlineElement Ltr SCXW96149587 BCX8\" style=\"margin: 0px; padding: 0px; clear: both; font-family: 'Segoe UI', 'Segoe UI Web', Arial, Verdana, sans-serif; font-size: 12px; background-color: #ffffff;\">\n<p class=\"Paragraph SCXW96149587 BCX8\" lang=\"pt-br\" style=\"margin: 0px 0px 10.6667px; padding: 0px; vertical-align: baseline; background-color: transparent;\" xml:lang=\"pt-br\"><span class=\"TextRun SCXW96149587 BCX8\" lang=\"pt-br\" style=\"margin: 0px; padding: 0px; color: #242424; font-size: 11pt; line-height: 19.7625px; font-family: Calibri, 'Calibri_EmbeddedFont', 'Calibri_MSFontService', sans-serif;\" xml:lang=\"pt-br\">. A farofa de mandioca \u00e9 um prato t\u00edpico da culin\u00e1ria brasileira<\/span><\/p>\n<\/div>\n","protected":false},"author":43538,"featured_media":225882,"comment_status":"open","ping_status":"closed","template":"","meta":[],"pwb-brand":[],"product_brand":[],"product_cat":[8289,8293,8401,8517,8783],"product_tag":[],"class_list":{"0":"post-221240","1":"product","2":"type-product","3":"status-publish","4":"has-post-thumbnail","6":"product_cat-inicio","7":"product_cat-produtos-brasileiros","8":"product_cat-mercearia-pt-pt","9":"product_cat-farinhas-e-graos","10":"product_cat-farofa","12":"first","13":"outofstock","14":"taxable","15":"shipping-taxable","16":"purchasable","17":"product-type-simple"},"aioseo_notices":[],"brands":[],"_links":{"self":[{"href":"https:\/\/www.delicias-uk.com\/pt-pt\/wp-json\/wp\/v2\/product\/221240","targetHints":{"allow":["GET"]}}],"collection":[{"href":"https:\/\/www.delicias-uk.com\/pt-pt\/wp-json\/wp\/v2\/product"}],"about":[{"href":"https:\/\/www.delicias-uk.com\/pt-pt\/wp-json\/wp\/v2\/types\/product"}],"author":[{"embeddable":true,"href":"https:\/\/www.delicias-uk.com\/pt-pt\/wp-json\/wp\/v2\/users\/43538"}],"replies":[{"embeddable":true,"href":"https:\/\/www.delicias-uk.com\/pt-pt\/wp-json\/wp\/v2\/comments?post=221240"}],"wp:featuredmedia":[{"embeddable":true,"href":"https:\/\/www.delicias-uk.com\/pt-pt\/wp-json\/wp\/v2\/media\/225882"}],"wp:attachment":[{"href":"https:\/\/www.delicias-uk.com\/pt-pt\/wp-json\/wp\/v2\/media?parent=221240"}],"wp:term":[{"taxonomy":"pwb-brand","embeddable":true,"href":"https:\/\/www.delicias-uk.com\/pt-pt\/wp-json\/wp\/v2\/pwb-brand?post=221240"},{"taxonomy":"product_brand","embeddable":true,"href":"https:\/\/www.delicias-uk.com\/pt-pt\/wp-json\/wp\/v2\/product_brand?post=221240"},{"taxonomy":"product_cat","embeddable":true,"href":"https:\/\/www.delicias-uk.com\/pt-pt\/wp-json\/wp\/v2\/product_cat?post=221240"},{"taxonomy":"product_tag","embeddable":true,"href":"https:\/\/www.delicias-uk.com\/pt-pt\/wp-json\/wp\/v2\/product_tag?post=221240"}],"curies":[{"name":"wp","href":"https:\/\/api.w.org\/{rel}","templated":true}]}}