{"id":221155,"date":"2025-03-10T16:59:40","date_gmt":"2025-03-10T16:59:40","guid":{"rendered":"https:\/\/www.delicias-uk.com\/?post_type=product&#038;p=221155"},"modified":"2026-03-31T00:55:40","modified_gmt":"2026-03-30T23:55:40","slug":"amendoas-cobertas-com-chocolate-regina-102545-200g","status":"publish","type":"product","link":"https:\/\/www.delicias-uk.com\/pt-pt\/produto\/amendoas-cobertas-com-chocolate-regina-102545-200g\/","title":{"rendered":"Am\u00eandoas Cobertas com Chocolate Regina (102545) 200g"},"content":{"rendered":"<p>Delicie-se com o delicioso crocante de am\u00eandoas premium cobertas com chocolate. As nossas Am\u00eandoas Cobertas chocolate oferecem o equil\u00edbrio perfeito entre a riqueza de nozes e um toque de do\u00e7ura. Cada am\u00eandoa \u00e9 cuidadosamente selecionada pela sua qualidade e depois delicadamente envolvida por uma suave camada de a\u00e7\u00facar em p\u00f3, criando uma experi\u00eancia de derreter na boca a cada dentada.<\/p>\n<p>Perfeitas para petiscar, oferecer ou servir em ocasi\u00f5es especiais, estas am\u00eandoas s\u00e3o um deleite intemporal que confere um toque de eleg\u00e2ncia a qualquer momento. Quer sejam apreciados sozinhos ou combinados com a sua bebida favorita, s\u00e3o uma del\u00edcia doce e satisfat\u00f3ria.<\/p>\n<p><strong>Ingredientes<\/strong>: Chocolate de\u00a0<strong>leite<\/strong>\u00a0(54,7%) (a\u00e7\u00facar, manteiga de cacau,\u00a0<strong>leite<\/strong>\u00a0em p\u00f3, pasta de cacau,\u00a0<strong>soro de leite<\/strong>\u00a0em p\u00f3, emulsionante (lecitina de\u00a0<strong>soja<\/strong>) e aroma), chocolate branco (20,8%) (a\u00e7\u00facar, manteiga de cacau,\u00a0<strong>leite\u00a0<\/strong>em p\u00f3,\u00a0<strong>soro de leite<\/strong>\u00a0em p\u00f3,\u00a0<strong>manteiga concentrada<\/strong>, emulsionante (lecitina de\u00a0<strong>soja<\/strong>) e aroma),\u00a0<strong>am\u00eandoas<\/strong>\u00a0(15,3%), capa de a\u00e7\u00facar (7%) (a\u00e7\u00facar, amido de milho, corantes (E120, E132, E171), agentes de revestimento (E414, E901, E903, E904), aroma), a\u00e7\u00facar e agentes de revestimento (E414, E904). Cacau: 30% m\u00ednimo no chocolate de leite. S\u00f3lidos de leite: 23% m\u00ednimo n\u00f3 chocolate branco.\u00a0<strong>Pode conter vest\u00edgios de amendoins, outros frutos de casca rija e cereais cont\u00eam gl\u00faten.<\/strong><\/p>\n<p><strong>Pa\u00eds de origem<\/strong>: Portugal.<\/p>\n<p><em>Devido a poss\u00edveis altera\u00e7\u00f5es nas embalagens e\/ou r\u00f3tulos, deve sempre considerar a informa\u00e7\u00e3o que acompanha o produto que recebe.<\/em><\/p>\n","protected":false},"excerpt":{"rendered":"<ul style=\"list-style-type: disc;\">\n<li>Peso l\u00edquido 180g<\/li>\n<li>N\u00e3o cont\u00e9m gl\u00faten<\/li>\n<li>Perfeito para petiscar e oferecer<\/li>\n<\/ul>\n","protected":false},"author":43538,"featured_media":221157,"comment_status":"open","ping_status":"closed","template":"","meta":[],"pwb-brand":[],"product_brand":[],"product_cat":[9182,9188,8289,8291,8365,8567,8591],"product_tag":[],"class_list":{"0":"post-221155","1":"product","2":"type-product","3":"status-publish","4":"has-post-thumbnail","6":"product_cat-natal","7":"product_cat-amendoas","8":"product_cat-inicio","9":"product_cat-produtos-portugueses","10":"product_cat-confeitaria","11":"product_cat-chocolate-pt-pt","12":"product_cat-nozes-e-frutas-secas","14":"first","15":"instock","16":"taxable","17":"shipping-taxable","18":"purchasable","19":"product-type-simple"},"aioseo_notices":[],"brands":[],"_links":{"self":[{"href":"https:\/\/www.delicias-uk.com\/pt-pt\/wp-json\/wp\/v2\/product\/221155","targetHints":{"allow":["GET"]}}],"collection":[{"href":"https:\/\/www.delicias-uk.com\/pt-pt\/wp-json\/wp\/v2\/product"}],"about":[{"href":"https:\/\/www.delicias-uk.com\/pt-pt\/wp-json\/wp\/v2\/types\/product"}],"author":[{"embeddable":true,"href":"https:\/\/www.delicias-uk.com\/pt-pt\/wp-json\/wp\/v2\/users\/43538"}],"replies":[{"embeddable":true,"href":"https:\/\/www.delicias-uk.com\/pt-pt\/wp-json\/wp\/v2\/comments?post=221155"}],"wp:featuredmedia":[{"embeddable":true,"href":"https:\/\/www.delicias-uk.com\/pt-pt\/wp-json\/wp\/v2\/media\/221157"}],"wp:attachment":[{"href":"https:\/\/www.delicias-uk.com\/pt-pt\/wp-json\/wp\/v2\/media?parent=221155"}],"wp:term":[{"taxonomy":"pwb-brand","embeddable":true,"href":"https:\/\/www.delicias-uk.com\/pt-pt\/wp-json\/wp\/v2\/pwb-brand?post=221155"},{"taxonomy":"product_brand","embeddable":true,"href":"https:\/\/www.delicias-uk.com\/pt-pt\/wp-json\/wp\/v2\/product_brand?post=221155"},{"taxonomy":"product_cat","embeddable":true,"href":"https:\/\/www.delicias-uk.com\/pt-pt\/wp-json\/wp\/v2\/product_cat?post=221155"},{"taxonomy":"product_tag","embeddable":true,"href":"https:\/\/www.delicias-uk.com\/pt-pt\/wp-json\/wp\/v2\/product_tag?post=221155"}],"curies":[{"name":"wp","href":"https:\/\/api.w.org\/{rel}","templated":true}]}}