{"id":220875,"date":"2025-03-06T15:25:08","date_gmt":"2025-03-06T15:25:08","guid":{"rendered":"https:\/\/www.delicias-uk.com\/?post_type=product&#038;p=220875"},"modified":"2025-03-10T17:31:10","modified_gmt":"2025-03-10T17:31:10","slug":"biscoito-sequilhos-nazinha-classico-laranja-300g","status":"publish","type":"product","link":"https:\/\/www.delicias-uk.com\/pt-pt\/produto\/biscoito-sequilhos-nazinha-classico-laranja-300g\/","title":{"rendered":"Biscoito Sequilhos Nazinha Classico Laranja 300g"},"content":{"rendered":"<p>Os biscoitos sequilhos Nazinha s\u00e3o um tipo de biscoito tradicional e bastante popular no Brasil. Eles s\u00e3o conhecidos por sua textura leve e crocante, al\u00e9m de seu sabor doce e delicado. &#8220;Sequilho&#8221; \u00e9 um tipo de biscoito feito principalmente com amido de milho, o que confere aos biscoitos uma textura macia.<\/p>\n<p>Os biscoitos sequilhos Nazinha s\u00e3o ideais para quem procura um lanche r\u00e1pido e saboroso. Eles podem ser consumidos sozinhos, acompanhados de uma bebida quente, como caf\u00e9 ou ch\u00e1, ou at\u00e9 usados como base para sobremesas simples.<\/p>\n<p><span class=\"Y2IQFc\" lang=\"pt\"><strong>Ingredientes: <\/strong><\/span><span class=\"Y2IQFc\" lang=\"pt\">amido de milho, a\u00e7\u00facar, f\u00e9cula de mandioca, gordura vegetal, ovos, sal e aroma.<\/span><\/p>\n<p><span class=\"Y2IQFc\" lang=\"pt\"><strong>Cont\u00e9m:<\/strong> ovos e ingredientes de soja<\/span><\/p>\n","protected":false},"excerpt":{"rendered":"<ul style=\"list-style-type: disc;\">\n<li>Peso l\u00edquido 100g<\/li>\n<li>Sem gl\u00faten<\/li>\n<li>Produto Brasileiro<\/li>\n<\/ul>\n","protected":false},"author":43538,"featured_media":220878,"comment_status":"open","ping_status":"closed","template":"","meta":[],"pwb-brand":[],"product_brand":[],"product_cat":[8289,8293,8385,8473,8401,8635],"product_tag":[],"class_list":{"0":"post-220875","1":"product","2":"type-product","3":"status-publish","4":"has-post-thumbnail","6":"product_cat-inicio","7":"product_cat-produtos-brasileiros","8":"product_cat-confeitaria-pt-pt","9":"product_cat-bolachas-pt-pt","10":"product_cat-mercearia-pt-pt","11":"product_cat-snacks-pt-pt","13":"first","14":"instock","15":"taxable","16":"shipping-taxable","17":"purchasable","18":"product-type-simple"},"aioseo_notices":[],"brands":[],"_links":{"self":[{"href":"https:\/\/www.delicias-uk.com\/pt-pt\/wp-json\/wp\/v2\/product\/220875","targetHints":{"allow":["GET"]}}],"collection":[{"href":"https:\/\/www.delicias-uk.com\/pt-pt\/wp-json\/wp\/v2\/product"}],"about":[{"href":"https:\/\/www.delicias-uk.com\/pt-pt\/wp-json\/wp\/v2\/types\/product"}],"author":[{"embeddable":true,"href":"https:\/\/www.delicias-uk.com\/pt-pt\/wp-json\/wp\/v2\/users\/43538"}],"replies":[{"embeddable":true,"href":"https:\/\/www.delicias-uk.com\/pt-pt\/wp-json\/wp\/v2\/comments?post=220875"}],"wp:featuredmedia":[{"embeddable":true,"href":"https:\/\/www.delicias-uk.com\/pt-pt\/wp-json\/wp\/v2\/media\/220878"}],"wp:attachment":[{"href":"https:\/\/www.delicias-uk.com\/pt-pt\/wp-json\/wp\/v2\/media?parent=220875"}],"wp:term":[{"taxonomy":"pwb-brand","embeddable":true,"href":"https:\/\/www.delicias-uk.com\/pt-pt\/wp-json\/wp\/v2\/pwb-brand?post=220875"},{"taxonomy":"product_brand","embeddable":true,"href":"https:\/\/www.delicias-uk.com\/pt-pt\/wp-json\/wp\/v2\/product_brand?post=220875"},{"taxonomy":"product_cat","embeddable":true,"href":"https:\/\/www.delicias-uk.com\/pt-pt\/wp-json\/wp\/v2\/product_cat?post=220875"},{"taxonomy":"product_tag","embeddable":true,"href":"https:\/\/www.delicias-uk.com\/pt-pt\/wp-json\/wp\/v2\/product_tag?post=220875"}],"curies":[{"name":"wp","href":"https:\/\/api.w.org\/{rel}","templated":true}]}}