{"id":220859,"date":"2025-03-06T14:40:39","date_gmt":"2025-03-06T14:40:39","guid":{"rendered":"https:\/\/www.delicias-uk.com\/?post_type=product&#038;p=220859"},"modified":"2025-11-06T19:25:46","modified_gmt":"2025-11-06T19:25:46","slug":"biscoito-polvilho-nazinha-queijo-palito-70g","status":"publish","type":"product","link":"https:\/\/www.delicias-uk.com\/pt-pt\/produto\/biscoito-polvilho-nazinha-queijo-palito-70g\/","title":{"rendered":"Biscoito Polvilho Nazinha Queijo Palito 70g"},"content":{"rendered":"<p>Biscoito de polvilho \u00e9 t\u00edpico da culin\u00e1ria brasileira. Um \u00f3timo snack: leve, saboroso e crocante!<\/p>\n<p><span class=\"Y2IQFc\" lang=\"pt\">Ingredientes: F\u00e9cula de tapioca, gordura vegetal, sal, ovos, aromatizante e corante natural urucum.<br \/>\n<\/span><\/p>\n<p><span class=\"Y2IQFc\" lang=\"pt\"><strong>Cont\u00e9m:<\/strong> ovos e ingredientes de soja<\/span><\/p>\n","protected":false},"excerpt":{"rendered":"<ul style=\"list-style-type: disc;\">\n<li>Peso l\u00edquido 100g<\/li>\n<li>Sem gl\u00faten<\/li>\n<li>Produto Brasileiro<\/li>\n<\/ul>\n","protected":false},"author":43538,"featured_media":220861,"comment_status":"open","ping_status":"closed","template":"","meta":[],"pwb-brand":[],"product_brand":[],"product_cat":[8289,8293,8401,8635],"product_tag":[],"class_list":{"0":"post-220859","1":"product","2":"type-product","3":"status-publish","4":"has-post-thumbnail","6":"product_cat-inicio","7":"product_cat-produtos-brasileiros","8":"product_cat-mercearia-pt-pt","9":"product_cat-snacks-pt-pt","11":"first","12":"instock","13":"taxable","14":"shipping-taxable","15":"purchasable","16":"product-type-simple"},"aioseo_notices":[],"brands":[],"_links":{"self":[{"href":"https:\/\/www.delicias-uk.com\/pt-pt\/wp-json\/wp\/v2\/product\/220859","targetHints":{"allow":["GET"]}}],"collection":[{"href":"https:\/\/www.delicias-uk.com\/pt-pt\/wp-json\/wp\/v2\/product"}],"about":[{"href":"https:\/\/www.delicias-uk.com\/pt-pt\/wp-json\/wp\/v2\/types\/product"}],"author":[{"embeddable":true,"href":"https:\/\/www.delicias-uk.com\/pt-pt\/wp-json\/wp\/v2\/users\/43538"}],"replies":[{"embeddable":true,"href":"https:\/\/www.delicias-uk.com\/pt-pt\/wp-json\/wp\/v2\/comments?post=220859"}],"wp:featuredmedia":[{"embeddable":true,"href":"https:\/\/www.delicias-uk.com\/pt-pt\/wp-json\/wp\/v2\/media\/220861"}],"wp:attachment":[{"href":"https:\/\/www.delicias-uk.com\/pt-pt\/wp-json\/wp\/v2\/media?parent=220859"}],"wp:term":[{"taxonomy":"pwb-brand","embeddable":true,"href":"https:\/\/www.delicias-uk.com\/pt-pt\/wp-json\/wp\/v2\/pwb-brand?post=220859"},{"taxonomy":"product_brand","embeddable":true,"href":"https:\/\/www.delicias-uk.com\/pt-pt\/wp-json\/wp\/v2\/product_brand?post=220859"},{"taxonomy":"product_cat","embeddable":true,"href":"https:\/\/www.delicias-uk.com\/pt-pt\/wp-json\/wp\/v2\/product_cat?post=220859"},{"taxonomy":"product_tag","embeddable":true,"href":"https:\/\/www.delicias-uk.com\/pt-pt\/wp-json\/wp\/v2\/product_tag?post=220859"}],"curies":[{"name":"wp","href":"https:\/\/api.w.org\/{rel}","templated":true}]}}