{"id":220798,"date":"2025-03-05T15:23:29","date_gmt":"2025-03-05T15:23:29","guid":{"rendered":"https:\/\/www.delicias-uk.com\/?post_type=product&#038;p=220798"},"modified":"2026-03-23T13:59:39","modified_gmt":"2026-03-23T13:59:39","slug":"pao-de-alho-quitanda-real-100g-x-2","status":"publish","type":"product","link":"https:\/\/www.delicias-uk.com\/pt-pt\/produto\/pao-de-alho-quitanda-real-100g-x-2\/","title":{"rendered":"Pao de Alho Quitanda Real 100g x 2"},"content":{"rendered":"<p><span class=\"ui-provider ee avr avs avt avu avv avw avx avy avz awa awb awc awd awe awf awg awh awi awj awk awl awm awn awo awp awq awr aws awt awu awv aww awx awy\" dir=\"ltr\">Pao de Alho recheado com queijo e uma deliciosa combinac;ao de sabores. Ele e feito com uma massa macia e fofa, recheada com um creme saboroso de alho, manteiga, e ervas, e, para adicionar um toque especial, e recheado com queijo musarela derretido, que confere uma textura cremosa e irresistivel.<\/span><\/p>\n<p><strong>Ingredientes:<\/strong>\u00a0<span class=\"ui-provider ee avr avs avt avu avv avw avx avy avz awa awb awc awd awe awf awg awh awi awj awk awl awm awn awo awp awq awr aws awt awu awv aww awx awy\" dir=\"ltr\">Farinha de TRIGO, agua, oleo alimentar, sal, fermento biol6gico e recheio (27%) queijo musarrella, margarina, salsa desidratada, mostarda e alho.<br \/>\n<\/span><\/p>\n<p><strong>Pa\u00eds de origem<\/strong>: Portugal.<\/p>\n<p><em>Devido a poss\u00edveis altera\u00e7\u00f5es nas embalagens e\/ou r\u00f3tulos, deve sempre considerar a informa\u00e7\u00e3o que acompanha o produto que recebe.<\/em><\/p>\n","protected":false},"excerpt":{"rendered":"<ul style=\"list-style-type: disc;\">\n<li>Peso l\u00edquido 200g<\/li>\n<li>Cont\u00e9m aprox. 20 unidades por saco<\/li>\n<li>N\u00e3o cont\u00e9m gl\u00faten<\/li>\n<\/ul>\n","protected":false},"author":43538,"featured_media":248539,"comment_status":"open","ping_status":"closed","template":"","meta":[],"pwb-brand":[],"product_brand":[],"product_cat":[8289,8305,8313],"product_tag":[],"class_list":{"0":"post-220798","1":"product","2":"type-product","3":"status-publish","4":"has-post-thumbnail","6":"product_cat-inicio","7":"product_cat-produtos-congelados","8":"product_cat-pao-congelado","10":"first","11":"instock","12":"taxable","13":"shipping-taxable","14":"purchasable","15":"product-type-simple"},"aioseo_notices":[],"brands":[],"_links":{"self":[{"href":"https:\/\/www.delicias-uk.com\/pt-pt\/wp-json\/wp\/v2\/product\/220798","targetHints":{"allow":["GET"]}}],"collection":[{"href":"https:\/\/www.delicias-uk.com\/pt-pt\/wp-json\/wp\/v2\/product"}],"about":[{"href":"https:\/\/www.delicias-uk.com\/pt-pt\/wp-json\/wp\/v2\/types\/product"}],"author":[{"embeddable":true,"href":"https:\/\/www.delicias-uk.com\/pt-pt\/wp-json\/wp\/v2\/users\/43538"}],"replies":[{"embeddable":true,"href":"https:\/\/www.delicias-uk.com\/pt-pt\/wp-json\/wp\/v2\/comments?post=220798"}],"wp:featuredmedia":[{"embeddable":true,"href":"https:\/\/www.delicias-uk.com\/pt-pt\/wp-json\/wp\/v2\/media\/248539"}],"wp:attachment":[{"href":"https:\/\/www.delicias-uk.com\/pt-pt\/wp-json\/wp\/v2\/media?parent=220798"}],"wp:term":[{"taxonomy":"pwb-brand","embeddable":true,"href":"https:\/\/www.delicias-uk.com\/pt-pt\/wp-json\/wp\/v2\/pwb-brand?post=220798"},{"taxonomy":"product_brand","embeddable":true,"href":"https:\/\/www.delicias-uk.com\/pt-pt\/wp-json\/wp\/v2\/product_brand?post=220798"},{"taxonomy":"product_cat","embeddable":true,"href":"https:\/\/www.delicias-uk.com\/pt-pt\/wp-json\/wp\/v2\/product_cat?post=220798"},{"taxonomy":"product_tag","embeddable":true,"href":"https:\/\/www.delicias-uk.com\/pt-pt\/wp-json\/wp\/v2\/product_tag?post=220798"}],"curies":[{"name":"wp","href":"https:\/\/api.w.org\/{rel}","templated":true}]}}