{"id":220791,"date":"2025-03-05T14:34:16","date_gmt":"2025-03-05T14:34:16","guid":{"rendered":"https:\/\/www.delicias-uk.com\/?post_type=product&#038;p=220791"},"modified":"2025-03-12T14:20:58","modified_gmt":"2025-03-12T14:20:58","slug":"chocolate-culinario-nestle-53-cacau-200g","status":"publish","type":"product","link":"https:\/\/www.delicias-uk.com\/pt-pt\/produto\/chocolate-culinario-nestle-53-cacau-200g\/","title":{"rendered":"Chocolate Culin\u00e1rio Nestle 53% Cacau 200g"},"content":{"rendered":"<p>A Tablete Chocolate Culin\u00e1ria 53% Cacau Nestl\u00e9 Sobremesas junta o sabor intenso e arom\u00e1tico \u00e0 sua textura \u00fanica.<\/p>\n<p>Esta tablete de chocolate \u00e9 f\u00e1cil de derreter, o que faz com que seja uma garantia de sucesso na prepara\u00e7\u00e3o de cremosas coberturas, recheios e deliciosas sobremesas de chocolate. Delicie e partilhe com a sua fam\u00edlia e amigos uma mousse de chocolate, brownies, cupcakes ou macarons, bolos, tortas ou tartes irresistiveis.<\/p>\n<p>A Tablete Chocolate Culin\u00e1ria 53% Cacau Nestl\u00e9 Sobremesas pode ser desfrutada como parte de uma alimenta\u00e7\u00e3o equilibrada. N\u00e3o cont\u00e9m gl\u00faten, sendo por isso adequada a pessoas com intoler\u00e2ncia ao gl\u00faten.<\/p>\n","protected":false},"excerpt":{"rendered":"<p>A Tablete Chocolate Culin\u00e1ria 53% Cacau Nestl\u00e9 Sobremesas junta o sabor intenso e arom\u00e1tico \u00e0 sua textura \u00fanica. Esta tablete de chocolate \u00e9 f\u00e1cil de derreter, o que faz com que seja uma garantia de sucesso na prepara\u00e7\u00e3o de cremosas coberturas, recheios e deliciosas sobremesas de chocolate. Delicie e partilhe com a sua fam\u00edlia e [&hellip;]<\/p>\n","protected":false},"author":43538,"featured_media":220794,"comment_status":"open","ping_status":"closed","template":"","meta":[],"pwb-brand":[],"product_brand":[],"product_cat":[8289,8567],"product_tag":[],"class_list":{"0":"post-220791","1":"product","2":"type-product","3":"status-publish","4":"has-post-thumbnail","6":"product_cat-inicio","7":"product_cat-chocolate-pt-pt","9":"first","10":"instock","11":"taxable","12":"shipping-taxable","13":"purchasable","14":"product-type-simple"},"aioseo_notices":[],"brands":[],"_links":{"self":[{"href":"https:\/\/www.delicias-uk.com\/pt-pt\/wp-json\/wp\/v2\/product\/220791","targetHints":{"allow":["GET"]}}],"collection":[{"href":"https:\/\/www.delicias-uk.com\/pt-pt\/wp-json\/wp\/v2\/product"}],"about":[{"href":"https:\/\/www.delicias-uk.com\/pt-pt\/wp-json\/wp\/v2\/types\/product"}],"author":[{"embeddable":true,"href":"https:\/\/www.delicias-uk.com\/pt-pt\/wp-json\/wp\/v2\/users\/43538"}],"replies":[{"embeddable":true,"href":"https:\/\/www.delicias-uk.com\/pt-pt\/wp-json\/wp\/v2\/comments?post=220791"}],"wp:featuredmedia":[{"embeddable":true,"href":"https:\/\/www.delicias-uk.com\/pt-pt\/wp-json\/wp\/v2\/media\/220794"}],"wp:attachment":[{"href":"https:\/\/www.delicias-uk.com\/pt-pt\/wp-json\/wp\/v2\/media?parent=220791"}],"wp:term":[{"taxonomy":"pwb-brand","embeddable":true,"href":"https:\/\/www.delicias-uk.com\/pt-pt\/wp-json\/wp\/v2\/pwb-brand?post=220791"},{"taxonomy":"product_brand","embeddable":true,"href":"https:\/\/www.delicias-uk.com\/pt-pt\/wp-json\/wp\/v2\/product_brand?post=220791"},{"taxonomy":"product_cat","embeddable":true,"href":"https:\/\/www.delicias-uk.com\/pt-pt\/wp-json\/wp\/v2\/product_cat?post=220791"},{"taxonomy":"product_tag","embeddable":true,"href":"https:\/\/www.delicias-uk.com\/pt-pt\/wp-json\/wp\/v2\/product_tag?post=220791"}],"curies":[{"name":"wp","href":"https:\/\/api.w.org\/{rel}","templated":true}]}}