{"id":220787,"date":"2025-03-05T14:21:55","date_gmt":"2025-03-05T14:21:55","guid":{"rendered":"https:\/\/www.delicias-uk.com\/?post_type=product&#038;p=220787"},"modified":"2025-11-28T21:46:51","modified_gmt":"2025-11-28T21:46:51","slug":"pudim-doce-de-ovos-micau-185g","status":"publish","type":"product","link":"https:\/\/www.delicias-uk.com\/pt-pt\/produto\/pudim-doce-de-ovos-micau-185g\/","title":{"rendered":"Pudim Doce de Ovos Micau 185g"},"content":{"rendered":"<p>O\u00a0<strong data-start=\"2\" data-end=\"24\">doce de ovos micau<\/strong>\u00a0\u00e9 uma sobremesa tradicional da culin\u00e1ria portuguesa, muito popular em algumas regi\u00f5es de Portugal, especialmente nas festas e celebra\u00e7\u00f5es.<\/p>\n<p>A receita do doce de ovos micau tem como base ovos, a\u00e7\u00facar e, em alguns casos, canela e outros aromatizantes, o que lhe confere uma textura cremosa e um sabor doce e rico.<\/p>\n<p>Modo de Preparacao:<\/p>\n<h4>Passo 1: Dissolver o conte\u00fado da saqueta (185 g) em 300 ml de \u00e1gua<\/h4>\n<h4>Passo 2: Levar ao lume m\u00e9dio e deixar ferver 1 minuto, mexendo sempre<\/h4>\n<p><strong>Pa\u00eds de origem<\/strong>: Portugal.<\/p>\n<p><em>Devido a poss\u00edveis altera\u00e7\u00f5es nas embalagens e\/ou r\u00f3tulos, deve sempre considerar a informa\u00e7\u00e3o que acompanha o produto que recebe.<\/em><\/p>\n","protected":false},"excerpt":{"rendered":"<ul style=\"list-style-type: disc;\">\n<li>Peso l\u00edquido 220g<\/li>\n<li>Rende 6 por\u00e7\u00f5es<\/li>\n<li>Pronto em minutos<\/li>\n<\/ul>\n","protected":false},"author":43538,"featured_media":220790,"comment_status":"open","ping_status":"closed","template":"","meta":[],"pwb-brand":[],"product_brand":[],"product_cat":[8623],"product_tag":[],"class_list":{"0":"post-220787","1":"product","2":"type-product","3":"status-publish","4":"has-post-thumbnail","6":"product_cat-geleia-pudins-mousse","8":"first","9":"instock","10":"taxable","11":"shipping-taxable","12":"purchasable","13":"product-type-simple"},"aioseo_notices":[],"brands":[],"_links":{"self":[{"href":"https:\/\/www.delicias-uk.com\/pt-pt\/wp-json\/wp\/v2\/product\/220787","targetHints":{"allow":["GET"]}}],"collection":[{"href":"https:\/\/www.delicias-uk.com\/pt-pt\/wp-json\/wp\/v2\/product"}],"about":[{"href":"https:\/\/www.delicias-uk.com\/pt-pt\/wp-json\/wp\/v2\/types\/product"}],"author":[{"embeddable":true,"href":"https:\/\/www.delicias-uk.com\/pt-pt\/wp-json\/wp\/v2\/users\/43538"}],"replies":[{"embeddable":true,"href":"https:\/\/www.delicias-uk.com\/pt-pt\/wp-json\/wp\/v2\/comments?post=220787"}],"wp:featuredmedia":[{"embeddable":true,"href":"https:\/\/www.delicias-uk.com\/pt-pt\/wp-json\/wp\/v2\/media\/220790"}],"wp:attachment":[{"href":"https:\/\/www.delicias-uk.com\/pt-pt\/wp-json\/wp\/v2\/media?parent=220787"}],"wp:term":[{"taxonomy":"pwb-brand","embeddable":true,"href":"https:\/\/www.delicias-uk.com\/pt-pt\/wp-json\/wp\/v2\/pwb-brand?post=220787"},{"taxonomy":"product_brand","embeddable":true,"href":"https:\/\/www.delicias-uk.com\/pt-pt\/wp-json\/wp\/v2\/product_brand?post=220787"},{"taxonomy":"product_cat","embeddable":true,"href":"https:\/\/www.delicias-uk.com\/pt-pt\/wp-json\/wp\/v2\/product_cat?post=220787"},{"taxonomy":"product_tag","embeddable":true,"href":"https:\/\/www.delicias-uk.com\/pt-pt\/wp-json\/wp\/v2\/product_tag?post=220787"}],"curies":[{"name":"wp","href":"https:\/\/api.w.org\/{rel}","templated":true}]}}