{"id":220775,"date":"2025-03-05T12:33:01","date_gmt":"2025-03-05T12:33:01","guid":{"rendered":"https:\/\/www.delicias-uk.com\/?post_type=product&#038;p=220775"},"modified":"2025-03-30T19:01:30","modified_gmt":"2025-03-30T18:01:30","slug":"amendoas-premium-chocolate-ruby-e-ginja-vieira160g","status":"publish","type":"product","link":"https:\/\/www.delicias-uk.com\/pt-pt\/produto\/amendoas-premium-chocolate-ruby-e-ginja-vieira160g\/","title":{"rendered":"Am\u00eandoas Premium Chocolate Ruby e Ginja Vieira160g"},"content":{"rendered":"<p>Nova Edi\u00e7\u00e3o com Chocolate Ruby e Ginja. As melhores am\u00eandoas cobertas com o \u00fanico e surpreendente chocolate Ruby, agora com sabor a Ginja.<\/p>\n<p><strong>\u2022Reedi\u00e7\u00e3o da Am\u00eandoa Chocolate Ruby com uma nova combina\u00e7\u00e3o de sabores.<\/strong><br \/>\n<strong>\u2022 Sabor mais intenso e frutado com a Combina\u00e7\u00e3o de Chocolate Ruby e Ginja.<\/strong><br \/>\n<strong>\u2022 Produto com caracter\u00edsticas especiais e \u00fanicas para uma experi\u00eancia de consumo completa<\/strong><br \/>\n<strong>\u2022 Packaging renovado.<\/strong><br \/>\n<strong>\u2022 Ideal para oferecer e partilhar<\/strong><br \/>\n<strong>\u2022 Sem Gl\u00faten<\/strong><br \/>\n<strong>\u2022 Aus\u00eancia de OGM (Organismos Gen\u00e9ticamente Modificados)<\/strong><br \/>\n<strong>\u2022 Embalagem recicl\u00e1vel (separe corretamente os materiais)<\/strong><\/p>\n<p><strong>Am\u00eandoas cobertas com chocolate negro, branco, cobertura de chocolate e ginja<\/strong><\/p>\n<p><strong>Ingredientes<\/strong>: Chocolate negro (62,6%): (pasta de cacau, a\u00e7\u00facar, manteiga de cacau, cacau magro em p\u00f3, emulsionante: lecitinas (E322) e aroma),\u00a0<strong>miolo de am\u00eandoa<\/strong>\u00a0(16,3%), Cobertura de chocolate (12,5%): (a\u00e7\u00facar, manteiga de cacau,\u00a0<strong>leite<\/strong>\u00a0inteiro em p\u00f3, pasta de cacau, emulsionante (lecitina de\u00a0<strong>soja<\/strong>), acidificante (\u00e1cido c\u00edtrico), aroma natural de baunilha), ginja em p\u00f3 (4,7%), Chocolate branco (3,1%): (a\u00e7\u00facar, manteiga de cacau,\u00a0<strong>leite<\/strong>\u00a0gordo em p\u00f3,\u00a0<strong>leite<\/strong>\u00a0magro em p\u00f3,\u00a0<strong>lactose<\/strong>,\u00a0<strong>manteiga concentrada<\/strong>, emulsionante (lecitina de soja) e aroma.\u00a0<strong>Pode conter vest\u00edgios amendoins, outros frutos de casca rija e sulfitos<\/strong>. Cobertura de Chocolate: Cacau: 40% m\u00ednimo. Chocolate Negro: Cacau: 72% m\u00ednimo.<\/p>\n<p><strong>Peso l\u00edquido:<\/strong> 160g.<\/p>\n<p><strong>Conserva\u00e7\u00e3o<\/strong>: Armazenar em local fresco e seco, longe da luz solar direta.<\/p>\n","protected":false},"excerpt":{"rendered":"<p>\u2022Reedi\u00e7\u00e3o da Am\u00eandoa Chocolate Ruby com uma nova combina\u00e7\u00e3o de sabores.<br \/>\n\u2022 Sabor mais intenso e frutado com a Combina\u00e7\u00e3o de Chocolate Ruby e Ginja.<br \/>\n\u2022 Produto com caracter\u00edsticas especiais e \u00fanicas para uma experi\u00eancia de consumo completa<br \/>\n\u2022 Packaging renovado.<br \/>\n\u2022 Ideal para oferecer e partilhar<br \/>\n\u2022 Sem Gl\u00faten<br \/>\n\u2022 Aus\u00eancia de OGM (Organismos Gen\u00e9ticamente Modificados)<br \/>\n\u2022 Embalagem recicl\u00e1vel (separe corretamente os materiais)<\/p>\n<p>&nbsp;<\/p>\n","protected":false},"author":43538,"featured_media":220778,"comment_status":"open","ping_status":"closed","template":"","meta":[],"pwb-brand":[],"product_brand":[],"product_cat":[9182,9188,8289,8365,8567,8591],"product_tag":[],"class_list":{"0":"post-220775","1":"product","2":"type-product","3":"status-publish","4":"has-post-thumbnail","6":"product_cat-natal","7":"product_cat-amendoas","8":"product_cat-inicio","9":"product_cat-confeitaria","10":"product_cat-chocolate-pt-pt","11":"product_cat-nozes-e-frutas-secas","13":"first","14":"instock","15":"taxable","16":"shipping-taxable","17":"purchasable","18":"product-type-simple"},"aioseo_notices":[],"brands":[],"_links":{"self":[{"href":"https:\/\/www.delicias-uk.com\/pt-pt\/wp-json\/wp\/v2\/product\/220775","targetHints":{"allow":["GET"]}}],"collection":[{"href":"https:\/\/www.delicias-uk.com\/pt-pt\/wp-json\/wp\/v2\/product"}],"about":[{"href":"https:\/\/www.delicias-uk.com\/pt-pt\/wp-json\/wp\/v2\/types\/product"}],"author":[{"embeddable":true,"href":"https:\/\/www.delicias-uk.com\/pt-pt\/wp-json\/wp\/v2\/users\/43538"}],"replies":[{"embeddable":true,"href":"https:\/\/www.delicias-uk.com\/pt-pt\/wp-json\/wp\/v2\/comments?post=220775"}],"wp:featuredmedia":[{"embeddable":true,"href":"https:\/\/www.delicias-uk.com\/pt-pt\/wp-json\/wp\/v2\/media\/220778"}],"wp:attachment":[{"href":"https:\/\/www.delicias-uk.com\/pt-pt\/wp-json\/wp\/v2\/media?parent=220775"}],"wp:term":[{"taxonomy":"pwb-brand","embeddable":true,"href":"https:\/\/www.delicias-uk.com\/pt-pt\/wp-json\/wp\/v2\/pwb-brand?post=220775"},{"taxonomy":"product_brand","embeddable":true,"href":"https:\/\/www.delicias-uk.com\/pt-pt\/wp-json\/wp\/v2\/product_brand?post=220775"},{"taxonomy":"product_cat","embeddable":true,"href":"https:\/\/www.delicias-uk.com\/pt-pt\/wp-json\/wp\/v2\/product_cat?post=220775"},{"taxonomy":"product_tag","embeddable":true,"href":"https:\/\/www.delicias-uk.com\/pt-pt\/wp-json\/wp\/v2\/product_tag?post=220775"}],"curies":[{"name":"wp","href":"https:\/\/api.w.org\/{rel}","templated":true}]}}