{"id":220771,"date":"2025-03-05T12:24:44","date_gmt":"2025-03-05T12:24:44","guid":{"rendered":"https:\/\/www.delicias-uk.com\/?post_type=product&#038;p=220771"},"modified":"2025-03-10T17:12:40","modified_gmt":"2025-03-10T17:12:40","slug":"amendoas-premium-base-vegetal-chocolate-com-flocos-e-sementes-de-kiwi-vieira-160g","status":"publish","type":"product","link":"https:\/\/www.delicias-uk.com\/pt-pt\/produto\/amendoas-premium-base-vegetal-chocolate-com-flocos-e-sementes-de-kiwi-vieira-160g\/","title":{"rendered":"Am\u00eandoas Premium Base Vegetal Chocolate Com Flocos E Sementes De Kiwi Vieira 160g"},"content":{"rendered":"<p>Desfrute de uma explos\u00e3o de sabor com a nossa am\u00eandoa nacional coberta com chocolate vegetal. Complementado pela frescura do kiwi e pelas suas sementes crocantes, proporciona um prazer irresist\u00edvel que vai al\u00e9m do seu sabor. Cada mordida \u00e9 uma experi\u00eancia verdadeiramente \u00fanica, 160g de puro prazer, perfeita para quem procura um momento indulgente, sem gl\u00faten e adequada para quem segue uma dieta vegana.<\/p>\n<p><strong>\u2022 Com chocolate vegetal;<\/strong><br \/>\n<strong>\u2022 Com fibra vegetal;<\/strong><br \/>\n<strong>\u2022 Combina\u00e7\u00e3o perfeita: Kiwi e sementes de kiwi;<\/strong><br \/>\n<strong>\u2022 Embalagem premium;<\/strong><br \/>\n<strong>\u2022 Ideal para oferecer e partilhar;<\/strong><br \/>\n<strong>\u2022 N\u00e3o cont\u00e9m gluten;<\/strong><br \/>\n<strong>\u2022 Sem OGM (Organismos Geneticamente Modificados);<\/strong><br \/>\n<strong>\u2022 Embalagens 100% recicl\u00e1veis;<\/strong><\/p>\n<p>Am\u00eandoa Premium com Chocolate Vegetal e Kiwi<\/p>\n<p><strong>Ingredientes:<\/strong> Chocolate de cobertura com fibra vegetal (76%) (a\u00e7\u00facar, manteiga de cacau, massa de cacau, xarope de arroz em p\u00f3, dextrina resistente (11,5%), emulsionante: lecitinas; sabor natural), am\u00eandoa (15%), kiwi granulado (4%) (pur\u00e9 de kiwi, a\u00e7\u00facar), sementes de kiwi (4%). Pode conter vest\u00edgios de amendoim, soja, leite e produtos derivados, outras nozes e sulfitos. Chocolate de cobertura: cacau: m\u00ednimo de 52,4%.<\/p>\n<p><strong>Peso l\u00edquido:<\/strong> 160g.<\/p>\n<p><strong>Conserva\u00e7\u00e3o<\/strong>: Armazenar em local fresco e seco, longe da luz solar direta.<\/p>\n","protected":false},"excerpt":{"rendered":"<p>\u2022 Com chocolate vegetal;<br \/>\n\u2022 Com fibra vegetal;<br \/>\n\u2022 Combina\u00e7\u00e3o perfeita: Kiwi e sementes de kiwi;<br \/>\n\u2022 Embalagem premium;<br \/>\n\u2022 Ideal para oferecer e partilhar;<br \/>\n\u2022 N\u00e3o cont\u00e9m gluten;<br \/>\n\u2022 Sem OGM (Organismos Geneticamente Modificados);<br \/>\n\u2022 Embalagens 100% recicl\u00e1veis;<\/p>\n<p>&nbsp;<\/p>\n","protected":false},"author":43538,"featured_media":220774,"comment_status":"open","ping_status":"closed","template":"","meta":[],"pwb-brand":[],"product_brand":[],"product_cat":[9182,9188,8289,8365,8567,8591],"product_tag":[],"class_list":{"0":"post-220771","1":"product","2":"type-product","3":"status-publish","4":"has-post-thumbnail","6":"product_cat-natal","7":"product_cat-amendoas","8":"product_cat-inicio","9":"product_cat-confeitaria","10":"product_cat-chocolate-pt-pt","11":"product_cat-nozes-e-frutas-secas","13":"first","14":"instock","15":"taxable","16":"shipping-taxable","17":"purchasable","18":"product-type-simple"},"aioseo_notices":[],"brands":[],"_links":{"self":[{"href":"https:\/\/www.delicias-uk.com\/pt-pt\/wp-json\/wp\/v2\/product\/220771","targetHints":{"allow":["GET"]}}],"collection":[{"href":"https:\/\/www.delicias-uk.com\/pt-pt\/wp-json\/wp\/v2\/product"}],"about":[{"href":"https:\/\/www.delicias-uk.com\/pt-pt\/wp-json\/wp\/v2\/types\/product"}],"author":[{"embeddable":true,"href":"https:\/\/www.delicias-uk.com\/pt-pt\/wp-json\/wp\/v2\/users\/43538"}],"replies":[{"embeddable":true,"href":"https:\/\/www.delicias-uk.com\/pt-pt\/wp-json\/wp\/v2\/comments?post=220771"}],"wp:featuredmedia":[{"embeddable":true,"href":"https:\/\/www.delicias-uk.com\/pt-pt\/wp-json\/wp\/v2\/media\/220774"}],"wp:attachment":[{"href":"https:\/\/www.delicias-uk.com\/pt-pt\/wp-json\/wp\/v2\/media?parent=220771"}],"wp:term":[{"taxonomy":"pwb-brand","embeddable":true,"href":"https:\/\/www.delicias-uk.com\/pt-pt\/wp-json\/wp\/v2\/pwb-brand?post=220771"},{"taxonomy":"product_brand","embeddable":true,"href":"https:\/\/www.delicias-uk.com\/pt-pt\/wp-json\/wp\/v2\/product_brand?post=220771"},{"taxonomy":"product_cat","embeddable":true,"href":"https:\/\/www.delicias-uk.com\/pt-pt\/wp-json\/wp\/v2\/product_cat?post=220771"},{"taxonomy":"product_tag","embeddable":true,"href":"https:\/\/www.delicias-uk.com\/pt-pt\/wp-json\/wp\/v2\/product_tag?post=220771"}],"curies":[{"name":"wp","href":"https:\/\/api.w.org\/{rel}","templated":true}]}}