{"id":220767,"date":"2025-03-05T12:05:52","date_gmt":"2025-03-05T12:05:52","guid":{"rendered":"https:\/\/www.delicias-uk.com\/?post_type=product&#038;p=220767"},"modified":"2025-08-29T15:57:15","modified_gmt":"2025-08-29T14:57:15","slug":"amendoas-premium-chocolate-preto-com-pistache-vieira-160g","status":"publish","type":"product","link":"https:\/\/www.delicias-uk.com\/pt-pt\/produto\/amendoas-premium-chocolate-preto-com-pistache-vieira-160g\/","title":{"rendered":"Am\u00eandoas Premium Chocolate Preto com Pistache Vieira 160g"},"content":{"rendered":"<p>Am\u00eandoas selecionadas das melhores origens, cobertas com Chocolate Amargo (72% Cacau) e Pistache. Uma combina\u00e7\u00e3o de sabores sofisticados que promete despertar todos os sentidos.<\/p>\n<p><strong>\u2022 Chocolate Amargo com Alta Concentra\u00e7\u00e3o de Cacau (72% cacau).<\/strong><br \/>\n<strong>\u2022 Sabor Pistache \u2013 Combina\u00e7\u00e3o sofisticada e diferenciadora.<\/strong><br \/>\n<strong>\u2022 Sele\u00e7\u00e3o das melhores mat\u00e9rias-primas.<\/strong><br \/>\n<strong>\u2022 Ideal para presentear e compartilhar.<\/strong><br \/>\n<strong>\u2022 N\u00e3o cont\u00e9m gluten<\/strong><br \/>\n<strong>\u2022 Sem OGM (Organismos Geneticamente Modificados)<\/strong><br \/>\n<strong>\u2022 Embalagem 100% recicl\u00e1vel (separe os materiais corretamente)<\/strong><\/p>\n<p><strong>Ingredientes:<\/strong> Chocolate amargo (45,7%): (pasta de cacau, a\u00e7\u00facar, manteiga de cacau, cacau em p\u00f3 com baixo teor de gordura, emulsificante: lecitina (E322) e sabor), Chocolate branco (30,5%): (a\u00e7\u00facar, manteiga de cacau, leite em p\u00f3 integral, leite em p\u00f3 desnatado, lactose, gordura l\u00e1ctea anidra, emulsificante (lecitina de soja) e aroma), am\u00eandoa (15,8%), pistache (6,1%), pasta de pistache (1,2%) e aroma. Pode conter vest\u00edgios de amendoim, outros frutos secos e sulfitos. Chocolate amargo: Cacau: m\u00ednimo de 72%.<\/p>\n<p><strong>Peso l\u00edquido:<\/strong> 160g.<\/p>\n<p><strong>Conserva\u00e7\u00e3o:<\/strong> Armazenar em local fresco e seco, longe da luz solar direta.<\/p>\n","protected":false},"excerpt":{"rendered":"<p>\u2022 Com Chocolate Branco e Caramelo<br \/>\n\u2022 Textura cremosa e sabor irresist\u00edvel<br \/>\n\u2022 Pacote Premium<br \/>\n\u2022 Ideal para oferecer e compartilhar<br \/>\n\u2022 N\u00e3o cont\u00e9m gluten<br \/>\n\u2022 Sem OGM (Organismos Geneticamente Modificados)<br \/>\n\u2022 Embalagem 100% recicl\u00e1vel<\/p>\n<p>&nbsp;<\/p>\n","protected":false},"author":43538,"featured_media":220769,"comment_status":"open","ping_status":"closed","template":"","meta":[],"pwb-brand":[],"product_brand":[],"product_cat":[9182,9188,8289,8365,8567,8591],"product_tag":[],"class_list":{"0":"post-220767","1":"product","2":"type-product","3":"status-publish","4":"has-post-thumbnail","6":"product_cat-natal","7":"product_cat-amendoas","8":"product_cat-inicio","9":"product_cat-confeitaria","10":"product_cat-chocolate-pt-pt","11":"product_cat-nozes-e-frutas-secas","13":"first","14":"instock","15":"taxable","16":"shipping-taxable","17":"purchasable","18":"product-type-simple"},"aioseo_notices":[],"brands":[],"_links":{"self":[{"href":"https:\/\/www.delicias-uk.com\/pt-pt\/wp-json\/wp\/v2\/product\/220767","targetHints":{"allow":["GET"]}}],"collection":[{"href":"https:\/\/www.delicias-uk.com\/pt-pt\/wp-json\/wp\/v2\/product"}],"about":[{"href":"https:\/\/www.delicias-uk.com\/pt-pt\/wp-json\/wp\/v2\/types\/product"}],"author":[{"embeddable":true,"href":"https:\/\/www.delicias-uk.com\/pt-pt\/wp-json\/wp\/v2\/users\/43538"}],"replies":[{"embeddable":true,"href":"https:\/\/www.delicias-uk.com\/pt-pt\/wp-json\/wp\/v2\/comments?post=220767"}],"wp:featuredmedia":[{"embeddable":true,"href":"https:\/\/www.delicias-uk.com\/pt-pt\/wp-json\/wp\/v2\/media\/220769"}],"wp:attachment":[{"href":"https:\/\/www.delicias-uk.com\/pt-pt\/wp-json\/wp\/v2\/media?parent=220767"}],"wp:term":[{"taxonomy":"pwb-brand","embeddable":true,"href":"https:\/\/www.delicias-uk.com\/pt-pt\/wp-json\/wp\/v2\/pwb-brand?post=220767"},{"taxonomy":"product_brand","embeddable":true,"href":"https:\/\/www.delicias-uk.com\/pt-pt\/wp-json\/wp\/v2\/product_brand?post=220767"},{"taxonomy":"product_cat","embeddable":true,"href":"https:\/\/www.delicias-uk.com\/pt-pt\/wp-json\/wp\/v2\/product_cat?post=220767"},{"taxonomy":"product_tag","embeddable":true,"href":"https:\/\/www.delicias-uk.com\/pt-pt\/wp-json\/wp\/v2\/product_tag?post=220767"}],"curies":[{"name":"wp","href":"https:\/\/api.w.org\/{rel}","templated":true}]}}