{"id":220760,"date":"2025-03-05T11:42:21","date_gmt":"2025-03-05T11:42:21","guid":{"rendered":"https:\/\/www.delicias-uk.com\/?post_type=product&#038;p=220760"},"modified":"2025-03-05T12:03:51","modified_gmt":"2025-03-05T12:03:51","slug":"amendoas-premium-chocolate-gold-vieira-160g","status":"publish","type":"product","link":"https:\/\/www.delicias-uk.com\/pt-pt\/produto\/amendoas-premium-chocolate-gold-vieira-160g\/","title":{"rendered":"Am\u00eandoas Premium Chocolate Gold Vieira 160g"},"content":{"rendered":"<p>Am\u00eandoas selecionadas das melhores fontes revestidas com chocolate e caramelo. Uma combina\u00e7\u00e3o \u00fanica e preciosa.<\/p>\n<p><strong>\u2022 Com Chocolate Branco e Caramelo<\/strong><br \/>\n<strong>\u2022 Textura cremosa e sabor irresist\u00edvel<\/strong><br \/>\n<strong>\u2022 Pacote Premium<\/strong><br \/>\n<strong>\u2022 Ideal para oferecer e compartilhar<\/strong><br \/>\n<strong>\u2022 N\u00e3o cont\u00e9m gluten<\/strong><br \/>\n<strong>\u2022 Sem OGM (Organismos Geneticamente Modificados)<\/strong><br \/>\n<strong>\u2022 Embalagem 100% recicl\u00e1vel<\/strong><\/p>\n<p>Am\u00eandoas cobertas com Chocolate Branco com Caramelo<\/p>\n<p><strong>Ingredientes:<\/strong> Chocolate branco com caramelo (aprox. 75%): [manteiga de cacau, a\u00e7\u00facar, leite em p\u00f3 integral, leite em p\u00f3 desnatado, soro de leite em p\u00f3, a\u00e7\u00facar caramelizado (aprox. 2%), emulsificante (lecitina de soja), aromatizante e sal], am\u00eandoa (aprox. 25%). Pode conter vest\u00edgios de amendoim, outros frutos secos e sulfitos.<\/p>\n<p><strong>Peso l\u00edquido:<\/strong> 160g.<\/p>\n<p><strong>Conserva\u00e7\u00e3o:<\/strong> Armazenar em local fresco e seco, longe da luz solar direta.<\/p>\n","protected":false},"excerpt":{"rendered":"<p>\u2022 Com Chocolate Branco e Caramelo<br \/>\n\u2022 Textura cremosa e sabor irresist\u00edvel<br \/>\n\u2022 Pacote Premium<br \/>\n\u2022 Ideal para oferecer e compartilhar<br \/>\n\u2022 N\u00e3o cont\u00e9m gluten<br \/>\n\u2022 Sem OGM (Organismos Geneticamente Modificados)<br \/>\n\u2022 Embalagem 100% recicl\u00e1vel<\/p>\n<p>&nbsp;<\/p>\n","protected":false},"author":43538,"featured_media":220765,"comment_status":"open","ping_status":"closed","template":"","meta":[],"pwb-brand":[],"product_brand":[],"product_cat":[9182,9188,8289,8365,8567,8591],"product_tag":[],"class_list":{"0":"post-220760","1":"product","2":"type-product","3":"status-publish","4":"has-post-thumbnail","6":"product_cat-natal","7":"product_cat-amendoas","8":"product_cat-inicio","9":"product_cat-confeitaria","10":"product_cat-chocolate-pt-pt","11":"product_cat-nozes-e-frutas-secas","13":"first","14":"instock","15":"taxable","16":"shipping-taxable","17":"purchasable","18":"product-type-simple"},"aioseo_notices":[],"brands":[],"_links":{"self":[{"href":"https:\/\/www.delicias-uk.com\/pt-pt\/wp-json\/wp\/v2\/product\/220760","targetHints":{"allow":["GET"]}}],"collection":[{"href":"https:\/\/www.delicias-uk.com\/pt-pt\/wp-json\/wp\/v2\/product"}],"about":[{"href":"https:\/\/www.delicias-uk.com\/pt-pt\/wp-json\/wp\/v2\/types\/product"}],"author":[{"embeddable":true,"href":"https:\/\/www.delicias-uk.com\/pt-pt\/wp-json\/wp\/v2\/users\/43538"}],"replies":[{"embeddable":true,"href":"https:\/\/www.delicias-uk.com\/pt-pt\/wp-json\/wp\/v2\/comments?post=220760"}],"wp:featuredmedia":[{"embeddable":true,"href":"https:\/\/www.delicias-uk.com\/pt-pt\/wp-json\/wp\/v2\/media\/220765"}],"wp:attachment":[{"href":"https:\/\/www.delicias-uk.com\/pt-pt\/wp-json\/wp\/v2\/media?parent=220760"}],"wp:term":[{"taxonomy":"pwb-brand","embeddable":true,"href":"https:\/\/www.delicias-uk.com\/pt-pt\/wp-json\/wp\/v2\/pwb-brand?post=220760"},{"taxonomy":"product_brand","embeddable":true,"href":"https:\/\/www.delicias-uk.com\/pt-pt\/wp-json\/wp\/v2\/product_brand?post=220760"},{"taxonomy":"product_cat","embeddable":true,"href":"https:\/\/www.delicias-uk.com\/pt-pt\/wp-json\/wp\/v2\/product_cat?post=220760"},{"taxonomy":"product_tag","embeddable":true,"href":"https:\/\/www.delicias-uk.com\/pt-pt\/wp-json\/wp\/v2\/product_tag?post=220760"}],"curies":[{"name":"wp","href":"https:\/\/api.w.org\/{rel}","templated":true}]}}