{"id":220670,"date":"2025-03-04T12:45:00","date_gmt":"2025-03-04T12:45:00","guid":{"rendered":"https:\/\/www.delicias-uk.com\/?post_type=product&#038;p=220670"},"modified":"2026-01-22T12:09:14","modified_gmt":"2026-01-22T12:09:14","slug":"robalo-filete-congelado-120-160-gelpeixe-1kg","status":"publish","type":"product","link":"https:\/\/www.delicias-uk.com\/pt-pt\/produto\/robalo-filete-congelado-120-160-gelpeixe-1kg\/","title":{"rendered":"Robalo Filete Congelado 120\/160 Gelpeixe 1kg"},"content":{"rendered":"<p data-start=\"0\" data-end=\"148\"><strong data-start=\"0\" data-end=\"37\">Fil\u00e9 de Robalo Congelado 120\/160.<\/strong>\u00a0Os n\u00fameros 120\/160 representam a faixa de peso do fil\u00e9 por pe\u00e7a, com cada fil\u00e9 pesando entre 120 e 160 gramas.<\/p>\n<p data-start=\"0\" data-end=\"148\"><strong data-start=\"153\" data-end=\"182\">Caracter\u00edsticas do Robalo<\/strong>:<\/p>\n<ul data-start=\"187\" data-end=\"522\" data-is-last-node=\"\">\n<li data-start=\"187\" data-end=\"260\">O robalo \u00e9 um peixe branco popular, com sabor suave e textura delicada.<\/li>\n<li data-start=\"264\" data-end=\"382\">\u00c9 frequentemente usado em diversas culin\u00e1rias ao redor do mundo, especialmente na culin\u00e1ria mediterr\u00e2nea e asi\u00e1tica.<\/li>\n<li data-start=\"386\" data-end=\"522\" data-is-last-node=\"\">O peixe \u00e9 conhecido por sua carne de alta qualidade e maciez, e pode ser preparado de v\u00e1rias maneiras, como grelhado, assado ou frito.<\/li>\n<\/ul>\n<p>Produto congelado. Ser\u00e1 descongelado durante o processo de transporte. Condicionado com materiais termicos (caixa ou bolsa) e gelo.<\/p>\n","protected":false},"excerpt":{"rendered":"<ul style=\"list-style-type: disc;\">\n<li>Peso l\u00edquido de 1kg<\/li>\n<li>Produto congelado<\/li>\n<li>Produto Portugu\u00eas<\/li>\n<\/ul>\n","protected":false},"author":43538,"featured_media":220672,"comment_status":"open","ping_status":"closed","template":"","meta":[],"pwb-brand":[],"product_brand":[],"product_cat":[8289,8305,8341],"product_tag":[],"class_list":{"0":"post-220670","1":"product","2":"type-product","3":"status-publish","4":"has-post-thumbnail","6":"product_cat-inicio","7":"product_cat-produtos-congelados","8":"product_cat-peixe-congelado","10":"first","11":"instock","12":"taxable","13":"shipping-taxable","14":"purchasable","15":"product-type-simple"},"aioseo_notices":[],"brands":[],"_links":{"self":[{"href":"https:\/\/www.delicias-uk.com\/pt-pt\/wp-json\/wp\/v2\/product\/220670","targetHints":{"allow":["GET"]}}],"collection":[{"href":"https:\/\/www.delicias-uk.com\/pt-pt\/wp-json\/wp\/v2\/product"}],"about":[{"href":"https:\/\/www.delicias-uk.com\/pt-pt\/wp-json\/wp\/v2\/types\/product"}],"author":[{"embeddable":true,"href":"https:\/\/www.delicias-uk.com\/pt-pt\/wp-json\/wp\/v2\/users\/43538"}],"replies":[{"embeddable":true,"href":"https:\/\/www.delicias-uk.com\/pt-pt\/wp-json\/wp\/v2\/comments?post=220670"}],"wp:featuredmedia":[{"embeddable":true,"href":"https:\/\/www.delicias-uk.com\/pt-pt\/wp-json\/wp\/v2\/media\/220672"}],"wp:attachment":[{"href":"https:\/\/www.delicias-uk.com\/pt-pt\/wp-json\/wp\/v2\/media?parent=220670"}],"wp:term":[{"taxonomy":"pwb-brand","embeddable":true,"href":"https:\/\/www.delicias-uk.com\/pt-pt\/wp-json\/wp\/v2\/pwb-brand?post=220670"},{"taxonomy":"product_brand","embeddable":true,"href":"https:\/\/www.delicias-uk.com\/pt-pt\/wp-json\/wp\/v2\/product_brand?post=220670"},{"taxonomy":"product_cat","embeddable":true,"href":"https:\/\/www.delicias-uk.com\/pt-pt\/wp-json\/wp\/v2\/product_cat?post=220670"},{"taxonomy":"product_tag","embeddable":true,"href":"https:\/\/www.delicias-uk.com\/pt-pt\/wp-json\/wp\/v2\/product_tag?post=220670"}],"curies":[{"name":"wp","href":"https:\/\/api.w.org\/{rel}","templated":true}]}}