{"id":220651,"date":"2025-03-04T10:40:47","date_gmt":"2025-03-04T10:40:47","guid":{"rendered":"https:\/\/www.delicias-uk.com\/?post_type=product&#038;p=220651"},"modified":"2025-03-04T10:49:19","modified_gmt":"2025-03-04T10:49:19","slug":"frize-original-750ml","status":"publish","type":"product","link":"https:\/\/www.delicias-uk.com\/pt-pt\/produto\/frize-original-750ml\/","title":{"rendered":"Frize Original 750ml"},"content":{"rendered":"<pre id=\"tw-target-text\" class=\"tw-data-text tw-text-large tw-ta\" dir=\"ltr\" data-placeholder=\"Translation\" data-ved=\"2ahUKEwixnsbEpuaLAxX_WkEAHVp3F5MQ3ewLegQIDBAV\" aria-label=\"Translated text: O primeiro. A m\u00e3e de todos. Percorreu um longo caminho abaixo da superf\u00edcie da terra at\u00e9 que o apanh\u00e1mos em Vila Flor e o envi\u00e1mos para ti. \u00c9 \u00e1gua com g\u00e1s 100% natural e sem calorias, produzida pela natureza. Sem calorias Pa\u00eds de origem:\u00a0Portugal Devido a poss\u00edveis altera\u00e7\u00f5es nas embalagens e\/ou r\u00f3tulos, voc\u00ea deve sempre considerar as informa\u00e7\u00f5es que acompanham o produto que recebe.\"><span class=\"Y2IQFc\" lang=\"pt\">\u00c9 \u00e1gua com g\u00e1s 100% natural e sem calorias, produzida pela natureza.\r\n<\/span><\/pre>\n<p><strong>Pa\u00eds de origem<\/strong>: Portugal<\/p>\n<p><em>Devido a poss\u00edveis altera\u00e7\u00f5es nas embalagens e\/ou r\u00f3tulos, deve sempre considerar a informa\u00e7\u00e3o que acompanha o produto que recebe.<\/em><\/p>\n","protected":false},"excerpt":{"rendered":"<ul style=\"list-style-type: disc;\">\n<li>Peso l\u00edquido 750ml<\/li>\n<li>Pronto para beber<\/li>\n<li>\u00c1gua com G\u00e1s Natural<\/li>\n<\/ul>\n","protected":false},"author":43538,"featured_media":220653,"comment_status":"open","ping_status":"closed","template":"","meta":[],"pwb-brand":[],"product_brand":[],"product_cat":[8289,8291,8423,8587],"product_tag":[],"class_list":{"0":"post-220651","1":"product","2":"type-product","3":"status-publish","4":"has-post-thumbnail","6":"product_cat-inicio","7":"product_cat-produtos-portugueses","8":"product_cat-bebidas-pt-pt","9":"product_cat-agua","11":"first","12":"instock","13":"taxable","14":"shipping-taxable","15":"purchasable","16":"product-type-simple"},"aioseo_notices":[],"brands":[],"_links":{"self":[{"href":"https:\/\/www.delicias-uk.com\/pt-pt\/wp-json\/wp\/v2\/product\/220651","targetHints":{"allow":["GET"]}}],"collection":[{"href":"https:\/\/www.delicias-uk.com\/pt-pt\/wp-json\/wp\/v2\/product"}],"about":[{"href":"https:\/\/www.delicias-uk.com\/pt-pt\/wp-json\/wp\/v2\/types\/product"}],"author":[{"embeddable":true,"href":"https:\/\/www.delicias-uk.com\/pt-pt\/wp-json\/wp\/v2\/users\/43538"}],"replies":[{"embeddable":true,"href":"https:\/\/www.delicias-uk.com\/pt-pt\/wp-json\/wp\/v2\/comments?post=220651"}],"wp:featuredmedia":[{"embeddable":true,"href":"https:\/\/www.delicias-uk.com\/pt-pt\/wp-json\/wp\/v2\/media\/220653"}],"wp:attachment":[{"href":"https:\/\/www.delicias-uk.com\/pt-pt\/wp-json\/wp\/v2\/media?parent=220651"}],"wp:term":[{"taxonomy":"pwb-brand","embeddable":true,"href":"https:\/\/www.delicias-uk.com\/pt-pt\/wp-json\/wp\/v2\/pwb-brand?post=220651"},{"taxonomy":"product_brand","embeddable":true,"href":"https:\/\/www.delicias-uk.com\/pt-pt\/wp-json\/wp\/v2\/product_brand?post=220651"},{"taxonomy":"product_cat","embeddable":true,"href":"https:\/\/www.delicias-uk.com\/pt-pt\/wp-json\/wp\/v2\/product_cat?post=220651"},{"taxonomy":"product_tag","embeddable":true,"href":"https:\/\/www.delicias-uk.com\/pt-pt\/wp-json\/wp\/v2\/product_tag?post=220651"}],"curies":[{"name":"wp","href":"https:\/\/api.w.org\/{rel}","templated":true}]}}