{"id":219879,"date":"2025-02-19T10:02:56","date_gmt":"2025-02-19T10:02:56","guid":{"rendered":"https:\/\/www.delicias-uk.com\/?post_type=product&#038;p=219879"},"modified":"2025-02-19T11:34:15","modified_gmt":"2025-02-19T11:34:15","slug":"pastilha-gorila-sabor-tutti-frutti-com-tatuagem-1-unidade","status":"publish","type":"product","link":"https:\/\/www.delicias-uk.com\/pt-pt\/produto\/pastilha-gorila-sabor-tutti-frutti-com-tatuagem-1-unidade\/","title":{"rendered":"Pastilha Gorila Sabor Tutti-Frutti com Tatuagem 1 unidade"},"content":{"rendered":"<p>Gorila Tutti-Frutti com tatuagem, um cl\u00e1ssico chiclete famoso pelo sabor doce e pela tatuagem tempor\u00e1ria que vem junto.<\/p>\n<p>Desde 1975 que Gorila marca a hist\u00f3ria do saboroso mundo das pastilhas el\u00e1sticas. Tornou-se num s\u00edmbolo na vida de muitas gera\u00e7\u00f5es, despertando emo\u00e7\u00f5es e doces recorda\u00e7\u00f5es. Descubra esta love brand portuguesa.<\/p>\n","protected":false},"excerpt":{"rendered":"<ul style=\"list-style-type: disc;\">\n<li>Cont\u00e9m 1 pastilha el\u00e1stica<\/li>\n<li>Sabor Tutti-Frutti<\/li>\n<li>Sem gl\u00faten<\/li>\n<li>Produto Portugu\u00eas<\/li>\n<\/ul>\n","protected":false},"author":43538,"featured_media":219914,"comment_status":"open","ping_status":"closed","template":"","meta":[],"pwb-brand":[],"product_brand":[],"product_cat":[8289,8291,8365,8531],"product_tag":[],"class_list":{"0":"post-219879","1":"product","2":"type-product","3":"status-publish","4":"has-post-thumbnail","6":"product_cat-inicio","7":"product_cat-produtos-portugueses","8":"product_cat-confeitaria","9":"product_cat-chiclet-s-drops-pt-pt","11":"first","12":"instock","13":"taxable","14":"shipping-taxable","15":"purchasable","16":"product-type-simple"},"aioseo_notices":[],"brands":[],"_links":{"self":[{"href":"https:\/\/www.delicias-uk.com\/pt-pt\/wp-json\/wp\/v2\/product\/219879","targetHints":{"allow":["GET"]}}],"collection":[{"href":"https:\/\/www.delicias-uk.com\/pt-pt\/wp-json\/wp\/v2\/product"}],"about":[{"href":"https:\/\/www.delicias-uk.com\/pt-pt\/wp-json\/wp\/v2\/types\/product"}],"author":[{"embeddable":true,"href":"https:\/\/www.delicias-uk.com\/pt-pt\/wp-json\/wp\/v2\/users\/43538"}],"replies":[{"embeddable":true,"href":"https:\/\/www.delicias-uk.com\/pt-pt\/wp-json\/wp\/v2\/comments?post=219879"}],"wp:featuredmedia":[{"embeddable":true,"href":"https:\/\/www.delicias-uk.com\/pt-pt\/wp-json\/wp\/v2\/media\/219914"}],"wp:attachment":[{"href":"https:\/\/www.delicias-uk.com\/pt-pt\/wp-json\/wp\/v2\/media?parent=219879"}],"wp:term":[{"taxonomy":"pwb-brand","embeddable":true,"href":"https:\/\/www.delicias-uk.com\/pt-pt\/wp-json\/wp\/v2\/pwb-brand?post=219879"},{"taxonomy":"product_brand","embeddable":true,"href":"https:\/\/www.delicias-uk.com\/pt-pt\/wp-json\/wp\/v2\/product_brand?post=219879"},{"taxonomy":"product_cat","embeddable":true,"href":"https:\/\/www.delicias-uk.com\/pt-pt\/wp-json\/wp\/v2\/product_cat?post=219879"},{"taxonomy":"product_tag","embeddable":true,"href":"https:\/\/www.delicias-uk.com\/pt-pt\/wp-json\/wp\/v2\/product_tag?post=219879"}],"curies":[{"name":"wp","href":"https:\/\/api.w.org\/{rel}","templated":true}]}}