{"id":219597,"date":"2025-02-13T11:04:22","date_gmt":"2025-02-13T11:04:22","guid":{"rendered":"https:\/\/www.delicias-uk.com\/?post_type=product&#038;p=219597"},"modified":"2026-03-30T17:40:39","modified_gmt":"2026-03-30T16:40:39","slug":"bifana-laminada-e-higienizada-de-porco-branco-congelado-terras-do-demo-1kg","status":"publish","type":"product","link":"https:\/\/www.delicias-uk.com\/pt-pt\/produto\/bifana-laminada-e-higienizada-de-porco-branco-congelado-terras-do-demo-1kg\/","title":{"rendered":"Bifana Laminada e Higienizada de Porco Branco Congelado Terras do Demo +\/- 1kg"},"content":{"rendered":"<p data-start=\"342\" data-end=\"601\">\n<p data-start=\"603\" data-end=\"855\">Para preparar as bifanas, recomenda-se marinar a carne no molho por algumas horas antes de grelhar ou fritar. Elas s\u00e3o tradicionalmente servidas em p\u00e3o, acompanhadas de mostarda ou piri-piri, e s\u00e3o uma iguaria popular em festivais e festas em Portugal.<\/p>\n<p class=\"MsoNormal\" style=\"margin-bottom: 10pt;line-height: 115%\">Produto congelado. <span lang=\"pt-br\" xml:lang=\"pt-br\">Ser\u00e1 descongelado durante o processo de transporte. Condicionado com materiais termicos (caixa ou bolsa) e gelo.<\/span><\/p>\n","protected":false},"excerpt":{"rendered":"<ul style=\"list-style-type: disc\">\n<li>Peso l\u00edquido aprox. 1kg<\/li>\n<li>Bifanas Laminada de porco branco<\/li>\n<li>Produto Higienizado<\/li>\n<li>Produto congelado<\/li>\n<\/ul>\n","protected":false},"author":43538,"featured_media":219599,"comment_status":"open","ping_status":"closed","template":"","meta":[],"pwb-brand":[],"product_brand":[],"product_cat":[8289,8305,8391],"product_tag":[],"class_list":{"0":"post-219597","1":"product","2":"type-product","3":"status-publish","4":"has-post-thumbnail","6":"product_cat-inicio","7":"product_cat-produtos-congelados","8":"product_cat-carne-congelada","10":"first","11":"outofstock","12":"taxable","13":"shipping-taxable","14":"purchasable","15":"product-type-simple"},"aioseo_notices":[],"brands":[],"_links":{"self":[{"href":"https:\/\/www.delicias-uk.com\/pt-pt\/wp-json\/wp\/v2\/product\/219597","targetHints":{"allow":["GET"]}}],"collection":[{"href":"https:\/\/www.delicias-uk.com\/pt-pt\/wp-json\/wp\/v2\/product"}],"about":[{"href":"https:\/\/www.delicias-uk.com\/pt-pt\/wp-json\/wp\/v2\/types\/product"}],"author":[{"embeddable":true,"href":"https:\/\/www.delicias-uk.com\/pt-pt\/wp-json\/wp\/v2\/users\/43538"}],"replies":[{"embeddable":true,"href":"https:\/\/www.delicias-uk.com\/pt-pt\/wp-json\/wp\/v2\/comments?post=219597"}],"wp:featuredmedia":[{"embeddable":true,"href":"https:\/\/www.delicias-uk.com\/pt-pt\/wp-json\/wp\/v2\/media\/219599"}],"wp:attachment":[{"href":"https:\/\/www.delicias-uk.com\/pt-pt\/wp-json\/wp\/v2\/media?parent=219597"}],"wp:term":[{"taxonomy":"pwb-brand","embeddable":true,"href":"https:\/\/www.delicias-uk.com\/pt-pt\/wp-json\/wp\/v2\/pwb-brand?post=219597"},{"taxonomy":"product_brand","embeddable":true,"href":"https:\/\/www.delicias-uk.com\/pt-pt\/wp-json\/wp\/v2\/product_brand?post=219597"},{"taxonomy":"product_cat","embeddable":true,"href":"https:\/\/www.delicias-uk.com\/pt-pt\/wp-json\/wp\/v2\/product_cat?post=219597"},{"taxonomy":"product_tag","embeddable":true,"href":"https:\/\/www.delicias-uk.com\/pt-pt\/wp-json\/wp\/v2\/product_tag?post=219597"}],"curies":[{"name":"wp","href":"https:\/\/api.w.org\/{rel}","templated":true}]}}