{"id":219584,"date":"2025-02-13T10:34:50","date_gmt":"2025-02-13T10:34:50","guid":{"rendered":"https:\/\/www.delicias-uk.com\/?post_type=product&#038;p=219584"},"modified":"2025-02-28T15:46:14","modified_gmt":"2025-02-28T15:46:14","slug":"chispe-porco-branco-congelado-sel-1kg","status":"publish","type":"product","link":"https:\/\/www.delicias-uk.com\/pt-pt\/produto\/chispe-porco-branco-congelado-sel-1kg\/","title":{"rendered":"Chispe Porco Branco Congelado SEL +\/- 1kg"},"content":{"rendered":"<p data-start=\"267\" data-end=\"559\">Iguaria tradicional em v\u00e1rias culin\u00e1rias ao redor do mundo, incluindo as cozinhas portuguesa e chinesa. Elas s\u00e3o ricas em col\u00e1geno, o que confere uma textura gelatinosa aos pratos e acredita-se que possuam benef\u00edcios \u00e0 sa\u00fade.<\/p>\n<p data-start=\"561\" data-end=\"581\"><strong data-start=\"561\" data-end=\"581\">Usos Culin\u00e1rios:<\/strong><\/p>\n<ul data-start=\"583\" data-end=\"1153\">\n<li data-start=\"583\" data-end=\"842\">\n<p data-start=\"585\" data-end=\"842\"><strong data-start=\"585\" data-end=\"610\">Culin\u00e1ria Portuguesa:<\/strong> As trotters de porco s\u00e3o frequentemente cozidas com ingredientes como feij\u00e3o, ervas e especiarias, resultando em um prato saboroso e substancial. O processo de cozimento lento amacia a carne e a infunde com os sabores dos temperos.<\/p>\n<\/li>\n<li data-start=\"844\" data-end=\"1153\">\n<p data-start=\"846\" data-end=\"1153\"><strong data-start=\"846\" data-end=\"868\">Culin\u00e1ria Chinesa:<\/strong> Um prato popular \u00e9 &#8220;Trotters de Porco com Gengibre e Vinagre Doce&#8221;, onde as trotters s\u00e3o cozidas com gengibre e vinagre, criando um perfil de sabor picante e arom\u00e1tico. Este prato \u00e9 tradicionalmente consumido por mulheres ap\u00f3s o parto devido aos seus supostos benef\u00edcios para a sa\u00fade.<\/p>\n<\/li>\n<\/ul>\n<p data-start=\"1155\" data-end=\"1285\" data-is-last-node=\"\">Produto congelado. Ser\u00e1 descongelado durante o processo de transporte. Condicionado com materiais t\u00e9rmicos (caixa ou saco) e gelo.<\/p>\n","protected":false},"excerpt":{"rendered":"<ul style=\"list-style-type: disc;\">\n<li>Peso l\u00edquido aprox. 1kg<\/li>\n<li>Chispe Porco Branco<\/li>\n<li>Produto congelado<\/li>\n<\/ul>\n","protected":false},"author":43538,"featured_media":219588,"comment_status":"open","ping_status":"closed","template":"","meta":[],"pwb-brand":[],"product_brand":[],"product_cat":[8289,8305,8391,8499],"product_tag":[],"class_list":{"0":"post-219584","1":"product","2":"type-product","3":"status-publish","4":"has-post-thumbnail","6":"product_cat-inicio","7":"product_cat-produtos-congelados","8":"product_cat-carne-congelada","9":"product_cat-sem-glutem","11":"first","12":"outofstock","13":"taxable","14":"shipping-taxable","15":"purchasable","16":"product-type-simple"},"aioseo_notices":[],"brands":[],"_links":{"self":[{"href":"https:\/\/www.delicias-uk.com\/pt-pt\/wp-json\/wp\/v2\/product\/219584","targetHints":{"allow":["GET"]}}],"collection":[{"href":"https:\/\/www.delicias-uk.com\/pt-pt\/wp-json\/wp\/v2\/product"}],"about":[{"href":"https:\/\/www.delicias-uk.com\/pt-pt\/wp-json\/wp\/v2\/types\/product"}],"author":[{"embeddable":true,"href":"https:\/\/www.delicias-uk.com\/pt-pt\/wp-json\/wp\/v2\/users\/43538"}],"replies":[{"embeddable":true,"href":"https:\/\/www.delicias-uk.com\/pt-pt\/wp-json\/wp\/v2\/comments?post=219584"}],"wp:featuredmedia":[{"embeddable":true,"href":"https:\/\/www.delicias-uk.com\/pt-pt\/wp-json\/wp\/v2\/media\/219588"}],"wp:attachment":[{"href":"https:\/\/www.delicias-uk.com\/pt-pt\/wp-json\/wp\/v2\/media?parent=219584"}],"wp:term":[{"taxonomy":"pwb-brand","embeddable":true,"href":"https:\/\/www.delicias-uk.com\/pt-pt\/wp-json\/wp\/v2\/pwb-brand?post=219584"},{"taxonomy":"product_brand","embeddable":true,"href":"https:\/\/www.delicias-uk.com\/pt-pt\/wp-json\/wp\/v2\/product_brand?post=219584"},{"taxonomy":"product_cat","embeddable":true,"href":"https:\/\/www.delicias-uk.com\/pt-pt\/wp-json\/wp\/v2\/product_cat?post=219584"},{"taxonomy":"product_tag","embeddable":true,"href":"https:\/\/www.delicias-uk.com\/pt-pt\/wp-json\/wp\/v2\/product_tag?post=219584"}],"curies":[{"name":"wp","href":"https:\/\/api.w.org\/{rel}","templated":true}]}}