{"id":219553,"date":"2025-02-12T17:13:23","date_gmt":"2025-02-12T17:13:23","guid":{"rendered":"https:\/\/www.delicias-uk.com\/?post_type=product&#038;p=219553"},"modified":"2025-02-12T17:18:45","modified_gmt":"2025-02-12T17:18:45","slug":"oregaos-em-folhas-ferbar-150g","status":"publish","type":"product","link":"https:\/\/www.delicias-uk.com\/pt-pt\/produto\/oregaos-em-folhas-ferbar-150g\/","title":{"rendered":"Oreg\u00e3os em Folhas Ferbar 150g"},"content":{"rendered":"<p>O cheiro e o sabor dos or\u00e9g\u00e3os s\u00e3o provocados pelos \u00f3leos essenciais. Quanto mais sol apanharem, melhor ser\u00e1 o aroma. O sabor dos or\u00e9g\u00e3os \u00e9 condimentado, um pouco adocicado e muito refrescante. T\u00eam um cheiro intenso.<\/p>\n<p>SUGEST\u00d5ES DE UTILIZA\u00c7\u00c3O Os or\u00e9g\u00e3os t\u00eam um sabor penetrante indispens\u00e1vel para aromatizar o gaspacho, pizzas, saladas de tomate, recheios de carne, caldeiradas, grelhados e carac\u00f3is.<\/p>\n","protected":false},"excerpt":{"rendered":"<ul style=\"list-style-type: disc;\">\n<li>Peso l\u00edquido 150g<\/li>\n<li>Or\u00e9g\u00e3os em folhas<\/li>\n<li>Produto Portugu\u00eas<\/li>\n<\/ul>\n","protected":false},"author":43538,"featured_media":231388,"comment_status":"open","ping_status":"closed","template":"","meta":[],"pwb-brand":[],"product_brand":[],"product_cat":[8289,8291,8395,8583,8777],"product_tag":[],"class_list":{"0":"post-219553","1":"product","2":"type-product","3":"status-publish","4":"has-post-thumbnail","6":"product_cat-inicio","7":"product_cat-produtos-portugueses","8":"product_cat-mercearia","9":"product_cat-temperos-molhos-e-marinada","10":"product_cat-temperos-pt-pt","12":"first","13":"instock","14":"taxable","15":"shipping-taxable","16":"purchasable","17":"product-type-simple"},"aioseo_notices":[],"brands":[],"_links":{"self":[{"href":"https:\/\/www.delicias-uk.com\/pt-pt\/wp-json\/wp\/v2\/product\/219553","targetHints":{"allow":["GET"]}}],"collection":[{"href":"https:\/\/www.delicias-uk.com\/pt-pt\/wp-json\/wp\/v2\/product"}],"about":[{"href":"https:\/\/www.delicias-uk.com\/pt-pt\/wp-json\/wp\/v2\/types\/product"}],"author":[{"embeddable":true,"href":"https:\/\/www.delicias-uk.com\/pt-pt\/wp-json\/wp\/v2\/users\/43538"}],"replies":[{"embeddable":true,"href":"https:\/\/www.delicias-uk.com\/pt-pt\/wp-json\/wp\/v2\/comments?post=219553"}],"wp:featuredmedia":[{"embeddable":true,"href":"https:\/\/www.delicias-uk.com\/pt-pt\/wp-json\/wp\/v2\/media\/231388"}],"wp:attachment":[{"href":"https:\/\/www.delicias-uk.com\/pt-pt\/wp-json\/wp\/v2\/media?parent=219553"}],"wp:term":[{"taxonomy":"pwb-brand","embeddable":true,"href":"https:\/\/www.delicias-uk.com\/pt-pt\/wp-json\/wp\/v2\/pwb-brand?post=219553"},{"taxonomy":"product_brand","embeddable":true,"href":"https:\/\/www.delicias-uk.com\/pt-pt\/wp-json\/wp\/v2\/product_brand?post=219553"},{"taxonomy":"product_cat","embeddable":true,"href":"https:\/\/www.delicias-uk.com\/pt-pt\/wp-json\/wp\/v2\/product_cat?post=219553"},{"taxonomy":"product_tag","embeddable":true,"href":"https:\/\/www.delicias-uk.com\/pt-pt\/wp-json\/wp\/v2\/product_tag?post=219553"}],"curies":[{"name":"wp","href":"https:\/\/api.w.org\/{rel}","templated":true}]}}