{"id":219532,"date":"2025-02-12T15:13:44","date_gmt":"2025-02-12T15:13:44","guid":{"rendered":"https:\/\/www.delicias-uk.com\/?post_type=product&#038;p=219532"},"modified":"2025-09-09T11:44:10","modified_gmt":"2025-09-09T10:44:10","slug":"torresmos-tendilla-100g","status":"publish","type":"product","link":"https:\/\/www.delicias-uk.com\/pt-pt\/produto\/torresmos-tendilla-100g\/","title":{"rendered":"Torresmos Tendilla 100g"},"content":{"rendered":"<p>Delicioso e crocante torresmo de porco da Tendilla.<\/p>\n<p data-start=\"0\" data-end=\"62\">Para saborear um torresmo da melhor forma, siga estas dicas:<\/p>\n<h3 data-start=\"64\" data-end=\"108\"><strong data-start=\"68\" data-end=\"106\">1. Escolha a Melhor Acompanhamento<\/strong><\/h3>\n<ul data-start=\"109\" data-end=\"409\">\n<li data-start=\"109\" data-end=\"216\"><strong data-start=\"111\" data-end=\"137\">Com uma bebida gelada:<\/strong> Torresmo combina muito bem com cerveja, cacha\u00e7a ou at\u00e9 um vinho branco seco.<\/li>\n<li data-start=\"217\" data-end=\"409\"><strong data-start=\"219\" data-end=\"247\">Com pratos tradicionais:<\/strong> No Brasil, \u00e9 servido com feij\u00e3o tropeiro, arroz, couve refogada e mandioca frita. J\u00e1 na Espanha, os torreznos acompanham p\u00e3o, batatas ou at\u00e9 mesmo ovos fritos.<\/li>\n<\/ul>\n<h3 data-start=\"411\" data-end=\"452\"><strong data-start=\"415\" data-end=\"450\">2. Aproveite a Textura Crocante<\/strong><\/h3>\n<ul data-start=\"453\" data-end=\"629\">\n<li data-start=\"453\" data-end=\"549\">O ideal \u00e9 comer torresmo para sentir a croc\u00e2ncia da pele e a maciez da gordura.<\/li>\n<li data-start=\"550\" data-end=\"629\">Se quiser real\u00e7ar o sabor, experimente espremer um pouco de lim\u00e3o por cima.<\/li>\n<\/ul>\n<h3 data-start=\"631\" data-end=\"680\"><strong data-start=\"635\" data-end=\"678\">3. Explore Diferentes Formas de Consumo<\/strong><\/h3>\n<ul data-start=\"681\" data-end=\"982\">\n<li data-start=\"681\" data-end=\"726\"><strong data-start=\"683\" data-end=\"695\">Petisco:<\/strong> Comido puro, como aperitivo.<\/li>\n<li data-start=\"727\" data-end=\"817\"><strong data-start=\"729\" data-end=\"747\">Em sandu\u00edches:<\/strong> Pode ser colocado dentro de um p\u00e3o crocante com queijo e vinagrete.<\/li>\n<li data-start=\"818\" data-end=\"907\"><strong data-start=\"820\" data-end=\"834\">Na farofa:<\/strong> Misturado com farinha de mandioca para dar um toque crocante ao prato.<\/li>\n<li data-start=\"908\" data-end=\"982\"><strong data-start=\"910\" data-end=\"936\">Em feijoadas e caldos:<\/strong> Adiciona sabor defumado e textura ao prato.<\/li>\n<\/ul>\n","protected":false},"excerpt":{"rendered":"<ul style=\"list-style-type: disc;\">\n<li>Peso l\u00edquido 100g<\/li>\n<li>Pronto para comer<\/li>\n<li>Fonte de prote\u00edna<\/li>\n<\/ul>\n","protected":false},"author":43538,"featured_media":219536,"comment_status":"open","ping_status":"closed","template":"","meta":[],"pwb-brand":[],"product_brand":[],"product_cat":[8289,8291,8337,8661,8649],"product_tag":[],"class_list":{"0":"post-219532","1":"product","2":"type-product","3":"status-publish","4":"has-post-thumbnail","6":"product_cat-inicio","7":"product_cat-produtos-portugueses","8":"product_cat-charcutaria","9":"product_cat-bacon-pt-pt","10":"product_cat-lanches-batatas-fritas-tostas","12":"first","13":"instock","14":"taxable","15":"shipping-taxable","16":"purchasable","17":"product-type-simple"},"aioseo_notices":[],"brands":[],"_links":{"self":[{"href":"https:\/\/www.delicias-uk.com\/pt-pt\/wp-json\/wp\/v2\/product\/219532","targetHints":{"allow":["GET"]}}],"collection":[{"href":"https:\/\/www.delicias-uk.com\/pt-pt\/wp-json\/wp\/v2\/product"}],"about":[{"href":"https:\/\/www.delicias-uk.com\/pt-pt\/wp-json\/wp\/v2\/types\/product"}],"author":[{"embeddable":true,"href":"https:\/\/www.delicias-uk.com\/pt-pt\/wp-json\/wp\/v2\/users\/43538"}],"replies":[{"embeddable":true,"href":"https:\/\/www.delicias-uk.com\/pt-pt\/wp-json\/wp\/v2\/comments?post=219532"}],"wp:featuredmedia":[{"embeddable":true,"href":"https:\/\/www.delicias-uk.com\/pt-pt\/wp-json\/wp\/v2\/media\/219536"}],"wp:attachment":[{"href":"https:\/\/www.delicias-uk.com\/pt-pt\/wp-json\/wp\/v2\/media?parent=219532"}],"wp:term":[{"taxonomy":"pwb-brand","embeddable":true,"href":"https:\/\/www.delicias-uk.com\/pt-pt\/wp-json\/wp\/v2\/pwb-brand?post=219532"},{"taxonomy":"product_brand","embeddable":true,"href":"https:\/\/www.delicias-uk.com\/pt-pt\/wp-json\/wp\/v2\/product_brand?post=219532"},{"taxonomy":"product_cat","embeddable":true,"href":"https:\/\/www.delicias-uk.com\/pt-pt\/wp-json\/wp\/v2\/product_cat?post=219532"},{"taxonomy":"product_tag","embeddable":true,"href":"https:\/\/www.delicias-uk.com\/pt-pt\/wp-json\/wp\/v2\/product_tag?post=219532"}],"curies":[{"name":"wp","href":"https:\/\/api.w.org\/{rel}","templated":true}]}}