{"id":219428,"date":"2025-02-10T16:14:26","date_gmt":"2025-02-10T16:14:26","guid":{"rendered":"https:\/\/www.delicias-uk.com\/?post_type=product&#038;p=219428"},"modified":"2025-02-10T16:15:48","modified_gmt":"2025-02-10T16:15:48","slug":"barra-de-chocolate-preto-com-morango-regina-protein-27g-x-24","status":"publish","type":"product","link":"https:\/\/www.delicias-uk.com\/pt-pt\/produto\/barra-de-chocolate-preto-com-morango-regina-protein-27g-x-24\/","title":{"rendered":"Barra de Chocolate Preto com Morango Regina Protein 27g x 24"},"content":{"rendered":"<p class=\"MsoNormal\" style=\"margin-bottom: 0cm; line-height: normal; background: #FFFFFF;\"><span lang=\"pt\" style=\"font-size: 10pt; color: #000000; background: #FFFFFF;\" xml:lang=\"pt\">A\u00a0<\/span><strong style=\"word-spacing: 0px;\"><span style=\"font-family: Calibri, sans-serif;\">barra de prote\u00edna \u00e9 uma op\u00e7\u00e3o muito boa, pr\u00e1tica e saud\u00e1vel<\/span><\/strong><span style=\"float: none; word-spacing: 0px;\">\u00a0para as pessoas que treinam ou que apresentam dificuldades para se alimentar em um momento de reuni\u00e3o ou outras necessidades.\u00a0<\/span> A\u00a0<strong style=\"word-spacing: 0px;\"><span style=\"font-family: Calibri, sans-serif;\">barra de prote\u00edna serve como uma alternativa de lanches saud\u00e1veis, manuten\u00e7\u00e3o ou perda de peso<\/span><\/strong><span style=\"float: none; word-spacing: 0px;\">, composi\u00e7\u00e3o corporal dentre outros. <\/span><\/p>\n<p><b><span style=\"font-size: 10pt; color: #000000;\">Benef\u00edcios da barra de prote\u00edna<\/span><\/b><b><\/b><\/p>\n<p class=\"MsoNormal\" style=\"text-indent: -18pt; line-height: normal; background: #FFFFFF; vertical-align: baseline; margin: 0cm 0cm 0cm 72pt;\"><!-- [if !supportLists]--><span style=\"font-size: 10pt; font-family: Symbol;\">\u00b7<span style=\"font: 7pt 'Times New Roman';\">\u00a0\u00a0\u00a0\u00a0\u00a0\u00a0\u00a0\u00a0 <\/span><\/span><!--[endif]--><span style=\"font-size: 10pt; color: #000000;\">Op\u00e7\u00e3o pr\u00e1tica e saud\u00e1vel;<\/span><\/p>\n<p class=\"MsoNormal\" style=\"text-indent: -18pt; line-height: normal; background: #FFFFFF; vertical-align: baseline; margin: 0cm 0cm 0cm 72pt;\"><!-- [if !supportLists]--><span style=\"font-size: 10pt; font-family: Symbol;\">\u00b7<span style=\"font: 7pt 'Times New Roman';\">\u00a0\u00a0\u00a0\u00a0\u00a0\u00a0\u00a0\u00a0 <\/span><\/span><!--[endif]--><span style=\"font-size: 10pt; color: #000000;\">Promove saciedade;<\/span><\/p>\n<p class=\"MsoNormal\" style=\"text-indent: -18pt; line-height: normal; background: #FFFFFF; vertical-align: baseline; margin: 0cm 0cm 0cm 72pt;\"><!-- [if !supportLists]--><span style=\"font-size: 10pt; font-family: Symbol;\">\u00b7<span style=\"font: 7pt 'Times New Roman';\">\u00a0\u00a0\u00a0\u00a0\u00a0\u00a0\u00a0\u00a0 <\/span><\/span><!--[endif]--><span style=\"font-size: 10pt; color: #000000;\">Auxilia na composi\u00e7\u00e3o corporal;<\/span><\/p>\n<p class=\"MsoNormal\" style=\"text-indent: -18pt; line-height: normal; background: #FFFFFF; vertical-align: baseline; margin: 0cm 0cm 0cm 72pt;\"><!-- [if !supportLists]--><span lang=\"pt\" style=\"font-size: 10pt; font-family: Symbol;\" xml:lang=\"pt\">\u00b7<span style=\"font: 7pt 'Times New Roman';\">\u00a0\u00a0\u00a0\u00a0\u00a0\u00a0\u00a0\u00a0 <\/span><\/span><!--[endif]--><span lang=\"pt\" style=\"font-size: 10pt; color: #000000;\" xml:lang=\"pt\">Contribui para performance e sa\u00fade;<\/span><\/p>\n<p class=\"MsoNormal\" style=\"text-indent: -18pt; line-height: normal; background: #FFFFFF; vertical-align: baseline; margin: 0cm 0cm 0cm 72pt;\"><!-- [if !supportLists]--><span lang=\"pt\" style=\"font-size: 10pt; font-family: Symbol;\" xml:lang=\"pt\">\u00b7<span style=\"font: 7pt 'Times New Roman';\">\u00a0\u00a0\u00a0\u00a0\u00a0\u00a0\u00a0\u00a0 <\/span><\/span><!--[endif]--><span lang=\"pt\" style=\"font-size: 10pt; color: #000000;\" xml:lang=\"pt\">Maior praticidade de lanches intermedi\u00e1rios.<\/span><\/p>\n","protected":false},"excerpt":{"rendered":"<p class=\"MsoNormal\"><span lang=\"pt\" style=\"font-size: 10pt; line-height: 107%;\" xml:lang=\"pt\">. Op\u00e7\u00e3o pr\u00e1tica e saud\u00e1vel;<\/span><\/p>\n<p class=\"MsoNormal\"><span lang=\"pt\" style=\"font-size: 10pt; line-height: 107%;\" xml:lang=\"pt\">. Promove saciedade;<\/span><\/p>\n<p class=\"MsoNormal\"><span lang=\"pt\" style=\"font-size: 10pt; line-height: 107%;\" xml:lang=\"pt\">. Auxilia na composi\u00e7\u00e3o corporal;<\/span><\/p>\n<p class=\"MsoNormal\"><span lang=\"pt\" style=\"font-size: 10pt; line-height: 107%;\" xml:lang=\"pt\">. Contribui para performance e sa\u00fade;<\/span><\/p>\n<p class=\"MsoNormal\"><span lang=\"pt\" style=\"font-size: 10pt; line-height: 107%;\" xml:lang=\"pt\">. Maior praticidade de lanches intermedi\u00e1rios.<\/span><\/p>\n","protected":false},"author":43538,"featured_media":219427,"comment_status":"open","ping_status":"closed","template":"","meta":[],"pwb-brand":[],"product_brand":[],"product_cat":[9182,9187,8289,8567,8573,8499,8363],"product_tag":[],"class_list":{"0":"post-219428","1":"product","2":"type-product","3":"status-publish","4":"has-post-thumbnail","6":"product_cat-natal","7":"product_cat-chocolates-pt-pt","8":"product_cat-inicio","9":"product_cat-chocolate-pt-pt","10":"product_cat-sem-acucar","11":"product_cat-sem-glutem","12":"product_cat-halal-pt-pt","14":"first","15":"outofstock","16":"taxable","17":"shipping-taxable","18":"purchasable","19":"product-type-simple"},"aioseo_notices":[],"brands":[],"_links":{"self":[{"href":"https:\/\/www.delicias-uk.com\/pt-pt\/wp-json\/wp\/v2\/product\/219428","targetHints":{"allow":["GET"]}}],"collection":[{"href":"https:\/\/www.delicias-uk.com\/pt-pt\/wp-json\/wp\/v2\/product"}],"about":[{"href":"https:\/\/www.delicias-uk.com\/pt-pt\/wp-json\/wp\/v2\/types\/product"}],"author":[{"embeddable":true,"href":"https:\/\/www.delicias-uk.com\/pt-pt\/wp-json\/wp\/v2\/users\/43538"}],"replies":[{"embeddable":true,"href":"https:\/\/www.delicias-uk.com\/pt-pt\/wp-json\/wp\/v2\/comments?post=219428"}],"wp:featuredmedia":[{"embeddable":true,"href":"https:\/\/www.delicias-uk.com\/pt-pt\/wp-json\/wp\/v2\/media\/219427"}],"wp:attachment":[{"href":"https:\/\/www.delicias-uk.com\/pt-pt\/wp-json\/wp\/v2\/media?parent=219428"}],"wp:term":[{"taxonomy":"pwb-brand","embeddable":true,"href":"https:\/\/www.delicias-uk.com\/pt-pt\/wp-json\/wp\/v2\/pwb-brand?post=219428"},{"taxonomy":"product_brand","embeddable":true,"href":"https:\/\/www.delicias-uk.com\/pt-pt\/wp-json\/wp\/v2\/product_brand?post=219428"},{"taxonomy":"product_cat","embeddable":true,"href":"https:\/\/www.delicias-uk.com\/pt-pt\/wp-json\/wp\/v2\/product_cat?post=219428"},{"taxonomy":"product_tag","embeddable":true,"href":"https:\/\/www.delicias-uk.com\/pt-pt\/wp-json\/wp\/v2\/product_tag?post=219428"}],"curies":[{"name":"wp","href":"https:\/\/api.w.org\/{rel}","templated":true}]}}