{"id":219423,"date":"2025-02-10T16:05:19","date_gmt":"2025-02-10T16:05:19","guid":{"rendered":"https:\/\/www.delicias-uk.com\/?post_type=product&#038;p=219423"},"modified":"2026-03-03T15:05:15","modified_gmt":"2026-03-03T15:05:15","slug":"salgado-misto-para-cozido-a-portuguesa-terras-do-demo-1kg","status":"publish","type":"product","link":"https:\/\/www.delicias-uk.com\/pt-pt\/produto\/salgado-misto-para-cozido-a-portuguesa-terras-do-demo-1kg\/","title":{"rendered":"Salgado Misto para Cozido a Portuguesa Terras do Demo 1Kg"},"content":{"rendered":"<p>O <strong>Terras do Demo Salgado Misto <\/strong>\u00a0\u00e9 uma sele\u00e7\u00e3o tradicional de carnes salgadas, ideal para preparar o <strong>Cozido \u00e0 Portuguesa<\/strong>, um dos pratos mais emblem\u00e1ticos da gastronomia portuguesa.<\/p>\n<h3><strong>Caracter\u00edsticas:<\/strong><\/h3>\n<ul>\n<li>Combina\u00e7\u00e3o de diferentes cortes de <strong>carnes salgadas e curadas<\/strong>.<\/li>\n<li>Pronto para dessalgar e cozinhar.<\/li>\n<li>Produto aut\u00eantico, seguindo m\u00e9todos tradicionais portugueses.<\/li>\n<li>Embalagem de <strong>1Kg<\/strong>, ideal para refei\u00e7\u00f5es familiares.<\/li>\n<\/ul>\n<h3><strong>Sugest\u00e3o de Uso:<\/strong><\/h3>\n<ul>\n<li><strong>Cozido \u00e0 Portuguesa<\/strong> \u2013 cozido lentamente com legumes, enchidos e batatas.<\/li>\n<li><strong>Ensopados e caldos<\/strong> \u2013 adiciona profundidade de sabor a sopas e guisados.<\/li>\n<\/ul>\n","protected":false},"excerpt":{"rendered":"<p>O Terras do Demo Salgado Misto \u00a0\u00e9 uma sele\u00e7\u00e3o tradicional de carnes salgadas, ideal para preparar o Cozido \u00e0 Portuguesa, um dos pratos mais emblem\u00e1ticos da gastronomia portuguesa. Caracter\u00edsticas: Combina\u00e7\u00e3o de diferentes cortes de carnes salgadas e curadas. Pronto para dessalgar e cozinhar. Produto aut\u00eantico, seguindo m\u00e9todos tradicionais portugueses. Embalagem de 1Kg, ideal para refei\u00e7\u00f5es [&hellip;]<\/p>\n","protected":false},"author":43538,"featured_media":219422,"comment_status":"closed","ping_status":"closed","template":"","meta":[],"pwb-brand":[],"product_brand":[],"product_cat":[8671],"product_tag":[],"class_list":{"0":"post-219423","1":"product","2":"type-product","3":"status-publish","4":"has-post-thumbnail","6":"product_cat-fumado","8":"first","9":"instock","10":"taxable","11":"shipping-taxable","12":"purchasable","13":"product-type-simple"},"aioseo_notices":[],"brands":[],"_links":{"self":[{"href":"https:\/\/www.delicias-uk.com\/pt-pt\/wp-json\/wp\/v2\/product\/219423","targetHints":{"allow":["GET"]}}],"collection":[{"href":"https:\/\/www.delicias-uk.com\/pt-pt\/wp-json\/wp\/v2\/product"}],"about":[{"href":"https:\/\/www.delicias-uk.com\/pt-pt\/wp-json\/wp\/v2\/types\/product"}],"author":[{"embeddable":true,"href":"https:\/\/www.delicias-uk.com\/pt-pt\/wp-json\/wp\/v2\/users\/43538"}],"replies":[{"embeddable":true,"href":"https:\/\/www.delicias-uk.com\/pt-pt\/wp-json\/wp\/v2\/comments?post=219423"}],"wp:featuredmedia":[{"embeddable":true,"href":"https:\/\/www.delicias-uk.com\/pt-pt\/wp-json\/wp\/v2\/media\/219422"}],"wp:attachment":[{"href":"https:\/\/www.delicias-uk.com\/pt-pt\/wp-json\/wp\/v2\/media?parent=219423"}],"wp:term":[{"taxonomy":"pwb-brand","embeddable":true,"href":"https:\/\/www.delicias-uk.com\/pt-pt\/wp-json\/wp\/v2\/pwb-brand?post=219423"},{"taxonomy":"product_brand","embeddable":true,"href":"https:\/\/www.delicias-uk.com\/pt-pt\/wp-json\/wp\/v2\/product_brand?post=219423"},{"taxonomy":"product_cat","embeddable":true,"href":"https:\/\/www.delicias-uk.com\/pt-pt\/wp-json\/wp\/v2\/product_cat?post=219423"},{"taxonomy":"product_tag","embeddable":true,"href":"https:\/\/www.delicias-uk.com\/pt-pt\/wp-json\/wp\/v2\/product_tag?post=219423"}],"curies":[{"name":"wp","href":"https:\/\/api.w.org\/{rel}","templated":true}]}}