{"id":219410,"date":"2025-02-10T15:32:54","date_gmt":"2025-02-10T15:32:54","guid":{"rendered":"https:\/\/www.delicias-uk.com\/?post_type=product&#038;p=219410"},"modified":"2025-03-23T17:43:21","modified_gmt":"2025-03-23T17:43:21","slug":"salsicha-toscana-congelada-prisca-2kg-copy","status":"publish","type":"product","link":"https:\/\/www.delicias-uk.com\/pt-pt\/produto\/salsicha-toscana-congelada-prisca-2kg-copy\/","title":{"rendered":"Salsicha Calabresa Congelada Prisca 2Kg"},"content":{"rendered":"<p>A <strong>Lingui\u00e7a Calabresa<\/strong> \u00e9 um embutido curado e defumado, conhecido por seu sabor marcante e levemente picante. Originalmente inspirada nas lingui\u00e7as italianas, tornou-se um ingrediente essencial na culin\u00e1ria brasileira e portuguesa.<\/p>\n","protected":false},"excerpt":{"rendered":"<ul>\n<li>Peso: 2kg<\/li>\n<li>Produto Congelado<\/li>\n<li>Marca: Prisca<\/li>\n<\/ul>\n<p>&nbsp;<\/p>\n","protected":false},"author":43538,"featured_media":219412,"comment_status":"closed","ping_status":"closed","template":"","meta":[],"pwb-brand":[],"product_brand":[],"product_cat":[8663],"product_tag":[],"class_list":{"0":"post-219410","1":"product","2":"type-product","3":"status-publish","4":"has-post-thumbnail","6":"product_cat-chourico-e-salsicha","8":"first","9":"instock","10":"purchasable","11":"product-type-simple"},"aioseo_notices":[],"brands":[],"_links":{"self":[{"href":"https:\/\/www.delicias-uk.com\/pt-pt\/wp-json\/wp\/v2\/product\/219410","targetHints":{"allow":["GET"]}}],"collection":[{"href":"https:\/\/www.delicias-uk.com\/pt-pt\/wp-json\/wp\/v2\/product"}],"about":[{"href":"https:\/\/www.delicias-uk.com\/pt-pt\/wp-json\/wp\/v2\/types\/product"}],"author":[{"embeddable":true,"href":"https:\/\/www.delicias-uk.com\/pt-pt\/wp-json\/wp\/v2\/users\/43538"}],"replies":[{"embeddable":true,"href":"https:\/\/www.delicias-uk.com\/pt-pt\/wp-json\/wp\/v2\/comments?post=219410"}],"wp:featuredmedia":[{"embeddable":true,"href":"https:\/\/www.delicias-uk.com\/pt-pt\/wp-json\/wp\/v2\/media\/219412"}],"wp:attachment":[{"href":"https:\/\/www.delicias-uk.com\/pt-pt\/wp-json\/wp\/v2\/media?parent=219410"}],"wp:term":[{"taxonomy":"pwb-brand","embeddable":true,"href":"https:\/\/www.delicias-uk.com\/pt-pt\/wp-json\/wp\/v2\/pwb-brand?post=219410"},{"taxonomy":"product_brand","embeddable":true,"href":"https:\/\/www.delicias-uk.com\/pt-pt\/wp-json\/wp\/v2\/product_brand?post=219410"},{"taxonomy":"product_cat","embeddable":true,"href":"https:\/\/www.delicias-uk.com\/pt-pt\/wp-json\/wp\/v2\/product_cat?post=219410"},{"taxonomy":"product_tag","embeddable":true,"href":"https:\/\/www.delicias-uk.com\/pt-pt\/wp-json\/wp\/v2\/product_tag?post=219410"}],"curies":[{"name":"wp","href":"https:\/\/api.w.org\/{rel}","templated":true}]}}