{"id":219406,"date":"2025-02-10T15:24:11","date_gmt":"2025-02-10T15:24:11","guid":{"rendered":"https:\/\/www.delicias-uk.com\/?post_type=product&#038;p=219406"},"modified":"2026-01-27T18:20:13","modified_gmt":"2026-01-27T18:20:13","slug":"salsicha-toscana-congelada-prisca-2kg","status":"publish","type":"product","link":"https:\/\/www.delicias-uk.com\/pt-pt\/produto\/salsicha-toscana-congelada-prisca-2kg\/","title":{"rendered":"Salsicha Toscana Congelada Prisca 2Kg"},"content":{"rendered":"<p>Apresenta-se como uma op\u00e7\u00e3o excelente para complementar os seus grelhados e churrascos, conferindo mais sabor aos momentos em que se re\u00fane com os de quem mais gosta. \u00c9 um produto bastante vers\u00e1til, podendo ser utilizado em entradas cortado em rodelas grossas ou como elemento de um prato principal, onde permite elaborar refei\u00e7\u00f5es r\u00e1pidas, saborosas e econ\u00f3micas. Produto congelado.<\/p>\n","protected":false},"excerpt":{"rendered":"<ul>\n<li>Peso: 2kg<\/li>\n<li>Produto Congelado<\/li>\n<li>Marca: Prisca<\/li>\n<\/ul>\n<p>&nbsp;<\/p>\n","protected":false},"author":43538,"featured_media":219408,"comment_status":"closed","ping_status":"closed","template":"","meta":[],"pwb-brand":[],"product_brand":[],"product_cat":[8663],"product_tag":[],"class_list":{"0":"post-219406","1":"product","2":"type-product","3":"status-publish","4":"has-post-thumbnail","6":"product_cat-chourico-e-salsicha","8":"first","9":"instock","10":"purchasable","11":"product-type-simple"},"aioseo_notices":[],"brands":[],"_links":{"self":[{"href":"https:\/\/www.delicias-uk.com\/pt-pt\/wp-json\/wp\/v2\/product\/219406","targetHints":{"allow":["GET"]}}],"collection":[{"href":"https:\/\/www.delicias-uk.com\/pt-pt\/wp-json\/wp\/v2\/product"}],"about":[{"href":"https:\/\/www.delicias-uk.com\/pt-pt\/wp-json\/wp\/v2\/types\/product"}],"author":[{"embeddable":true,"href":"https:\/\/www.delicias-uk.com\/pt-pt\/wp-json\/wp\/v2\/users\/43538"}],"replies":[{"embeddable":true,"href":"https:\/\/www.delicias-uk.com\/pt-pt\/wp-json\/wp\/v2\/comments?post=219406"}],"wp:featuredmedia":[{"embeddable":true,"href":"https:\/\/www.delicias-uk.com\/pt-pt\/wp-json\/wp\/v2\/media\/219408"}],"wp:attachment":[{"href":"https:\/\/www.delicias-uk.com\/pt-pt\/wp-json\/wp\/v2\/media?parent=219406"}],"wp:term":[{"taxonomy":"pwb-brand","embeddable":true,"href":"https:\/\/www.delicias-uk.com\/pt-pt\/wp-json\/wp\/v2\/pwb-brand?post=219406"},{"taxonomy":"product_brand","embeddable":true,"href":"https:\/\/www.delicias-uk.com\/pt-pt\/wp-json\/wp\/v2\/product_brand?post=219406"},{"taxonomy":"product_cat","embeddable":true,"href":"https:\/\/www.delicias-uk.com\/pt-pt\/wp-json\/wp\/v2\/product_cat?post=219406"},{"taxonomy":"product_tag","embeddable":true,"href":"https:\/\/www.delicias-uk.com\/pt-pt\/wp-json\/wp\/v2\/product_tag?post=219406"}],"curies":[{"name":"wp","href":"https:\/\/api.w.org\/{rel}","templated":true}]}}