{"id":219404,"date":"2025-02-10T15:21:17","date_gmt":"2025-02-10T15:21:17","guid":{"rendered":"https:\/\/www.delicias-uk.com\/?post_type=product&#038;p=219404"},"modified":"2025-02-10T15:32:14","modified_gmt":"2025-02-10T15:32:14","slug":"salsicha-extra-cocktail-congelada-prisca-2kg","status":"publish","type":"product","link":"https:\/\/www.delicias-uk.com\/pt-pt\/produto\/salsicha-extra-cocktail-congelada-prisca-2kg\/","title":{"rendered":"Salsicha Extra Cocktail Congelada Prisca 2Kg"},"content":{"rendered":"<p>Produzida a partir de peda\u00e7os de carne transformada e de sabor irresist\u00edvel, \u00e9 uma \u00f3tima alternativa para refei\u00e7\u00f5es mais elaboradas. Estas salsichas s\u00e3o ideais para uma refei\u00e7\u00e3o, grelhadas, escaldadas ou at\u00e9 para petiscar, acompanhada de uma cerveja encorpada.<\/p>\n","protected":false},"excerpt":{"rendered":"<ul>\n<li>Peso: 2kg<\/li>\n<li>Produto Congelado<\/li>\n<li>Marca: Prisca<\/li>\n<\/ul>\n<p>&nbsp;<\/p>\n","protected":false},"author":43538,"featured_media":219403,"comment_status":"closed","ping_status":"closed","template":"","meta":[],"pwb-brand":[],"product_brand":[],"product_cat":[8663],"product_tag":[],"class_list":{"0":"post-219404","1":"product","2":"type-product","3":"status-publish","4":"has-post-thumbnail","6":"product_cat-chourico-e-salsicha","8":"first","9":"instock","10":"purchasable","11":"product-type-simple"},"aioseo_notices":[],"brands":[],"_links":{"self":[{"href":"https:\/\/www.delicias-uk.com\/pt-pt\/wp-json\/wp\/v2\/product\/219404","targetHints":{"allow":["GET"]}}],"collection":[{"href":"https:\/\/www.delicias-uk.com\/pt-pt\/wp-json\/wp\/v2\/product"}],"about":[{"href":"https:\/\/www.delicias-uk.com\/pt-pt\/wp-json\/wp\/v2\/types\/product"}],"author":[{"embeddable":true,"href":"https:\/\/www.delicias-uk.com\/pt-pt\/wp-json\/wp\/v2\/users\/43538"}],"replies":[{"embeddable":true,"href":"https:\/\/www.delicias-uk.com\/pt-pt\/wp-json\/wp\/v2\/comments?post=219404"}],"wp:featuredmedia":[{"embeddable":true,"href":"https:\/\/www.delicias-uk.com\/pt-pt\/wp-json\/wp\/v2\/media\/219403"}],"wp:attachment":[{"href":"https:\/\/www.delicias-uk.com\/pt-pt\/wp-json\/wp\/v2\/media?parent=219404"}],"wp:term":[{"taxonomy":"pwb-brand","embeddable":true,"href":"https:\/\/www.delicias-uk.com\/pt-pt\/wp-json\/wp\/v2\/pwb-brand?post=219404"},{"taxonomy":"product_brand","embeddable":true,"href":"https:\/\/www.delicias-uk.com\/pt-pt\/wp-json\/wp\/v2\/product_brand?post=219404"},{"taxonomy":"product_cat","embeddable":true,"href":"https:\/\/www.delicias-uk.com\/pt-pt\/wp-json\/wp\/v2\/product_cat?post=219404"},{"taxonomy":"product_tag","embeddable":true,"href":"https:\/\/www.delicias-uk.com\/pt-pt\/wp-json\/wp\/v2\/product_tag?post=219404"}],"curies":[{"name":"wp","href":"https:\/\/api.w.org\/{rel}","templated":true}]}}