{"id":219383,"date":"2025-02-10T14:09:09","date_gmt":"2025-02-10T14:09:09","guid":{"rendered":"https:\/\/www.delicias-uk.com\/?post_type=product&#038;p=219383"},"modified":"2026-03-16T23:14:33","modified_gmt":"2026-03-16T23:14:33","slug":"presunto-tradicional-com-osso-dchaves-fatiado-200g","status":"publish","type":"product","link":"https:\/\/www.delicias-uk.com\/pt-pt\/produto\/presunto-tradicional-com-osso-dchaves-fatiado-200g\/","title":{"rendered":"Presunto Tradicional com Osso D&#8217;Chaves Fatiado 200g"},"content":{"rendered":"<p>Fumado que necessita de muito tempo de cura, com uma salga feita em &#8220;moura tradicional&#8221;, em que o vinho verde \u00e9 um dos principais condimentos. O bom aroma e o sabor deste presunto devem-se \u00e0 alimenta\u00e7\u00e3o dos animais, realizada em regime extensivo de recria.<\/p>\n<p><strong>Pa\u00eds de origem<\/strong>: Portugal<\/p>\n","protected":false},"excerpt":{"rendered":"<ul style=\"list-style-type: disc\">\n<li>Peso l\u00edquido 200g<\/li>\n<li>Fatiado a Mao<\/li>\n<\/ul>\n","protected":false},"author":43538,"featured_media":219385,"comment_status":"open","ping_status":"closed","template":"","meta":[],"pwb-brand":[9167],"product_brand":[],"product_cat":[9334,8289,8291,8317,8337,8665],"product_tag":[],"class_list":{"0":"post-219383","1":"product","2":"type-product","3":"status-publish","4":"has-post-thumbnail","6":"pwb-brand-dchaves","7":"product_cat-presunto-curado-pt-pt","8":"product_cat-inicio","9":"product_cat-produtos-portugueses","10":"product_cat-especiais-do-mes","11":"product_cat-charcutaria","12":"product_cat-presunto-curado","14":"first","15":"instock","16":"featured","17":"taxable","18":"shipping-taxable","19":"purchasable","20":"product-type-simple"},"aioseo_notices":[],"brands":[{"id":9167,"name":"D'Chaves","slug":"dchaves"}],"_links":{"self":[{"href":"https:\/\/www.delicias-uk.com\/pt-pt\/wp-json\/wp\/v2\/product\/219383","targetHints":{"allow":["GET"]}}],"collection":[{"href":"https:\/\/www.delicias-uk.com\/pt-pt\/wp-json\/wp\/v2\/product"}],"about":[{"href":"https:\/\/www.delicias-uk.com\/pt-pt\/wp-json\/wp\/v2\/types\/product"}],"author":[{"embeddable":true,"href":"https:\/\/www.delicias-uk.com\/pt-pt\/wp-json\/wp\/v2\/users\/43538"}],"replies":[{"embeddable":true,"href":"https:\/\/www.delicias-uk.com\/pt-pt\/wp-json\/wp\/v2\/comments?post=219383"}],"wp:featuredmedia":[{"embeddable":true,"href":"https:\/\/www.delicias-uk.com\/pt-pt\/wp-json\/wp\/v2\/media\/219385"}],"wp:attachment":[{"href":"https:\/\/www.delicias-uk.com\/pt-pt\/wp-json\/wp\/v2\/media?parent=219383"}],"wp:term":[{"taxonomy":"pwb-brand","embeddable":true,"href":"https:\/\/www.delicias-uk.com\/pt-pt\/wp-json\/wp\/v2\/pwb-brand?post=219383"},{"taxonomy":"product_brand","embeddable":true,"href":"https:\/\/www.delicias-uk.com\/pt-pt\/wp-json\/wp\/v2\/product_brand?post=219383"},{"taxonomy":"product_cat","embeddable":true,"href":"https:\/\/www.delicias-uk.com\/pt-pt\/wp-json\/wp\/v2\/product_cat?post=219383"},{"taxonomy":"product_tag","embeddable":true,"href":"https:\/\/www.delicias-uk.com\/pt-pt\/wp-json\/wp\/v2\/product_tag?post=219383"}],"curies":[{"name":"wp","href":"https:\/\/api.w.org\/{rel}","templated":true}]}}