{"id":219379,"date":"2025-02-10T14:01:49","date_gmt":"2025-02-10T14:01:49","guid":{"rendered":"https:\/\/www.delicias-uk.com\/?post_type=product&#038;p=219379"},"modified":"2025-02-10T14:14:22","modified_gmt":"2025-02-10T14:14:22","slug":"presunto-tradicional-com-osso-dchaves-9kg","status":"publish","type":"product","link":"https:\/\/www.delicias-uk.com\/pt-pt\/produto\/presunto-tradicional-com-osso-dchaves-9kg\/","title":{"rendered":"Presunto Tradicional com Osso D&#8217;Chaves 9Kg"},"content":{"rendered":"<p>Fumado que necessita de muito tempo de cura, com uma salga feita em &#8220;moura tradicional&#8221;, em que o vinho verde \u00e9 um dos principais condimentos. O bom aroma e o sabor deste presunto devem-se \u00e0 alimenta\u00e7\u00e3o dos animais, realizada em regime extensivo de recria.<\/p>\n<p><strong>Pa\u00eds de origem<\/strong>: Portugal<\/p>\n","protected":false},"excerpt":{"rendered":"<ul style=\"list-style-type: disc;\">\n<li>Peso l\u00edquido 9kg<\/li>\n<li>Pe\u00e7a inteira<\/li>\n<\/ul>\n","protected":false},"author":43538,"featured_media":219381,"comment_status":"open","ping_status":"closed","template":"","meta":[],"pwb-brand":[9167],"product_brand":[],"product_cat":[8289,8291,8317,8337,8665],"product_tag":[],"class_list":{"0":"post-219379","1":"product","2":"type-product","3":"status-publish","4":"has-post-thumbnail","6":"pwb-brand-dchaves","7":"product_cat-inicio","8":"product_cat-produtos-portugueses","9":"product_cat-especiais-do-mes","10":"product_cat-charcutaria","11":"product_cat-presunto-curado","13":"first","14":"instock","15":"featured","16":"taxable","17":"shipping-taxable","18":"purchasable","19":"product-type-simple"},"aioseo_notices":[],"brands":[{"id":9167,"name":"D'Chaves","slug":"dchaves"}],"_links":{"self":[{"href":"https:\/\/www.delicias-uk.com\/pt-pt\/wp-json\/wp\/v2\/product\/219379","targetHints":{"allow":["GET"]}}],"collection":[{"href":"https:\/\/www.delicias-uk.com\/pt-pt\/wp-json\/wp\/v2\/product"}],"about":[{"href":"https:\/\/www.delicias-uk.com\/pt-pt\/wp-json\/wp\/v2\/types\/product"}],"author":[{"embeddable":true,"href":"https:\/\/www.delicias-uk.com\/pt-pt\/wp-json\/wp\/v2\/users\/43538"}],"replies":[{"embeddable":true,"href":"https:\/\/www.delicias-uk.com\/pt-pt\/wp-json\/wp\/v2\/comments?post=219379"}],"wp:featuredmedia":[{"embeddable":true,"href":"https:\/\/www.delicias-uk.com\/pt-pt\/wp-json\/wp\/v2\/media\/219381"}],"wp:attachment":[{"href":"https:\/\/www.delicias-uk.com\/pt-pt\/wp-json\/wp\/v2\/media?parent=219379"}],"wp:term":[{"taxonomy":"pwb-brand","embeddable":true,"href":"https:\/\/www.delicias-uk.com\/pt-pt\/wp-json\/wp\/v2\/pwb-brand?post=219379"},{"taxonomy":"product_brand","embeddable":true,"href":"https:\/\/www.delicias-uk.com\/pt-pt\/wp-json\/wp\/v2\/product_brand?post=219379"},{"taxonomy":"product_cat","embeddable":true,"href":"https:\/\/www.delicias-uk.com\/pt-pt\/wp-json\/wp\/v2\/product_cat?post=219379"},{"taxonomy":"product_tag","embeddable":true,"href":"https:\/\/www.delicias-uk.com\/pt-pt\/wp-json\/wp\/v2\/product_tag?post=219379"}],"curies":[{"name":"wp","href":"https:\/\/api.w.org\/{rel}","templated":true}]}}