{"id":219377,"date":"2025-02-10T13:57:32","date_gmt":"2025-02-10T13:57:32","guid":{"rendered":"https:\/\/www.delicias-uk.com\/?post_type=product&#038;p=219377"},"modified":"2025-02-10T14:00:03","modified_gmt":"2025-02-10T14:00:03","slug":"presunto-alto-rendimento-sem-osso-prisca-4kg","status":"publish","type":"product","link":"https:\/\/www.delicias-uk.com\/pt-pt\/produto\/presunto-alto-rendimento-sem-osso-prisca-4kg\/","title":{"rendered":"Presunto Alto Rendimento sem Osso Prisca 4Kg"},"content":{"rendered":"<p>Os Presuntos da Casa da Prisca resultam de uma alquimia de saberes e de sabores e s\u00e3o uma heran\u00e7a familiar transmitida ao longo de v\u00e1rias gera\u00e7\u00f5es. O seu genu\u00edno sabor e fruto de uma selec\u00e7\u00e3o cuidada das mat\u00e9rias-primas e do controlo paciente dos processos de salga e de cura.<\/p>\n<p>Ao apresentarem um baixo teor de sal s\u00e3o um excelente aperitivo de requinte para a sua mesa. A utiliza\u00e7\u00e3o desta maravilha de sabor \u00e9 t\u00e3o infinita quanto a imagina\u00e7\u00e3o e o bom gosto de quem opta por incluir estes tesouros da gastronomia portuguesa nas suas viagens culin\u00e1rias. Alto rendimento e sem osso.<\/p>\n<p><strong>Pa\u00eds de origem<\/strong>: Portugal<\/p>\n","protected":false},"excerpt":{"rendered":"<ul style=\"list-style-type: disc;\">\n<li>Peso l\u00edquido 4Kg<\/li>\n<li>Fonte de prote\u00edna<\/li>\n<li>Fatiado \u00e0 m\u00e3o<\/li>\n<\/ul>\n","protected":false},"author":43538,"featured_media":219371,"comment_status":"open","ping_status":"closed","template":"","meta":[],"pwb-brand":[],"product_brand":[],"product_cat":[8289,8291,8337,8665],"product_tag":[],"class_list":{"0":"post-219377","1":"product","2":"type-product","3":"status-publish","4":"has-post-thumbnail","6":"product_cat-inicio","7":"product_cat-produtos-portugueses","8":"product_cat-charcutaria","9":"product_cat-presunto-curado","11":"first","12":"instock","13":"taxable","14":"shipping-taxable","15":"purchasable","16":"product-type-simple"},"aioseo_notices":[],"brands":[],"_links":{"self":[{"href":"https:\/\/www.delicias-uk.com\/pt-pt\/wp-json\/wp\/v2\/product\/219377","targetHints":{"allow":["GET"]}}],"collection":[{"href":"https:\/\/www.delicias-uk.com\/pt-pt\/wp-json\/wp\/v2\/product"}],"about":[{"href":"https:\/\/www.delicias-uk.com\/pt-pt\/wp-json\/wp\/v2\/types\/product"}],"author":[{"embeddable":true,"href":"https:\/\/www.delicias-uk.com\/pt-pt\/wp-json\/wp\/v2\/users\/43538"}],"replies":[{"embeddable":true,"href":"https:\/\/www.delicias-uk.com\/pt-pt\/wp-json\/wp\/v2\/comments?post=219377"}],"wp:featuredmedia":[{"embeddable":true,"href":"https:\/\/www.delicias-uk.com\/pt-pt\/wp-json\/wp\/v2\/media\/219371"}],"wp:attachment":[{"href":"https:\/\/www.delicias-uk.com\/pt-pt\/wp-json\/wp\/v2\/media?parent=219377"}],"wp:term":[{"taxonomy":"pwb-brand","embeddable":true,"href":"https:\/\/www.delicias-uk.com\/pt-pt\/wp-json\/wp\/v2\/pwb-brand?post=219377"},{"taxonomy":"product_brand","embeddable":true,"href":"https:\/\/www.delicias-uk.com\/pt-pt\/wp-json\/wp\/v2\/product_brand?post=219377"},{"taxonomy":"product_cat","embeddable":true,"href":"https:\/\/www.delicias-uk.com\/pt-pt\/wp-json\/wp\/v2\/product_cat?post=219377"},{"taxonomy":"product_tag","embeddable":true,"href":"https:\/\/www.delicias-uk.com\/pt-pt\/wp-json\/wp\/v2\/product_tag?post=219377"}],"curies":[{"name":"wp","href":"https:\/\/api.w.org\/{rel}","templated":true}]}}