{"id":219353,"date":"2025-02-10T12:29:11","date_gmt":"2025-02-10T12:29:11","guid":{"rendered":"https:\/\/www.delicias-uk.com\/?post_type=product&#038;p=219353"},"modified":"2025-02-10T12:40:57","modified_gmt":"2025-02-10T12:40:57","slug":"presunto-cebo-iberico-50-pena-200g","status":"publish","type":"product","link":"https:\/\/www.delicias-uk.com\/pt-pt\/produto\/presunto-cebo-iberico-50-pena-200g\/","title":{"rendered":"Presunto Cebo Iberico 50% Pena 200g"},"content":{"rendered":"<p>O <strong>Jam\u00f3n de Cebo<\/strong> \u00e9 sempre uma excelente escolha.<\/p>\n<p>Os porcos ib\u00e9ricos s\u00e3o cuidadosamente engordados sob rigorosa supervis\u00e3o, seguindo uma dieta baseada principalmente em cereais e leguminosas. Isso garante que alcancem a maturidade com o peso ideal e a for\u00e7a muscular necess\u00e1ria para suportar v\u00e1rios meses alimentando-se exclusivamente do que a natureza oferece. Quando atingem a condi\u00e7\u00e3o perfeita, s\u00e3o soltos para percorrer livremente vastas pastagens, onde se alimentam dos frutos silvestres dispon\u00edveis no campo. Posteriormente, sua dieta \u00e9 complementada com cereais, e o presunto passa por um <strong>processo de cura natural de 24 meses<\/strong>.<\/p>\n<p>Mais do que um simples produto gourmet, o <strong>Jam\u00f3n<\/strong> \u00e9 uma parte essencial da cultura espanhola\u2014uma experi\u00eancia repleta de sabor e tradi\u00e7\u00e3o. Tratamos cada pe\u00e7a com o m\u00e1ximo de dedica\u00e7\u00e3o e cuidado para oferecer a verdadeira ess\u00eancia da Pen\u00ednsula Ib\u00e9rica. Por isso, al\u00e9m de disponibilizar um produto excepcional, tamb\u00e9m oferecemos a op\u00e7\u00e3o de receber o seu <strong>Jam\u00f3n Ib\u00e9rico de Cebo<\/strong> fatiado \u00e0 m\u00e3o por um dos nossos mestres cortadores de presunto.<\/p>\n<p><strong>Pa\u00eds de origem:<\/strong> Espanha.<\/p>\n","protected":false},"excerpt":{"rendered":"<ul style=\"list-style-type: disc;\">\n<li>Peso l\u00edquido 200g<\/li>\n<li>Sem gl\u00faten<\/li>\n<li>Fonte de prote\u00edna<\/li>\n<\/ul>\n","protected":false},"author":43538,"featured_media":219355,"comment_status":"open","ping_status":"closed","template":"","meta":[],"pwb-brand":[],"product_brand":[],"product_cat":[9334,8289,8295,8343],"product_tag":[],"class_list":{"0":"post-219353","1":"product","2":"type-product","3":"status-publish","4":"has-post-thumbnail","6":"product_cat-presunto-curado-pt-pt","7":"product_cat-inicio","8":"product_cat-produtos-espanhois","9":"product_cat-charcutaria-pt-pt","11":"first","12":"outofstock","13":"taxable","14":"shipping-taxable","15":"purchasable","16":"product-type-simple"},"aioseo_notices":[],"brands":[],"_links":{"self":[{"href":"https:\/\/www.delicias-uk.com\/pt-pt\/wp-json\/wp\/v2\/product\/219353","targetHints":{"allow":["GET"]}}],"collection":[{"href":"https:\/\/www.delicias-uk.com\/pt-pt\/wp-json\/wp\/v2\/product"}],"about":[{"href":"https:\/\/www.delicias-uk.com\/pt-pt\/wp-json\/wp\/v2\/types\/product"}],"author":[{"embeddable":true,"href":"https:\/\/www.delicias-uk.com\/pt-pt\/wp-json\/wp\/v2\/users\/43538"}],"replies":[{"embeddable":true,"href":"https:\/\/www.delicias-uk.com\/pt-pt\/wp-json\/wp\/v2\/comments?post=219353"}],"wp:featuredmedia":[{"embeddable":true,"href":"https:\/\/www.delicias-uk.com\/pt-pt\/wp-json\/wp\/v2\/media\/219355"}],"wp:attachment":[{"href":"https:\/\/www.delicias-uk.com\/pt-pt\/wp-json\/wp\/v2\/media?parent=219353"}],"wp:term":[{"taxonomy":"pwb-brand","embeddable":true,"href":"https:\/\/www.delicias-uk.com\/pt-pt\/wp-json\/wp\/v2\/pwb-brand?post=219353"},{"taxonomy":"product_brand","embeddable":true,"href":"https:\/\/www.delicias-uk.com\/pt-pt\/wp-json\/wp\/v2\/product_brand?post=219353"},{"taxonomy":"product_cat","embeddable":true,"href":"https:\/\/www.delicias-uk.com\/pt-pt\/wp-json\/wp\/v2\/product_cat?post=219353"},{"taxonomy":"product_tag","embeddable":true,"href":"https:\/\/www.delicias-uk.com\/pt-pt\/wp-json\/wp\/v2\/product_tag?post=219353"}],"curies":[{"name":"wp","href":"https:\/\/api.w.org\/{rel}","templated":true}]}}