{"id":219343,"date":"2025-02-10T12:16:58","date_gmt":"2025-02-10T12:16:58","guid":{"rendered":"https:\/\/www.delicias-uk.com\/?post_type=product&#038;p=219343"},"modified":"2025-06-16T03:06:43","modified_gmt":"2025-06-16T02:06:43","slug":"presunto-serrano-gran-reserva-fatiado-pena-500g","status":"publish","type":"product","link":"https:\/\/www.delicias-uk.com\/pt-pt\/produto\/presunto-serrano-gran-reserva-fatiado-pena-500g\/","title":{"rendered":"Presunto Serrano Gran Reserva Fatiado Pena 500g"},"content":{"rendered":"<p>Serrano Ham \u00e9 uma deliciosa op\u00e7\u00e3o para os amantes de fiambres espanh\u00f3is. Originando o animal de Jamon, este presunto est\u00e1 embalado para garantir a sua qualidade e sabor. Com o seu formato fatiado, o presunto \u00e9 perfeito para ser utilizado em sandu\u00edches, snacks e v\u00e1rias receitas. O seu sabor traz uma reviravolta especial aos preparativos, tornando-os ainda mais saborosos.<\/p>\n<p><strong>Ingredientes<\/strong>: presunto de porco, sal, a\u00e7\u00facar, conservantes (E250 e E252) e antioxidantes (E301)<\/p>\n<p><strong>Alerg\u00e9nios<\/strong>: nenhum.<\/p>\n<p><strong>Factos nutricionais por 100g:<\/strong><\/p>\n<ul style=\"list-style-type: disc;\">\n<li>Energia 766 Kj \/ 182 Kcal<\/li>\n<li>Gorduras 5,5g<\/li>\n<li>dos quais saturados 2,2g<\/li>\n<li>Hidratos de carbono &lt;1g<\/li>\n<li>dos quais os a\u00e7\u00facares &lt;1g<\/li>\n<li>Prote\u00ednas 30,6g<\/li>\n<li>Sal 5g<\/li>\n<\/ul>\n<p><strong>Pa\u00eds de origem<\/strong>: Espanha.<\/p>\n","protected":false},"excerpt":{"rendered":"<ul style=\"list-style-type: disc;\">\n<li>Peso l\u00edquido 500g<\/li>\n<li>Sem gl\u00faten<\/li>\n<li>Fonte de prote\u00edna<\/li>\n<\/ul>\n","protected":false},"author":43538,"featured_media":219349,"comment_status":"open","ping_status":"closed","template":"","meta":[],"pwb-brand":[],"product_brand":[],"product_cat":[9334,8289,8295,8343],"product_tag":[],"class_list":{"0":"post-219343","1":"product","2":"type-product","3":"status-publish","4":"has-post-thumbnail","6":"product_cat-presunto-curado-pt-pt","7":"product_cat-inicio","8":"product_cat-produtos-espanhois","9":"product_cat-charcutaria-pt-pt","11":"first","12":"instock","13":"taxable","14":"shipping-taxable","15":"purchasable","16":"product-type-simple"},"aioseo_notices":[],"brands":[],"_links":{"self":[{"href":"https:\/\/www.delicias-uk.com\/pt-pt\/wp-json\/wp\/v2\/product\/219343","targetHints":{"allow":["GET"]}}],"collection":[{"href":"https:\/\/www.delicias-uk.com\/pt-pt\/wp-json\/wp\/v2\/product"}],"about":[{"href":"https:\/\/www.delicias-uk.com\/pt-pt\/wp-json\/wp\/v2\/types\/product"}],"author":[{"embeddable":true,"href":"https:\/\/www.delicias-uk.com\/pt-pt\/wp-json\/wp\/v2\/users\/43538"}],"replies":[{"embeddable":true,"href":"https:\/\/www.delicias-uk.com\/pt-pt\/wp-json\/wp\/v2\/comments?post=219343"}],"wp:featuredmedia":[{"embeddable":true,"href":"https:\/\/www.delicias-uk.com\/pt-pt\/wp-json\/wp\/v2\/media\/219349"}],"wp:attachment":[{"href":"https:\/\/www.delicias-uk.com\/pt-pt\/wp-json\/wp\/v2\/media?parent=219343"}],"wp:term":[{"taxonomy":"pwb-brand","embeddable":true,"href":"https:\/\/www.delicias-uk.com\/pt-pt\/wp-json\/wp\/v2\/pwb-brand?post=219343"},{"taxonomy":"product_brand","embeddable":true,"href":"https:\/\/www.delicias-uk.com\/pt-pt\/wp-json\/wp\/v2\/product_brand?post=219343"},{"taxonomy":"product_cat","embeddable":true,"href":"https:\/\/www.delicias-uk.com\/pt-pt\/wp-json\/wp\/v2\/product_cat?post=219343"},{"taxonomy":"product_tag","embeddable":true,"href":"https:\/\/www.delicias-uk.com\/pt-pt\/wp-json\/wp\/v2\/product_tag?post=219343"}],"curies":[{"name":"wp","href":"https:\/\/api.w.org\/{rel}","templated":true}]}}