{"id":219336,"date":"2025-02-10T11:48:25","date_gmt":"2025-02-10T11:48:25","guid":{"rendered":"https:\/\/www.delicias-uk.com\/?post_type=product&#038;p=219336"},"modified":"2025-03-10T17:24:50","modified_gmt":"2025-03-10T17:24:50","slug":"presunto-porco-preto-dop-bolota-casa-do-porco-preto-8kg","status":"publish","type":"product","link":"https:\/\/www.delicias-uk.com\/pt-pt\/produto\/presunto-porco-preto-dop-bolota-casa-do-porco-preto-8kg\/","title":{"rendered":"Presunto Porco Preto DOP Bolota Casa do Porco Preto +\/-8Kg"},"content":{"rendered":"<p>Presunto Alentejano reconhecido com Denomina\u00e7\u00e3o de Origem Protegida (DOP), obtido a partir de Pernas de Porco Preto Alentejano Certificadas. Cada unidade \u00e9 um exemplo perfeito de Presunto de Porco Preto Alentejano, que passa por um processo de Cura Natural. Cada presunto apresenta gordura untuosa e um aspeto marmoreado com tons rubi e brilhantes. Este presunto tem um sabor ligeiramente salgado e ligeiramente \u00e1cido.<\/p>\n<p><strong>Ingredientes<\/strong>: Pernil de Porco Ra\u00e7a Alentejana (97%), sal, a\u00e7\u00facares, antioxidante ascorbato de s\u00f3dio (E-301) e conservantes: Nitrato de Pot\u00e1ssio e Nitrito de S\u00f3dio (E-252 e E-250).<\/p>\n<p><strong>Alerg\u00e9nios<\/strong>: nenhum<\/p>\n<p><strong>Informa\u00e7\u00e3o nutricional por 100g:<\/strong><\/p>\n<ul style=\"list-style-type: disc;\">\n<li>Energia 1529 kJ \u2013 343 kcal<\/li>\n<li>L\u00edpidos: 24g<\/li>\n<li>Dos quais saturados: 8,5 g<\/li>\n<li>Hidratos de carbono: 2,7 g<\/li>\n<li>Dos quais a\u00e7\u00facares: &lt;0,5 g<\/li>\n<li>Fibra: 1,0g<\/li>\n<li>Prote\u00ednas: 31g<\/li>\n<li>Sal: 4,23g<\/li>\n<\/ul>\n<p><strong>Pa\u00eds de origem<\/strong>: Portugal<\/p>\n","protected":false},"excerpt":{"rendered":"<ul style=\"list-style-type: disc;\">\n<li>Peso l\u00edquido 8Kg<\/li>\n<li>Alto teor de prote\u00edna<\/li>\n<li>Fatiado \u00e0 m\u00e3o<\/li>\n<\/ul>\n","protected":false},"author":43538,"featured_media":219338,"comment_status":"open","ping_status":"closed","template":"","meta":[],"pwb-brand":[],"product_brand":[],"product_cat":[8289,8291,8337,8665],"product_tag":[],"class_list":{"0":"post-219336","1":"product","2":"type-product","3":"status-publish","4":"has-post-thumbnail","6":"product_cat-inicio","7":"product_cat-produtos-portugueses","8":"product_cat-charcutaria","9":"product_cat-presunto-curado","11":"first","12":"instock","13":"taxable","14":"shipping-taxable","15":"purchasable","16":"product-type-simple"},"aioseo_notices":[],"brands":[],"_links":{"self":[{"href":"https:\/\/www.delicias-uk.com\/pt-pt\/wp-json\/wp\/v2\/product\/219336","targetHints":{"allow":["GET"]}}],"collection":[{"href":"https:\/\/www.delicias-uk.com\/pt-pt\/wp-json\/wp\/v2\/product"}],"about":[{"href":"https:\/\/www.delicias-uk.com\/pt-pt\/wp-json\/wp\/v2\/types\/product"}],"author":[{"embeddable":true,"href":"https:\/\/www.delicias-uk.com\/pt-pt\/wp-json\/wp\/v2\/users\/43538"}],"replies":[{"embeddable":true,"href":"https:\/\/www.delicias-uk.com\/pt-pt\/wp-json\/wp\/v2\/comments?post=219336"}],"wp:featuredmedia":[{"embeddable":true,"href":"https:\/\/www.delicias-uk.com\/pt-pt\/wp-json\/wp\/v2\/media\/219338"}],"wp:attachment":[{"href":"https:\/\/www.delicias-uk.com\/pt-pt\/wp-json\/wp\/v2\/media?parent=219336"}],"wp:term":[{"taxonomy":"pwb-brand","embeddable":true,"href":"https:\/\/www.delicias-uk.com\/pt-pt\/wp-json\/wp\/v2\/pwb-brand?post=219336"},{"taxonomy":"product_brand","embeddable":true,"href":"https:\/\/www.delicias-uk.com\/pt-pt\/wp-json\/wp\/v2\/product_brand?post=219336"},{"taxonomy":"product_cat","embeddable":true,"href":"https:\/\/www.delicias-uk.com\/pt-pt\/wp-json\/wp\/v2\/product_cat?post=219336"},{"taxonomy":"product_tag","embeddable":true,"href":"https:\/\/www.delicias-uk.com\/pt-pt\/wp-json\/wp\/v2\/product_tag?post=219336"}],"curies":[{"name":"wp","href":"https:\/\/api.w.org\/{rel}","templated":true}]}}