{"id":219332,"date":"2025-02-10T11:30:35","date_gmt":"2025-02-10T11:30:35","guid":{"rendered":"https:\/\/www.delicias-uk.com\/?post_type=product&#038;p=219332"},"modified":"2025-02-10T11:41:47","modified_gmt":"2025-02-10T11:41:47","slug":"presunto-casa-do-porco-preto-moldeado-nacos-1kg","status":"publish","type":"product","link":"https:\/\/www.delicias-uk.com\/pt-pt\/produto\/presunto-casa-do-porco-preto-moldeado-nacos-1kg\/","title":{"rendered":"Presunto Casa do Porco Preto Moldeado Nacos 1Kg"},"content":{"rendered":"<p>Naco de Presunto para cortar em fatias finas e transl\u00facidas que permitem sentir o aroma intenso, a untuosidade de gordura e o sabor pouco salgado e ligeiramente acidulado.<\/p>\n<p><strong>Ingredientes<\/strong>:\u00a0Pernil de Porco Preto (97%), sal, a\u00e7\u00facares, antioxidante ascorbato de s\u00f3dio (E-301) e conservantes: Nitrato de pot\u00e1ssio e Nitrito de S\u00f3dio (E-252 e E-250).<\/p>\n<p><strong>Declara\u00e7\u00e3o Nutricional (Por\u00e7\u00e3o por 100 g)<\/strong><\/p>\n<ul>\n<li>Energia 1295 kJ \u2013 310 kcal<\/li>\n<li>L\u00edpidos: 23 g\n<ul>\n<li>Dos quais saturados: 9,9 g<\/li>\n<\/ul>\n<\/li>\n<li>Hidratos de carbono: 3,0 g\n<ul>\n<li>Dos quais a\u00e7\u00facares: &lt;0,5 g<\/li>\n<\/ul>\n<\/li>\n<li>Fibra: 1,0 g<\/li>\n<li>Prote\u00ednas: 35 g<\/li>\n<li>Sal: 5,45 g<\/li>\n<\/ul>\n<p><strong>Pa\u00eds de origem<\/strong>: Portugal<\/p>\n","protected":false},"excerpt":{"rendered":"<ul style=\"list-style-type: disc;\">\n<li>Peso l\u00edquido 1Kg<\/li>\n<li>Fonte de prote\u00edna<\/li>\n<li>Fatiado \u00e0 m\u00e3o<\/li>\n<\/ul>\n","protected":false},"author":43538,"featured_media":219333,"comment_status":"open","ping_status":"closed","template":"","meta":[],"pwb-brand":[],"product_brand":[],"product_cat":[9334,8289,8291,8337,8665],"product_tag":[],"class_list":{"0":"post-219332","1":"product","2":"type-product","3":"status-publish","4":"has-post-thumbnail","6":"product_cat-presunto-curado-pt-pt","7":"product_cat-inicio","8":"product_cat-produtos-portugueses","9":"product_cat-charcutaria","10":"product_cat-presunto-curado","12":"first","13":"instock","14":"taxable","15":"shipping-taxable","16":"purchasable","17":"product-type-simple"},"aioseo_notices":[],"brands":[],"_links":{"self":[{"href":"https:\/\/www.delicias-uk.com\/pt-pt\/wp-json\/wp\/v2\/product\/219332","targetHints":{"allow":["GET"]}}],"collection":[{"href":"https:\/\/www.delicias-uk.com\/pt-pt\/wp-json\/wp\/v2\/product"}],"about":[{"href":"https:\/\/www.delicias-uk.com\/pt-pt\/wp-json\/wp\/v2\/types\/product"}],"author":[{"embeddable":true,"href":"https:\/\/www.delicias-uk.com\/pt-pt\/wp-json\/wp\/v2\/users\/43538"}],"replies":[{"embeddable":true,"href":"https:\/\/www.delicias-uk.com\/pt-pt\/wp-json\/wp\/v2\/comments?post=219332"}],"wp:featuredmedia":[{"embeddable":true,"href":"https:\/\/www.delicias-uk.com\/pt-pt\/wp-json\/wp\/v2\/media\/219333"}],"wp:attachment":[{"href":"https:\/\/www.delicias-uk.com\/pt-pt\/wp-json\/wp\/v2\/media?parent=219332"}],"wp:term":[{"taxonomy":"pwb-brand","embeddable":true,"href":"https:\/\/www.delicias-uk.com\/pt-pt\/wp-json\/wp\/v2\/pwb-brand?post=219332"},{"taxonomy":"product_brand","embeddable":true,"href":"https:\/\/www.delicias-uk.com\/pt-pt\/wp-json\/wp\/v2\/product_brand?post=219332"},{"taxonomy":"product_cat","embeddable":true,"href":"https:\/\/www.delicias-uk.com\/pt-pt\/wp-json\/wp\/v2\/product_cat?post=219332"},{"taxonomy":"product_tag","embeddable":true,"href":"https:\/\/www.delicias-uk.com\/pt-pt\/wp-json\/wp\/v2\/product_tag?post=219332"}],"curies":[{"name":"wp","href":"https:\/\/api.w.org\/{rel}","templated":true}]}}