{"id":219307,"date":"2025-02-10T10:30:23","date_gmt":"2025-02-10T10:30:23","guid":{"rendered":"https:\/\/www.delicias-uk.com\/?post_type=product&#038;p=219307"},"modified":"2026-04-28T17:03:09","modified_gmt":"2026-04-28T16:03:09","slug":"chouricao-extra-porminho-fatiado-500g","status":"publish","type":"product","link":"https:\/\/www.delicias-uk.com\/pt-pt\/produto\/chouricao-extra-porminho-fatiado-500g\/","title":{"rendered":"Chouri\u00e7\u00e3o Extra Porminho Fatiado 500g"},"content":{"rendered":"<p>Chouri\u00e7\u00e3o fatiado para seus deliciosos sandu\u00edches e aperitivos.<\/p>\n<p><strong>Ingredientes<\/strong>: Carne de porco e gordura (origem UE), sal, p\u00e1prica e outras especiarias, regulador de acidez (E325), prote\u00edna de soja, dextrose, estabilizadores (E450, E452), aroma, antioxidante (E316) e conservante (E250).<\/p>\n<p><strong>Al\u00e9rgenos<\/strong>: cont\u00e9m <strong>SOJA<\/strong>.<\/p>\n<p><strong>Informa\u00e7\u00f5es nutricionais por 100g:<\/strong><\/p>\n<ul style=\"list-style-type: disc\">\n<li>Energia 941 kJ\/ 226 kcal<\/li>\n<li>Gordura 15 g<\/li>\n<li>dos quais Saturados 5,2 g<\/li>\n<li>Carboidratos 2,7 g<\/li>\n<li>dos quais A\u00e7\u00facares 0,6 g<\/li>\n<li>Prote\u00edna 20 g<\/li>\n<li>Sal 2,3 g<\/li>\n<\/ul>\n<p><strong>Pa\u00eds de origem<\/strong>: UE<\/p>\n","protected":false},"excerpt":{"rendered":"<ul style=\"list-style-type: disc\">\n<li>Peso l\u00edquido 500g<\/li>\n<li>Fatiado \u00e0 m\u00e3o<\/li>\n<li>Fonte de prote\u00edna<\/li>\n<\/ul>\n","protected":false},"author":43538,"featured_media":90515,"comment_status":"open","ping_status":"closed","template":"","meta":[],"pwb-brand":[9022],"product_brand":[],"product_cat":[8289,8291,8337,8663],"product_tag":[],"class_list":{"0":"post-219307","1":"product","2":"type-product","3":"status-publish","4":"has-post-thumbnail","6":"pwb-brand-porminho-pt-pt-2","7":"product_cat-inicio","8":"product_cat-produtos-portugueses","9":"product_cat-charcutaria","10":"product_cat-chourico-e-salsicha","12":"first","13":"instock","14":"taxable","15":"shipping-taxable","16":"purchasable","17":"product-type-simple"},"aioseo_notices":[],"brands":[{"id":9022,"name":"Porminho","slug":"porminho-pt-pt-2"}],"_links":{"self":[{"href":"https:\/\/www.delicias-uk.com\/pt-pt\/wp-json\/wp\/v2\/product\/219307","targetHints":{"allow":["GET"]}}],"collection":[{"href":"https:\/\/www.delicias-uk.com\/pt-pt\/wp-json\/wp\/v2\/product"}],"about":[{"href":"https:\/\/www.delicias-uk.com\/pt-pt\/wp-json\/wp\/v2\/types\/product"}],"author":[{"embeddable":true,"href":"https:\/\/www.delicias-uk.com\/pt-pt\/wp-json\/wp\/v2\/users\/43538"}],"replies":[{"embeddable":true,"href":"https:\/\/www.delicias-uk.com\/pt-pt\/wp-json\/wp\/v2\/comments?post=219307"}],"wp:featuredmedia":[{"embeddable":true,"href":"https:\/\/www.delicias-uk.com\/pt-pt\/wp-json\/wp\/v2\/media\/90515"}],"wp:attachment":[{"href":"https:\/\/www.delicias-uk.com\/pt-pt\/wp-json\/wp\/v2\/media?parent=219307"}],"wp:term":[{"taxonomy":"pwb-brand","embeddable":true,"href":"https:\/\/www.delicias-uk.com\/pt-pt\/wp-json\/wp\/v2\/pwb-brand?post=219307"},{"taxonomy":"product_brand","embeddable":true,"href":"https:\/\/www.delicias-uk.com\/pt-pt\/wp-json\/wp\/v2\/product_brand?post=219307"},{"taxonomy":"product_cat","embeddable":true,"href":"https:\/\/www.delicias-uk.com\/pt-pt\/wp-json\/wp\/v2\/product_cat?post=219307"},{"taxonomy":"product_tag","embeddable":true,"href":"https:\/\/www.delicias-uk.com\/pt-pt\/wp-json\/wp\/v2\/product_tag?post=219307"}],"curies":[{"name":"wp","href":"https:\/\/api.w.org\/{rel}","templated":true}]}}