{"id":219301,"date":"2025-02-10T10:18:25","date_gmt":"2025-02-10T10:18:25","guid":{"rendered":"https:\/\/www.delicias-uk.com\/?post_type=product&#038;p=219301"},"modified":"2025-03-10T17:29:21","modified_gmt":"2025-03-10T17:29:21","slug":"chourico-barbacoa-ortiz-1-4kg","status":"publish","type":"product","link":"https:\/\/www.delicias-uk.com\/pt-pt\/produto\/chourico-barbacoa-ortiz-1-4kg\/","title":{"rendered":"Chouri\u00e7o Barbacoa Ortiz +\/- 1.4Kg"},"content":{"rendered":"<p>O produto Embutidos Ortiz \u00e9 o seu Chorizo Barbacoa, que vem sendo produzido h\u00e1 mais de 25 anos. Ideal para festas e encontros com amigos. Chouri\u00e7o fresco curado por apenas tr\u00eas dias. Sem gl\u00faten ou corantes artificiais. Livre de al\u00e9rgenos e aditivos.<\/p>\n<p><strong>Ingredientes:<\/strong> Carne de porco, p\u00e1prica, sal, especiarias. Tripa natural de porco.<\/p>\n<p><strong>Pa\u00eds de origem:<\/strong> Espanha.<\/p>\n","protected":false},"excerpt":{"rendered":"<ul style=\"list-style-type: disc;\">\n<li>Peso l\u00edquido +\/- 1.4Kg<\/li>\n<li>Fonte de prote\u00edna<\/li>\n<li>Fatias finas<\/li>\n<\/ul>\n","protected":false},"author":43538,"featured_media":219306,"comment_status":"open","ping_status":"closed","template":"","meta":[],"pwb-brand":[],"product_brand":[],"product_cat":[8289,8295,8343,8499],"product_tag":[],"class_list":{"0":"post-219301","1":"product","2":"type-product","3":"status-publish","4":"has-post-thumbnail","6":"product_cat-inicio","7":"product_cat-produtos-espanhois","8":"product_cat-charcutaria-pt-pt","9":"product_cat-sem-glutem","11":"first","12":"outofstock","13":"featured","14":"taxable","15":"shipping-taxable","16":"purchasable","17":"product-type-simple"},"aioseo_notices":[],"brands":[],"_links":{"self":[{"href":"https:\/\/www.delicias-uk.com\/pt-pt\/wp-json\/wp\/v2\/product\/219301","targetHints":{"allow":["GET"]}}],"collection":[{"href":"https:\/\/www.delicias-uk.com\/pt-pt\/wp-json\/wp\/v2\/product"}],"about":[{"href":"https:\/\/www.delicias-uk.com\/pt-pt\/wp-json\/wp\/v2\/types\/product"}],"author":[{"embeddable":true,"href":"https:\/\/www.delicias-uk.com\/pt-pt\/wp-json\/wp\/v2\/users\/43538"}],"replies":[{"embeddable":true,"href":"https:\/\/www.delicias-uk.com\/pt-pt\/wp-json\/wp\/v2\/comments?post=219301"}],"wp:featuredmedia":[{"embeddable":true,"href":"https:\/\/www.delicias-uk.com\/pt-pt\/wp-json\/wp\/v2\/media\/219306"}],"wp:attachment":[{"href":"https:\/\/www.delicias-uk.com\/pt-pt\/wp-json\/wp\/v2\/media?parent=219301"}],"wp:term":[{"taxonomy":"pwb-brand","embeddable":true,"href":"https:\/\/www.delicias-uk.com\/pt-pt\/wp-json\/wp\/v2\/pwb-brand?post=219301"},{"taxonomy":"product_brand","embeddable":true,"href":"https:\/\/www.delicias-uk.com\/pt-pt\/wp-json\/wp\/v2\/product_brand?post=219301"},{"taxonomy":"product_cat","embeddable":true,"href":"https:\/\/www.delicias-uk.com\/pt-pt\/wp-json\/wp\/v2\/product_cat?post=219301"},{"taxonomy":"product_tag","embeddable":true,"href":"https:\/\/www.delicias-uk.com\/pt-pt\/wp-json\/wp\/v2\/product_tag?post=219301"}],"curies":[{"name":"wp","href":"https:\/\/api.w.org\/{rel}","templated":true}]}}