{"id":219292,"date":"2025-02-10T09:53:57","date_gmt":"2025-02-10T09:53:57","guid":{"rendered":"https:\/\/www.delicias-uk.com\/?post_type=product&#038;p=219292"},"modified":"2025-03-10T17:27:44","modified_gmt":"2025-03-10T17:27:44","slug":"cerveja-sagres-lata-330ml","status":"publish","type":"product","link":"https:\/\/www.delicias-uk.com\/pt-pt\/produto\/cerveja-sagres-lata-330ml\/","title":{"rendered":"Cerveja Sagres Lata 330ml"},"content":{"rendered":"<p>Cerveja Pilsner de corpo leve, com paladar limpo e seco e car\u00e1ter levemente amargo, complementado por notas arom\u00e1ticas sutis. A Sagres de sempre, produzida de acordo com m\u00e9todos tradicionais, com ingredientes de origem natural.<\/p>\n<p><strong>Ingredientes<\/strong>: \u00e1gua, malte, cereais n\u00e3o maltados e uma rigorosa sele\u00e7\u00e3o de l\u00fapulos.<\/p>\n<p><strong>Al\u00e9rgicos<\/strong>: pode conter\u00a0<strong>GL\u00daTEN<\/strong>.<\/p>\n<p><strong>Informa\u00e7\u00f5es nutricionais por 100ml<\/strong><\/p>\n<ul>\n<li>Energia 164 kJ \/ 39 kcal<\/li>\n<li>Gordura &lt; 0,1 g<\/li>\n<li>dos quais saturada &lt; 0,10 g<\/li>\n<li>Carboidratos 3,1 g<\/li>\n<li>dos quais a\u00e7\u00facares 0,2 g<\/li>\n<li>Prote\u00edna 0,2 g<\/li>\n<li>Sal 0,01 g<\/li>\n<\/ul>\n<p><strong>Pa\u00eds de origem<\/strong>: Portugal<\/p>\n","protected":false},"excerpt":{"rendered":"<ul style=\"list-style-type: disc;\">\n<li>Peso l\u00edquido: 330ml<\/li>\n<li>Pronto para beber<\/li>\n<li>Teor alcoolico: 5%<\/li>\n<\/ul>\n","protected":false},"author":43538,"featured_media":219294,"comment_status":"open","ping_status":"closed","template":"","meta":[],"pwb-brand":[],"product_brand":[],"product_cat":[8289,8291,8333],"product_tag":[],"class_list":{"0":"post-219292","1":"product","2":"type-product","3":"status-publish","4":"has-post-thumbnail","6":"product_cat-inicio","7":"product_cat-produtos-portugueses","8":"product_cat-cerveja","10":"first","11":"outofstock","12":"taxable","13":"shipping-taxable","14":"purchasable","15":"product-type-simple"},"aioseo_notices":[],"brands":[],"_links":{"self":[{"href":"https:\/\/www.delicias-uk.com\/pt-pt\/wp-json\/wp\/v2\/product\/219292","targetHints":{"allow":["GET"]}}],"collection":[{"href":"https:\/\/www.delicias-uk.com\/pt-pt\/wp-json\/wp\/v2\/product"}],"about":[{"href":"https:\/\/www.delicias-uk.com\/pt-pt\/wp-json\/wp\/v2\/types\/product"}],"author":[{"embeddable":true,"href":"https:\/\/www.delicias-uk.com\/pt-pt\/wp-json\/wp\/v2\/users\/43538"}],"replies":[{"embeddable":true,"href":"https:\/\/www.delicias-uk.com\/pt-pt\/wp-json\/wp\/v2\/comments?post=219292"}],"wp:featuredmedia":[{"embeddable":true,"href":"https:\/\/www.delicias-uk.com\/pt-pt\/wp-json\/wp\/v2\/media\/219294"}],"wp:attachment":[{"href":"https:\/\/www.delicias-uk.com\/pt-pt\/wp-json\/wp\/v2\/media?parent=219292"}],"wp:term":[{"taxonomy":"pwb-brand","embeddable":true,"href":"https:\/\/www.delicias-uk.com\/pt-pt\/wp-json\/wp\/v2\/pwb-brand?post=219292"},{"taxonomy":"product_brand","embeddable":true,"href":"https:\/\/www.delicias-uk.com\/pt-pt\/wp-json\/wp\/v2\/product_brand?post=219292"},{"taxonomy":"product_cat","embeddable":true,"href":"https:\/\/www.delicias-uk.com\/pt-pt\/wp-json\/wp\/v2\/product_cat?post=219292"},{"taxonomy":"product_tag","embeddable":true,"href":"https:\/\/www.delicias-uk.com\/pt-pt\/wp-json\/wp\/v2\/product_tag?post=219292"}],"curies":[{"name":"wp","href":"https:\/\/api.w.org\/{rel}","templated":true}]}}