{"id":219288,"date":"2025-02-10T09:48:22","date_gmt":"2025-02-10T09:48:22","guid":{"rendered":"https:\/\/www.delicias-uk.com\/?post_type=product&#038;p=219288"},"modified":"2025-02-10T09:53:30","modified_gmt":"2025-02-10T09:53:30","slug":"cerveja-coral-branca-mini-200ml-x-24","status":"publish","type":"product","link":"https:\/\/www.delicias-uk.com\/pt-pt\/produto\/cerveja-coral-branca-mini-200ml-x-24\/","title":{"rendered":"Cerveja Coral Branca Mini 200ml x 24"},"content":{"rendered":"<p>Uma cerveja do tipo \u2018lager\u2019, produzida a partir dos melhores maltes e l\u00fapulos de origem checa, fermentada e maturada em baixas temperaturas. As condi\u00e7\u00f5es espec\u00edficas e o rigoroso controle de fabrica\u00e7\u00e3o lhe conferem caracter\u00edsticas particulares\/distintas, como uma cor dourada p\u00e1lida, um sabor limpo, suave e arom\u00e1tico, um corpo leve e um aroma agrad\u00e1vel de flor de l\u00fapulo. Suas qualidades (leve, refrescante e agrad\u00e1vel) a tornam refrescantemente ideal, saciando sua sede, aprecie beber, sendo um \u00f3timo acompanhamento para todos os tipos de pratos, como peixes e frutos do mar, carnes, aves, massas, entre outros.<\/p>\n<p><strong>Ingredientes<\/strong>: \u00c1gua, maltes (de cevada), cereais n\u00e3o maltados (milho), l\u00fapulos.<\/p>\n<p><strong>Al\u00e9rgenos<\/strong>: cont\u00e9m\u00a0<strong>CEVADA<\/strong>.<\/p>\n<p><strong>Informa\u00e7\u00e3o<\/strong>\u00a0<strong>nutricional<\/strong>\u00a0<strong>por<\/strong>\u00a0<strong>100ml<\/strong>:<\/p>\n<ul>\n<li>Calorias: 44Cal<\/li>\n<li>Carboidratos: 0g<\/li>\n<li>&gt; a\u00e7\u00facares: 0g<\/li>\n<li>Gordura: 0g<\/li>\n<li>&gt; saturada: 0g<\/li>\n<li>Fibra: 0g<\/li>\n<li>Prote\u00edna: 0g<\/li>\n<li>Sal: 0g<\/li>\n<\/ul>\n<p><strong>Pa\u00eds<\/strong>\u00a0<strong>de origem<\/strong>: Portugal<\/p>\n","protected":false},"excerpt":{"rendered":"<ul style=\"list-style-type: disc;\">\n<li>Peso l\u00edquido: 200ml x 24<\/li>\n<li>Teor alcoolico: 5.1%<\/li>\n<li>Pronto para beber<\/li>\n<\/ul>\n","protected":false},"author":43538,"featured_media":219290,"comment_status":"open","ping_status":"closed","template":"","meta":[],"pwb-brand":[],"product_brand":[],"product_cat":[8289,8291,8333],"product_tag":[],"class_list":{"0":"post-219288","1":"product","2":"type-product","3":"status-publish","4":"has-post-thumbnail","6":"product_cat-inicio","7":"product_cat-produtos-portugueses","8":"product_cat-cerveja","10":"first","11":"instock","12":"taxable","13":"shipping-taxable","14":"purchasable","15":"product-type-simple"},"aioseo_notices":[],"brands":[],"_links":{"self":[{"href":"https:\/\/www.delicias-uk.com\/pt-pt\/wp-json\/wp\/v2\/product\/219288","targetHints":{"allow":["GET"]}}],"collection":[{"href":"https:\/\/www.delicias-uk.com\/pt-pt\/wp-json\/wp\/v2\/product"}],"about":[{"href":"https:\/\/www.delicias-uk.com\/pt-pt\/wp-json\/wp\/v2\/types\/product"}],"author":[{"embeddable":true,"href":"https:\/\/www.delicias-uk.com\/pt-pt\/wp-json\/wp\/v2\/users\/43538"}],"replies":[{"embeddable":true,"href":"https:\/\/www.delicias-uk.com\/pt-pt\/wp-json\/wp\/v2\/comments?post=219288"}],"wp:featuredmedia":[{"embeddable":true,"href":"https:\/\/www.delicias-uk.com\/pt-pt\/wp-json\/wp\/v2\/media\/219290"}],"wp:attachment":[{"href":"https:\/\/www.delicias-uk.com\/pt-pt\/wp-json\/wp\/v2\/media?parent=219288"}],"wp:term":[{"taxonomy":"pwb-brand","embeddable":true,"href":"https:\/\/www.delicias-uk.com\/pt-pt\/wp-json\/wp\/v2\/pwb-brand?post=219288"},{"taxonomy":"product_brand","embeddable":true,"href":"https:\/\/www.delicias-uk.com\/pt-pt\/wp-json\/wp\/v2\/product_brand?post=219288"},{"taxonomy":"product_cat","embeddable":true,"href":"https:\/\/www.delicias-uk.com\/pt-pt\/wp-json\/wp\/v2\/product_cat?post=219288"},{"taxonomy":"product_tag","embeddable":true,"href":"https:\/\/www.delicias-uk.com\/pt-pt\/wp-json\/wp\/v2\/product_tag?post=219288"}],"curies":[{"name":"wp","href":"https:\/\/api.w.org\/{rel}","templated":true}]}}