{"id":219198,"date":"2025-02-07T12:45:12","date_gmt":"2025-02-07T12:45:12","guid":{"rendered":"https:\/\/www.delicias-uk.com\/?post_type=product&#038;p=219198"},"modified":"2025-02-07T12:48:33","modified_gmt":"2025-02-07T12:48:33","slug":"cerveja-sagres-0-alcool-garrafa-330ml-x-24","status":"publish","type":"product","link":"https:\/\/www.delicias-uk.com\/pt-pt\/produto\/cerveja-sagres-0-alcool-garrafa-330ml-x-24\/","title":{"rendered":"Cerveja Sagres 0% \u00c1lcool Garrafa 330ml x 24"},"content":{"rendered":"<p>A combina\u00e7\u00e3o de maltes (60% malte e 40% trigo) e o processo de fabrica\u00e7\u00e3o reduzem o sabor do mosto normalmente presente em cervejas sem \u00e1lcool e o l\u00fapulo adicionado lhe d\u00e1 um amargor que equilibra a do\u00e7ura e as notas frutadas.<\/p>\n<p><strong>Ingredientes<\/strong>: \u00c1gua, malte, cereais n\u00e3o maltados e uma rigorosa sele\u00e7\u00e3o de l\u00fapulos.<\/p>\n<p><strong>Al\u00e9rgicos<\/strong>: cont\u00e9m\u00a0<strong>CEVADA.<\/strong><\/p>\n<p><strong>Informa\u00e7\u00f5es Nutricionais por 100ml:<\/strong><\/p>\n<ul>\n<li>Energia 105 kJ \/ 25 kcal<\/li>\n<li>Gordura &lt; 0,1 g<\/li>\n<li>dos quais saturada &lt; 0,1 g<\/li>\n<li>Carboidratos 5,9 g<\/li>\n<li>dos quais a\u00e7\u00facares 5,6 g<\/li>\n<li>Prote\u00edna 0,3 g<\/li>\n<li>Sal 0,00 g<\/li>\n<\/ul>\n<p><strong>Pa\u00eds de origem:<\/strong>\u00a0Portugal<\/p>\n","protected":false},"excerpt":{"rendered":"<ul style=\"list-style-type: disc;\">\n<li>Peso l\u00edquido: 330ml x 24<\/li>\n<li>Sem alcool<\/li>\n<li>Pronto para beber<\/li>\n<\/ul>\n","protected":false},"author":43538,"featured_media":82065,"comment_status":"open","ping_status":"closed","template":"","meta":[],"pwb-brand":[],"product_brand":[],"product_cat":[8333,8469],"product_tag":[],"class_list":{"0":"post-219198","1":"product","2":"type-product","3":"status-publish","4":"has-post-thumbnail","6":"product_cat-cerveja","7":"product_cat-sem-alcool","9":"first","10":"instock","11":"taxable","12":"shipping-taxable","13":"purchasable","14":"product-type-simple"},"aioseo_notices":[],"brands":[],"_links":{"self":[{"href":"https:\/\/www.delicias-uk.com\/pt-pt\/wp-json\/wp\/v2\/product\/219198","targetHints":{"allow":["GET"]}}],"collection":[{"href":"https:\/\/www.delicias-uk.com\/pt-pt\/wp-json\/wp\/v2\/product"}],"about":[{"href":"https:\/\/www.delicias-uk.com\/pt-pt\/wp-json\/wp\/v2\/types\/product"}],"author":[{"embeddable":true,"href":"https:\/\/www.delicias-uk.com\/pt-pt\/wp-json\/wp\/v2\/users\/43538"}],"replies":[{"embeddable":true,"href":"https:\/\/www.delicias-uk.com\/pt-pt\/wp-json\/wp\/v2\/comments?post=219198"}],"wp:featuredmedia":[{"embeddable":true,"href":"https:\/\/www.delicias-uk.com\/pt-pt\/wp-json\/wp\/v2\/media\/82065"}],"wp:attachment":[{"href":"https:\/\/www.delicias-uk.com\/pt-pt\/wp-json\/wp\/v2\/media?parent=219198"}],"wp:term":[{"taxonomy":"pwb-brand","embeddable":true,"href":"https:\/\/www.delicias-uk.com\/pt-pt\/wp-json\/wp\/v2\/pwb-brand?post=219198"},{"taxonomy":"product_brand","embeddable":true,"href":"https:\/\/www.delicias-uk.com\/pt-pt\/wp-json\/wp\/v2\/product_brand?post=219198"},{"taxonomy":"product_cat","embeddable":true,"href":"https:\/\/www.delicias-uk.com\/pt-pt\/wp-json\/wp\/v2\/product_cat?post=219198"},{"taxonomy":"product_tag","embeddable":true,"href":"https:\/\/www.delicias-uk.com\/pt-pt\/wp-json\/wp\/v2\/product_tag?post=219198"}],"curies":[{"name":"wp","href":"https:\/\/api.w.org\/{rel}","templated":true}]}}