{"id":219192,"date":"2025-02-07T12:24:14","date_gmt":"2025-02-07T12:24:14","guid":{"rendered":"https:\/\/www.delicias-uk.com\/?post_type=product&#038;p=219192"},"modified":"2025-09-20T17:00:18","modified_gmt":"2025-09-20T16:00:18","slug":"cerveja-sagres-original-mini-250ml-x-24","status":"publish","type":"product","link":"https:\/\/www.delicias-uk.com\/pt-pt\/produto\/cerveja-sagres-original-mini-250ml-x-24\/","title":{"rendered":"Cerveja Sagres Original Mini 250ml x 24"},"content":{"rendered":"<p>O \u201cmini\u201d dispensa explica\u00e7\u00f5es (nem copo!), bebe-se diretamente da garrafa, sem cerim\u00f3nias, n\u00e3o perde g\u00e1s e est\u00e1 sempre fresco. O Old Sagres produzido segundo m\u00e9todos tradicionais, com ingredientes de origem natural.<\/p>\n<p><strong>Ingredientes<\/strong>: \u00e1gua, malte, cereais n\u00e3o maltados e uma rigorosa sele\u00e7\u00e3o de l\u00fapulos.<\/p>\n<p><strong>Alerg\u00e9nios<\/strong>: pode conter\u00a0<strong>GL\u00daTEN<\/strong>.<\/p>\n<p><strong>Valor nutricional por 100ml<\/strong><\/p>\n<ul>\n<li>Energia 164 kJ \/ 39 kcal<\/li>\n<li>L\u00edquido &lt; 0,1 g<\/li>\n<li>dos quais saturados &lt; 0,10 g<\/li>\n<li>Carboidratos 3,1 g<\/li>\n<li>dos quais a\u00e7\u00facares 0,2 g<\/li>\n<li>Prote\u00edna 0,2 g<\/li>\n<li>Sal 0,01 g<\/li>\n<\/ul>\n<p><strong>Pa\u00eds de origem<\/strong>: Portugal<\/p>\n","protected":false},"excerpt":{"rendered":"<ul style=\"list-style-type: disc;\">\n<li>Peso l\u00edquido: 250ml<\/li>\n<li>Pronto para beber<\/li>\n<li>Teor alcoolico: 5%<\/li>\n<\/ul>\n","protected":false},"author":43538,"featured_media":219194,"comment_status":"open","ping_status":"closed","template":"","meta":[],"pwb-brand":[9060],"product_brand":[],"product_cat":[8289,8291,8333],"product_tag":[],"class_list":{"0":"post-219192","1":"product","2":"type-product","3":"status-publish","4":"has-post-thumbnail","6":"pwb-brand-sagres-pt-pt-2","7":"product_cat-inicio","8":"product_cat-produtos-portugueses","9":"product_cat-cerveja","11":"first","12":"instock","13":"taxable","14":"shipping-taxable","15":"purchasable","16":"product-type-simple"},"aioseo_notices":[],"brands":[{"id":9060,"name":"Sagres","slug":"sagres-pt-pt-2"}],"_links":{"self":[{"href":"https:\/\/www.delicias-uk.com\/pt-pt\/wp-json\/wp\/v2\/product\/219192","targetHints":{"allow":["GET"]}}],"collection":[{"href":"https:\/\/www.delicias-uk.com\/pt-pt\/wp-json\/wp\/v2\/product"}],"about":[{"href":"https:\/\/www.delicias-uk.com\/pt-pt\/wp-json\/wp\/v2\/types\/product"}],"author":[{"embeddable":true,"href":"https:\/\/www.delicias-uk.com\/pt-pt\/wp-json\/wp\/v2\/users\/43538"}],"replies":[{"embeddable":true,"href":"https:\/\/www.delicias-uk.com\/pt-pt\/wp-json\/wp\/v2\/comments?post=219192"}],"wp:featuredmedia":[{"embeddable":true,"href":"https:\/\/www.delicias-uk.com\/pt-pt\/wp-json\/wp\/v2\/media\/219194"}],"wp:attachment":[{"href":"https:\/\/www.delicias-uk.com\/pt-pt\/wp-json\/wp\/v2\/media?parent=219192"}],"wp:term":[{"taxonomy":"pwb-brand","embeddable":true,"href":"https:\/\/www.delicias-uk.com\/pt-pt\/wp-json\/wp\/v2\/pwb-brand?post=219192"},{"taxonomy":"product_brand","embeddable":true,"href":"https:\/\/www.delicias-uk.com\/pt-pt\/wp-json\/wp\/v2\/product_brand?post=219192"},{"taxonomy":"product_cat","embeddable":true,"href":"https:\/\/www.delicias-uk.com\/pt-pt\/wp-json\/wp\/v2\/product_cat?post=219192"},{"taxonomy":"product_tag","embeddable":true,"href":"https:\/\/www.delicias-uk.com\/pt-pt\/wp-json\/wp\/v2\/product_tag?post=219192"}],"curies":[{"name":"wp","href":"https:\/\/api.w.org\/{rel}","templated":true}]}}