{"id":218052,"date":"2025-01-17T15:57:34","date_gmt":"2025-01-17T15:57:34","guid":{"rendered":"https:\/\/www.delicias-uk.com\/product\/manteiga-nova-acores-c-sal-cov-250gr-3\/"},"modified":"2025-02-06T17:14:04","modified_gmt":"2025-02-06T17:14:04","slug":"manteiga-nova-acores-c-sal-cov-250gr-3","status":"publish","type":"product","link":"https:\/\/www.delicias-uk.com\/pt-pt\/produto\/manteiga-nova-acores-c-sal-cov-250gr-3\/","title":{"rendered":"Manteiga Nova A\u00e7ores 8g x 120"},"content":{"rendered":"<p style=\"margin-top:0pt;margin-bottom:0pt;margin-left:0in;text-align:left;\"><span style=\"font-size:12pt;font-family:Calibri;color:#000000;\">Manteiga que sabe verdadeiramente \u00e0 manteiga tradicional, de tom amarelo vivo, sabor intenso e textura rica. Assim \u00e9 a manteiga dos A\u00e7ores, fruto dos lactic\u00ednios das ilhas.\u00a0<\/span><\/p><\/p>\n","protected":false},"excerpt":{"rendered":"<p>Manteiga que sabe verdadeiramente \u00e0 manteiga tradicional, de tom amarelo vivo, sabor intenso e textura rica. Assim \u00e9 a manteiga dos A\u00e7ores, fruto dos lactic\u00ednios das ilhas.\u00a0<\/p>\n","protected":false},"author":43533,"featured_media":200736,"comment_status":"open","ping_status":"closed","template":"","meta":[],"pwb-brand":[],"product_brand":[],"product_cat":[8289,8291,8377,8457],"product_tag":[],"class_list":{"0":"post-218052","1":"product","2":"type-product","3":"status-publish","4":"has-post-thumbnail","6":"product_cat-inicio","7":"product_cat-produtos-portugueses","8":"product_cat-lacticinios","9":"product_cat-manteiga","11":"first","12":"outofstock","13":"taxable","14":"shipping-taxable","15":"purchasable","16":"product-type-simple"},"aioseo_notices":[],"brands":[],"_links":{"self":[{"href":"https:\/\/www.delicias-uk.com\/pt-pt\/wp-json\/wp\/v2\/product\/218052","targetHints":{"allow":["GET"]}}],"collection":[{"href":"https:\/\/www.delicias-uk.com\/pt-pt\/wp-json\/wp\/v2\/product"}],"about":[{"href":"https:\/\/www.delicias-uk.com\/pt-pt\/wp-json\/wp\/v2\/types\/product"}],"author":[{"embeddable":true,"href":"https:\/\/www.delicias-uk.com\/pt-pt\/wp-json\/wp\/v2\/users\/43533"}],"replies":[{"embeddable":true,"href":"https:\/\/www.delicias-uk.com\/pt-pt\/wp-json\/wp\/v2\/comments?post=218052"}],"wp:featuredmedia":[{"embeddable":true,"href":"https:\/\/www.delicias-uk.com\/pt-pt\/wp-json\/wp\/v2\/media\/200736"}],"wp:attachment":[{"href":"https:\/\/www.delicias-uk.com\/pt-pt\/wp-json\/wp\/v2\/media?parent=218052"}],"wp:term":[{"taxonomy":"pwb-brand","embeddable":true,"href":"https:\/\/www.delicias-uk.com\/pt-pt\/wp-json\/wp\/v2\/pwb-brand?post=218052"},{"taxonomy":"product_brand","embeddable":true,"href":"https:\/\/www.delicias-uk.com\/pt-pt\/wp-json\/wp\/v2\/product_brand?post=218052"},{"taxonomy":"product_cat","embeddable":true,"href":"https:\/\/www.delicias-uk.com\/pt-pt\/wp-json\/wp\/v2\/product_cat?post=218052"},{"taxonomy":"product_tag","embeddable":true,"href":"https:\/\/www.delicias-uk.com\/pt-pt\/wp-json\/wp\/v2\/product_tag?post=218052"}],"curies":[{"name":"wp","href":"https:\/\/api.w.org\/{rel}","templated":true}]}}