{"id":218050,"date":"2025-01-17T13:00:51","date_gmt":"2025-01-17T13:00:51","guid":{"rendered":"https:\/\/www.delicias-uk.com\/product\/pate-de-sardinha-picante-manna-65g\/"},"modified":"2026-03-23T13:59:38","modified_gmt":"2026-03-23T13:59:38","slug":"pate-de-sardinha-picante-manna-65g-2","status":"publish","type":"product","link":"https:\/\/www.delicias-uk.com\/pt-pt\/produto\/pate-de-sardinha-picante-manna-65g-2\/","title":{"rendered":"Pat\u00ea de Atum Picante Mann\u00e1 Lata 65g"},"content":{"rendered":"<p>Pat\u00e9 de Atum Picante Mann\u00e1, inconfund\u00edvel, cremoso e produzido sem adi\u00e7\u00e3o de corantes nem conservantes, \u00e9 perfeito para barrar. Esta vers\u00e3o Picante torna-o ainda mais viciante.<\/p>\n<p>Aquele momento especial no in\u00edcio da refei\u00e7\u00e3o ou o teu snack pr\u00e1tico e saboroso que n\u00e3o dispensas.<\/p>\n<p>\u2022 Sem adi\u00e7\u00e3o de corantes nem conservantes artificiais<\/p>\n<p>\u2022 Peixe Selvagem<\/p>\n<p>\u2022 Pr\u00e1tico e Saboroso<\/p>\n<p>\u2022 Pronto a usar.<\/p>\n<p>\u2022 Longa dura\u00e7\u00e3o, validade extensa.<\/p>\n<\/p>\n<p><strong>Ingredientes:<\/strong> Atum (Aprox. 45%), (Thunnus obesus ou Thunnus albacares ou Katsuwonus pelamis), \u00c1gua, Condimento \u00d3leo Vegetal (\u00d3leo de Girassol, Cebola, Pimento, Alho, Especiarias), Flocos de Batata [Batata, Emulsionantes (Mono e Diglic\u00e9ridos de \u00c1cidos Gordos), Especiarias], Concentrado de Tomate, Condimento de Mostarda (\u00c1gua, Vinagre de Vinho, Mostarda, A\u00e7\u00facar, Curcuma, Sal), Sal, Aroma Piri-Piri (Aprox. 0,04%) e Especiarias.<\/p>\n<p><strong>ALERG\u00c9NIOS:<\/strong> Cont\u00e9m Peixe e Mostarda.<\/p><\/p>\n","protected":false},"excerpt":{"rendered":"<ul>\n<li>Sem adi\u00e7\u00e3o de corantes nem conservantes artificiais<\/li>\n<li>Peixe Selvagem<\/li>\n<li>Pr\u00e1tico e Saboroso<\/li>\n<li>Pronto a usar.<\/li>\n<li>Longa dura\u00e7\u00e3o, validade extensa.<\/li>\n<\/ul>\n","protected":false},"author":43533,"featured_media":200731,"comment_status":"open","ping_status":"closed","template":"","meta":[],"pwb-brand":[],"product_brand":[],"product_cat":[9325,8289,8291,8411,8557],"product_tag":[],"class_list":{"0":"post-218050","1":"product","2":"type-product","3":"status-publish","4":"has-post-thumbnail","6":"product_cat-pickles-conservas","7":"product_cat-inicio","8":"product_cat-produtos-portugueses","9":"product_cat-conservas","10":"product_cat-pates-pt-pt","12":"first","13":"instock","14":"taxable","15":"shipping-taxable","16":"purchasable","17":"product-type-simple"},"aioseo_notices":[],"brands":[],"_links":{"self":[{"href":"https:\/\/www.delicias-uk.com\/pt-pt\/wp-json\/wp\/v2\/product\/218050","targetHints":{"allow":["GET"]}}],"collection":[{"href":"https:\/\/www.delicias-uk.com\/pt-pt\/wp-json\/wp\/v2\/product"}],"about":[{"href":"https:\/\/www.delicias-uk.com\/pt-pt\/wp-json\/wp\/v2\/types\/product"}],"author":[{"embeddable":true,"href":"https:\/\/www.delicias-uk.com\/pt-pt\/wp-json\/wp\/v2\/users\/43533"}],"replies":[{"embeddable":true,"href":"https:\/\/www.delicias-uk.com\/pt-pt\/wp-json\/wp\/v2\/comments?post=218050"}],"wp:featuredmedia":[{"embeddable":true,"href":"https:\/\/www.delicias-uk.com\/pt-pt\/wp-json\/wp\/v2\/media\/200731"}],"wp:attachment":[{"href":"https:\/\/www.delicias-uk.com\/pt-pt\/wp-json\/wp\/v2\/media?parent=218050"}],"wp:term":[{"taxonomy":"pwb-brand","embeddable":true,"href":"https:\/\/www.delicias-uk.com\/pt-pt\/wp-json\/wp\/v2\/pwb-brand?post=218050"},{"taxonomy":"product_brand","embeddable":true,"href":"https:\/\/www.delicias-uk.com\/pt-pt\/wp-json\/wp\/v2\/product_brand?post=218050"},{"taxonomy":"product_cat","embeddable":true,"href":"https:\/\/www.delicias-uk.com\/pt-pt\/wp-json\/wp\/v2\/product_cat?post=218050"},{"taxonomy":"product_tag","embeddable":true,"href":"https:\/\/www.delicias-uk.com\/pt-pt\/wp-json\/wp\/v2\/product_tag?post=218050"}],"curies":[{"name":"wp","href":"https:\/\/api.w.org\/{rel}","templated":true}]}}