{"id":218038,"date":"2025-01-13T12:05:12","date_gmt":"2025-01-13T12:05:12","guid":{"rendered":"https:\/\/www.delicias-uk.com\/product\/cha-matte-leao-natural-sachets-40gr-x-25-x-1-7\/"},"modified":"2026-02-24T11:54:06","modified_gmt":"2026-02-24T11:54:06","slug":"cha-matte-leao-natural-sachets-40gr-x-25-x-1-7","status":"publish","type":"product","link":"https:\/\/www.delicias-uk.com\/pt-pt\/produto\/cha-matte-leao-natural-sachets-40gr-x-25-x-1-7\/","title":{"rendered":"Ch\u00e1 Le\u00e3o Relaxa Camomila e Maracuj\u00e1 Saqueta 16g x 10"},"content":{"rendered":"<p><strong>Relaxa<\/strong><\/p>\n<p>Camomila &amp; Maracuj\u00e1 (sach\u00ea)<\/p>\n<p>Cada ch\u00e1 tem um momento, qual \u00e9 o seu? Seja qual for a sua escolha, a Le\u00e3o tem sempre uma op\u00e7\u00e3o para voc\u00ea Ficar De Boa!!<\/p>\n<p><strong>Ingredientes<\/strong>: CAP\u00cdTULOS FLORAIS DE CAMOMILA (Matricaria recutita L), FOLHAS E RAMOS DE ERVA-CIDREIRA (Melissa officinalis L), FOLHAS DE CAPIM-CIDREIRA (Cymbopogon citratus Stapf), FOLHAS E RAMOS DE HORTEL\u00c3 (Mentha piperita L.) FRUTOS DE MA\u00c7\u00c3 (Pyrus malus L.) FOLHAS DE EST\u00c9VIA (Stevia rebaudiana Bert), POLPA DE MARACUJ\u00c1-AZEDO (Passifloraedulis F. FLAVICARPA DEGENER), FRUTOS DE BANANA-NANICA (Musa seninses L.) AROMATIZANTE<\/p>\n<\/p>\n<p><strong>Modo de Preparo:<\/strong><\/p>\n<p>1. Coloque 1 sach\u00ea de ch\u00e1 em 240ml de \u00e1gua quente<\/p>\n<p>2. Deixe em infus\u00e3o por 5 minutos<\/p>\n<p>3. J\u00e1 est\u00e1 pronto! Mas se quiser, pode ado\u00e7ar.<\/p><\/p>\n","protected":false},"excerpt":{"rendered":"<ul>\n<li>Ch\u00e1 Le\u00e3o Relaxe<\/li>\n<li>Camomila e Maracuj\u00e1<\/li>\n<li>Vers\u00e3o saquetas<\/li>\n<li>Embalagem 16g X 10<\/li>\n<\/ul>\n","protected":false},"author":43533,"featured_media":200700,"comment_status":"open","ping_status":"closed","template":"","meta":[],"pwb-brand":[],"product_brand":[],"product_cat":[8289,8293,8367,8501,8499,8347],"product_tag":[],"class_list":{"0":"post-218038","1":"product","2":"type-product","3":"status-publish","4":"has-post-thumbnail","6":"product_cat-inicio","7":"product_cat-produtos-brasileiros","8":"product_cat-cafe-cha-acucar-pt-pt","9":"product_cat-cha","10":"product_cat-sem-glutem","11":"product_cat-vegetariano","13":"first","14":"instock","15":"taxable","16":"shipping-taxable","17":"purchasable","18":"product-type-simple"},"aioseo_notices":[],"brands":[],"_links":{"self":[{"href":"https:\/\/www.delicias-uk.com\/pt-pt\/wp-json\/wp\/v2\/product\/218038","targetHints":{"allow":["GET"]}}],"collection":[{"href":"https:\/\/www.delicias-uk.com\/pt-pt\/wp-json\/wp\/v2\/product"}],"about":[{"href":"https:\/\/www.delicias-uk.com\/pt-pt\/wp-json\/wp\/v2\/types\/product"}],"author":[{"embeddable":true,"href":"https:\/\/www.delicias-uk.com\/pt-pt\/wp-json\/wp\/v2\/users\/43533"}],"replies":[{"embeddable":true,"href":"https:\/\/www.delicias-uk.com\/pt-pt\/wp-json\/wp\/v2\/comments?post=218038"}],"wp:featuredmedia":[{"embeddable":true,"href":"https:\/\/www.delicias-uk.com\/pt-pt\/wp-json\/wp\/v2\/media\/200700"}],"wp:attachment":[{"href":"https:\/\/www.delicias-uk.com\/pt-pt\/wp-json\/wp\/v2\/media?parent=218038"}],"wp:term":[{"taxonomy":"pwb-brand","embeddable":true,"href":"https:\/\/www.delicias-uk.com\/pt-pt\/wp-json\/wp\/v2\/pwb-brand?post=218038"},{"taxonomy":"product_brand","embeddable":true,"href":"https:\/\/www.delicias-uk.com\/pt-pt\/wp-json\/wp\/v2\/product_brand?post=218038"},{"taxonomy":"product_cat","embeddable":true,"href":"https:\/\/www.delicias-uk.com\/pt-pt\/wp-json\/wp\/v2\/product_cat?post=218038"},{"taxonomy":"product_tag","embeddable":true,"href":"https:\/\/www.delicias-uk.com\/pt-pt\/wp-json\/wp\/v2\/product_tag?post=218038"}],"curies":[{"name":"wp","href":"https:\/\/api.w.org\/{rel}","templated":true}]}}