{"id":218034,"date":"2025-01-13T11:18:38","date_gmt":"2025-01-13T11:18:38","guid":{"rendered":"https:\/\/www.delicias-uk.com\/product\/cha-matte-leao-natural-sachets-40gr-x-25-x-1-5\/"},"modified":"2026-02-24T11:52:37","modified_gmt":"2026-02-24T11:52:37","slug":"cha-matte-leao-natural-sachets-40gr-x-25-x-1-5","status":"publish","type":"product","link":"https:\/\/www.delicias-uk.com\/pt-pt\/produto\/cha-matte-leao-natural-sachets-40gr-x-25-x-1-5\/","title":{"rendered":"Ch\u00e1 Le\u00e3o Recarrega Mate &#038; Guaran\u00e1 Saqueta 16g x 10"},"content":{"rendered":"<p><strong>Recarrega<\/strong><\/p>\n<p>Ch\u00e1 Mate &amp; Guaran\u00e1 (sach\u00ea)<\/p>\n<p>Cada ch\u00e1 tem um momento, qual \u00e9 o seu?\u00a0 Seja qual for a sua escolha, a Le\u00e3o tem sempre uma op\u00e7\u00e3o para voc\u00ea Ficar De Boa!!<\/p>\n<\/p>\n<p><strong>Ingredientes:<\/strong> FOLHAS DE MATE TOSTADO (Ilex paraguariensis St. Hil.) SEMENTES DE GUARAN\u00c1 (Paullinia cupana L), AROMATIZANTES.<\/p>\n<\/p>\n<p><strong>Modo de Preparo:<\/strong><\/p>\n<p>1. Coloque 1 sach\u00ea de ch\u00e1 em 240ml de \u00e1gua quente<\/p>\n<p>2. Deixe em infus\u00e3o por 5 minutos<\/p>\n<p>3. J\u00e1 est\u00e1 pronto! Mas se quiser, pode ado\u00e7ar.<\/p>\n","protected":false},"excerpt":{"rendered":"<ul>\n<li>Ch\u00e1 Le\u00e3o Recarrega<\/li>\n<li>Mate &amp; Guaran\u00e1<\/li>\n<li>Vers\u00e3o saquetas<\/li>\n<li>Embalagem 16g x 10<\/li>\n<\/ul>\n","protected":false},"author":43533,"featured_media":200684,"comment_status":"open","ping_status":"closed","template":"","meta":[],"pwb-brand":[],"product_brand":[],"product_cat":[8289,8293,8367,8501,8499,8347],"product_tag":[],"class_list":{"0":"post-218034","1":"product","2":"type-product","3":"status-publish","4":"has-post-thumbnail","6":"product_cat-inicio","7":"product_cat-produtos-brasileiros","8":"product_cat-cafe-cha-acucar-pt-pt","9":"product_cat-cha","10":"product_cat-sem-glutem","11":"product_cat-vegetariano","13":"first","14":"instock","15":"taxable","16":"shipping-taxable","17":"purchasable","18":"product-type-simple"},"aioseo_notices":[],"brands":[],"_links":{"self":[{"href":"https:\/\/www.delicias-uk.com\/pt-pt\/wp-json\/wp\/v2\/product\/218034","targetHints":{"allow":["GET"]}}],"collection":[{"href":"https:\/\/www.delicias-uk.com\/pt-pt\/wp-json\/wp\/v2\/product"}],"about":[{"href":"https:\/\/www.delicias-uk.com\/pt-pt\/wp-json\/wp\/v2\/types\/product"}],"author":[{"embeddable":true,"href":"https:\/\/www.delicias-uk.com\/pt-pt\/wp-json\/wp\/v2\/users\/43533"}],"replies":[{"embeddable":true,"href":"https:\/\/www.delicias-uk.com\/pt-pt\/wp-json\/wp\/v2\/comments?post=218034"}],"wp:featuredmedia":[{"embeddable":true,"href":"https:\/\/www.delicias-uk.com\/pt-pt\/wp-json\/wp\/v2\/media\/200684"}],"wp:attachment":[{"href":"https:\/\/www.delicias-uk.com\/pt-pt\/wp-json\/wp\/v2\/media?parent=218034"}],"wp:term":[{"taxonomy":"pwb-brand","embeddable":true,"href":"https:\/\/www.delicias-uk.com\/pt-pt\/wp-json\/wp\/v2\/pwb-brand?post=218034"},{"taxonomy":"product_brand","embeddable":true,"href":"https:\/\/www.delicias-uk.com\/pt-pt\/wp-json\/wp\/v2\/product_brand?post=218034"},{"taxonomy":"product_cat","embeddable":true,"href":"https:\/\/www.delicias-uk.com\/pt-pt\/wp-json\/wp\/v2\/product_cat?post=218034"},{"taxonomy":"product_tag","embeddable":true,"href":"https:\/\/www.delicias-uk.com\/pt-pt\/wp-json\/wp\/v2\/product_tag?post=218034"}],"curies":[{"name":"wp","href":"https:\/\/api.w.org\/{rel}","templated":true}]}}