{"id":218010,"date":"2025-01-06T14:58:46","date_gmt":"2025-01-06T14:58:46","guid":{"rendered":"https:\/\/www.delicias-uk.com\/product\/bacon-fumado-extra-em-cubos-porminho-500g\/"},"modified":"2025-07-03T16:55:00","modified_gmt":"2025-07-03T15:55:00","slug":"bacon-fumado-extra-prisca-fatiado-200g","status":"publish","type":"product","link":"https:\/\/www.delicias-uk.com\/pt-pt\/produto\/bacon-fumado-extra-prisca-fatiado-200g\/","title":{"rendered":"Bacon Fumado Extra Prisca Fatiado 200g"},"content":{"rendered":"<p>Pronto e pr\u00e1tico! Perfeito para bares, caf\u00e9s, restaurantes, padarias e pizzarias. Ideal para rechear pizzas, tortas, p\u00e3es e v\u00e1rios salgadinhos.<\/p>\n","protected":false},"excerpt":{"rendered":"<ul style=\"list-style-type: disc;\">\n<li>Peso l\u00edquido 200g<\/li>\n<li>Bacon<\/li>\n<li>Para todos os usos culin\u00e1rios<\/li>\n<\/ul>\n","protected":false},"author":43533,"featured_media":228222,"comment_status":"open","ping_status":"closed","template":"","meta":[],"pwb-brand":[],"product_brand":[],"product_cat":[8289,8291,8337,8661,8499,8539],"product_tag":[],"class_list":{"0":"post-218010","1":"product","2":"type-product","3":"status-publish","4":"has-post-thumbnail","6":"product_cat-inicio","7":"product_cat-produtos-portugueses","8":"product_cat-charcutaria","9":"product_cat-bacon-pt-pt","10":"product_cat-sem-glutem","11":"product_cat-sem-lactose","13":"first","14":"instock","15":"taxable","16":"shipping-taxable","17":"purchasable","18":"product-type-simple"},"aioseo_notices":[],"brands":[],"_links":{"self":[{"href":"https:\/\/www.delicias-uk.com\/pt-pt\/wp-json\/wp\/v2\/product\/218010","targetHints":{"allow":["GET"]}}],"collection":[{"href":"https:\/\/www.delicias-uk.com\/pt-pt\/wp-json\/wp\/v2\/product"}],"about":[{"href":"https:\/\/www.delicias-uk.com\/pt-pt\/wp-json\/wp\/v2\/types\/product"}],"author":[{"embeddable":true,"href":"https:\/\/www.delicias-uk.com\/pt-pt\/wp-json\/wp\/v2\/users\/43533"}],"replies":[{"embeddable":true,"href":"https:\/\/www.delicias-uk.com\/pt-pt\/wp-json\/wp\/v2\/comments?post=218010"}],"wp:featuredmedia":[{"embeddable":true,"href":"https:\/\/www.delicias-uk.com\/pt-pt\/wp-json\/wp\/v2\/media\/228222"}],"wp:attachment":[{"href":"https:\/\/www.delicias-uk.com\/pt-pt\/wp-json\/wp\/v2\/media?parent=218010"}],"wp:term":[{"taxonomy":"pwb-brand","embeddable":true,"href":"https:\/\/www.delicias-uk.com\/pt-pt\/wp-json\/wp\/v2\/pwb-brand?post=218010"},{"taxonomy":"product_brand","embeddable":true,"href":"https:\/\/www.delicias-uk.com\/pt-pt\/wp-json\/wp\/v2\/product_brand?post=218010"},{"taxonomy":"product_cat","embeddable":true,"href":"https:\/\/www.delicias-uk.com\/pt-pt\/wp-json\/wp\/v2\/product_cat?post=218010"},{"taxonomy":"product_tag","embeddable":true,"href":"https:\/\/www.delicias-uk.com\/pt-pt\/wp-json\/wp\/v2\/product_tag?post=218010"}],"curies":[{"name":"wp","href":"https:\/\/api.w.org\/{rel}","templated":true}]}}