{"id":217996,"date":"2025-01-06T12:44:56","date_gmt":"2025-01-06T12:44:56","guid":{"rendered":"https:\/\/www.delicias-uk.com\/product\/queijo-de-ovelha-amanteigado-queijaria-sao-romao-500g\/"},"modified":"2026-01-27T13:05:28","modified_gmt":"2026-01-27T13:05:28","slug":"queijo-de-ovelha-amanteigado-queijaria-sao-romao-500g","status":"publish","type":"product","link":"https:\/\/www.delicias-uk.com\/pt-pt\/produto\/queijo-de-ovelha-amanteigado-queijaria-sao-romao-500g\/","title":{"rendered":"Queijo de Ovelha Curado Velho com Colorau Seia 500g"},"content":{"rendered":"<p>O Queijo de Ovelha Curado Velho com Colorau de Seia \u00e9 um produto t\u00edpico da regi\u00e3o de Seia, localizada na Serra da Estrela, em Portugal. Este queijo combina a tradi\u00e7\u00e3o da produ\u00e7\u00e3o de queijos curados de ovelha com o toque especial do colorau, um tempero que real\u00e7a tanto o sabor quanto a apar\u00eancia do produto.<\/p>\n<\/p>\n<p><strong>Caracter\u00edsticas do Queijo:<\/strong><\/p>\n<p>Origem: Regi\u00e3o de Seia, famosa pela produ\u00e7\u00e3o de queijos artesanais de alta qualidade.<\/p>\n<p>Leite: Produzido com leite de ovelha.<\/p>\n<p>Matura\u00e7\u00e3o: Envelhecido por per\u00edodos mais longos, o que resulta em um sabor intenso e aroma marcante.<\/p>\n<p>Colorau: Adicionado \u00e0 superf\u00edcie do queijo, conferindo-lhe uma colora\u00e7\u00e3o avermelhada e um leve toque condimentado.<\/p>\n<p>Textura: Firme e quebradi\u00e7a, caracter\u00edstica dos queijos curados envelhecidos.<\/p>\n<p>Sabor: Rico, forte e ligeiramente picante devido ao envelhecimento e ao colorau.<\/p>\n<\/p>\n<p><strong>Como Consumir:<\/strong><\/p>\n<p>Acompanhamentos: Vai bem com p\u00e3o r\u00fastico, tostas, mel ou geleias.<\/p>\n<p>Vinhos: Harmoniza perfeitamente com vinhos tintos encorpados ou at\u00e9 com um bom vinho do Porto.<\/p>\n<p>Utiliza\u00e7\u00e3o: Ideal como entrada, em t\u00e1buas de queijos ou mesmo como ingrediente em pratos tradicionais.<\/p>\n<\/p>\n<p><strong>Cultura e Tradi\u00e7\u00e3o:<\/strong><\/p>\n<p>Este queijo \u00e9 uma varia\u00e7\u00e3o dos queijos tradicionais da Serra da Estrela, adaptado ao gosto local com a adi\u00e7\u00e3o do colorau. Ele representa a rica heran\u00e7a gastron\u00f4mica portuguesa, combinando t\u00e9cnicas artesanais e ingredientes locais.<\/p>\n<\/p><\/p>\n","protected":false},"excerpt":{"rendered":"<ul style=\"list-style-type:disc;\">\n<li>Embalagem de 500g<\/li>\n<li>Queijo de ovelha Velho<\/li>\n<\/ul>\n","protected":false},"author":43533,"featured_media":200596,"comment_status":"open","ping_status":"closed","template":"","meta":[],"pwb-brand":[],"product_brand":[],"product_cat":[9322,9323,8753],"product_tag":[],"class_list":{"0":"post-217996","1":"product","2":"type-product","3":"status-publish","4":"has-post-thumbnail","6":"product_cat-salgados-de-natal","7":"product_cat-selecao-de-queijos","8":"product_cat-ovelha-pt-pt","10":"first","11":"instock","12":"taxable","13":"shipping-taxable","14":"purchasable","15":"product-type-simple"},"aioseo_notices":[],"brands":[],"_links":{"self":[{"href":"https:\/\/www.delicias-uk.com\/pt-pt\/wp-json\/wp\/v2\/product\/217996","targetHints":{"allow":["GET"]}}],"collection":[{"href":"https:\/\/www.delicias-uk.com\/pt-pt\/wp-json\/wp\/v2\/product"}],"about":[{"href":"https:\/\/www.delicias-uk.com\/pt-pt\/wp-json\/wp\/v2\/types\/product"}],"author":[{"embeddable":true,"href":"https:\/\/www.delicias-uk.com\/pt-pt\/wp-json\/wp\/v2\/users\/43533"}],"replies":[{"embeddable":true,"href":"https:\/\/www.delicias-uk.com\/pt-pt\/wp-json\/wp\/v2\/comments?post=217996"}],"wp:featuredmedia":[{"embeddable":true,"href":"https:\/\/www.delicias-uk.com\/pt-pt\/wp-json\/wp\/v2\/media\/200596"}],"wp:attachment":[{"href":"https:\/\/www.delicias-uk.com\/pt-pt\/wp-json\/wp\/v2\/media?parent=217996"}],"wp:term":[{"taxonomy":"pwb-brand","embeddable":true,"href":"https:\/\/www.delicias-uk.com\/pt-pt\/wp-json\/wp\/v2\/pwb-brand?post=217996"},{"taxonomy":"product_brand","embeddable":true,"href":"https:\/\/www.delicias-uk.com\/pt-pt\/wp-json\/wp\/v2\/product_brand?post=217996"},{"taxonomy":"product_cat","embeddable":true,"href":"https:\/\/www.delicias-uk.com\/pt-pt\/wp-json\/wp\/v2\/product_cat?post=217996"},{"taxonomy":"product_tag","embeddable":true,"href":"https:\/\/www.delicias-uk.com\/pt-pt\/wp-json\/wp\/v2\/product_tag?post=217996"}],"curies":[{"name":"wp","href":"https:\/\/api.w.org\/{rel}","templated":true}]}}