{"id":217994,"date":"2025-01-06T12:37:41","date_gmt":"2025-01-06T12:37:41","guid":{"rendered":"https:\/\/www.delicias-uk.com\/product\/3878-2846-3\/"},"modified":"2026-01-04T17:55:34","modified_gmt":"2026-01-04T17:55:34","slug":"3878-2846-3","status":"publish","type":"product","link":"https:\/\/www.delicias-uk.com\/pt-pt\/produto\/3878-2846-3\/","title":{"rendered":"P\u00e3o de Leite Flor do Vouga 60g x 3"},"content":{"rendered":"<p class=\"MsoNormal\">O p\u00e3o de leite \u00e9 um tipo de p\u00e3o macio, ligeiramente doce, ideal para lanches e caf\u00e9s da manh\u00e3. Sua textura \u00e9 fofa e leve, devido ao uso de leite na massa, que tamb\u00e9m contribui para um sabor suave e adocicado.<\/p>\n<p class=\"MsoNormal\">\n<p class=\"MsoNormal\">Caracter\u00edsticas do P\u00e3o de Leite:<\/p>\n<p class=\"MsoNormal\">Textura: Fofa, quase como um brioche, mas menos amanteigada.<\/p>\n<p class=\"MsoNormal\">Sabor: Suave e levemente doce.<\/p>\n<p class=\"MsoNormal\">Uso: Pode ser consumido simples, com manteiga, geleia, queijos ou mesmo recheado, sendo uma base vers\u00e1til para sandu\u00edches.<\/p>\n<p class=\"MsoNormal\">\n<p class=\"MsoNormal\"><\/p>\n","protected":false},"excerpt":{"rendered":"<ul>\n<li class=\"MsoNormal\">Textura: Fofa, quase como um brioche, mas menos amanteigada.<\/li>\n<li class=\"MsoNormal\">Sabor: Suave e levemente doce.<\/li>\n<li class=\"MsoNormal\">Uso: Pode ser consumido simples, com manteiga, geleia, queijos ou mesmo recheado, sendo uma base vers\u00e1til para sandu\u00edches.<\/li>\n<\/ul>\n","protected":false},"author":43533,"featured_media":200592,"comment_status":"open","ping_status":"closed","template":"","meta":[],"pwb-brand":[],"product_brand":[],"product_cat":[8289,8305,8313],"product_tag":[],"class_list":{"0":"post-217994","1":"product","2":"type-product","3":"status-publish","4":"has-post-thumbnail","6":"product_cat-inicio","7":"product_cat-produtos-congelados","8":"product_cat-pao-congelado","10":"first","11":"outofstock","12":"taxable","13":"shipping-taxable","14":"purchasable","15":"product-type-simple"},"aioseo_notices":[],"brands":[],"_links":{"self":[{"href":"https:\/\/www.delicias-uk.com\/pt-pt\/wp-json\/wp\/v2\/product\/217994","targetHints":{"allow":["GET"]}}],"collection":[{"href":"https:\/\/www.delicias-uk.com\/pt-pt\/wp-json\/wp\/v2\/product"}],"about":[{"href":"https:\/\/www.delicias-uk.com\/pt-pt\/wp-json\/wp\/v2\/types\/product"}],"author":[{"embeddable":true,"href":"https:\/\/www.delicias-uk.com\/pt-pt\/wp-json\/wp\/v2\/users\/43533"}],"replies":[{"embeddable":true,"href":"https:\/\/www.delicias-uk.com\/pt-pt\/wp-json\/wp\/v2\/comments?post=217994"}],"wp:featuredmedia":[{"embeddable":true,"href":"https:\/\/www.delicias-uk.com\/pt-pt\/wp-json\/wp\/v2\/media\/200592"}],"wp:attachment":[{"href":"https:\/\/www.delicias-uk.com\/pt-pt\/wp-json\/wp\/v2\/media?parent=217994"}],"wp:term":[{"taxonomy":"pwb-brand","embeddable":true,"href":"https:\/\/www.delicias-uk.com\/pt-pt\/wp-json\/wp\/v2\/pwb-brand?post=217994"},{"taxonomy":"product_brand","embeddable":true,"href":"https:\/\/www.delicias-uk.com\/pt-pt\/wp-json\/wp\/v2\/product_brand?post=217994"},{"taxonomy":"product_cat","embeddable":true,"href":"https:\/\/www.delicias-uk.com\/pt-pt\/wp-json\/wp\/v2\/product_cat?post=217994"},{"taxonomy":"product_tag","embeddable":true,"href":"https:\/\/www.delicias-uk.com\/pt-pt\/wp-json\/wp\/v2\/product_tag?post=217994"}],"curies":[{"name":"wp","href":"https:\/\/api.w.org\/{rel}","templated":true}]}}