{"id":217992,"date":"2025-01-06T12:34:39","date_gmt":"2025-01-06T12:34:39","guid":{"rendered":"https:\/\/www.delicias-uk.com\/product\/bacalhau-salg-desfiado-migas-paloco-lugrade-400gr\/"},"modified":"2026-04-09T11:59:36","modified_gmt":"2026-04-09T10:59:36","slug":"bacalhau-salgado-desfiado-paloco-brites-400g","status":"publish","type":"product","link":"https:\/\/www.delicias-uk.com\/pt-pt\/produto\/bacalhau-salgado-desfiado-paloco-brites-400g\/","title":{"rendered":"Bacalhau Salgado Desfiado Paloco Brites 400g (Ref: 41707815)"},"content":{"rendered":"<p data-start=\"160\" data-end=\"538\">O Bacalhau Salgado Desfiado Paloco Brites \u00e9 cuidadosamente selecionado e preparado para garantir sabor e qualidade. Obtido a partir de peixe Paloco, \u00e9 salgado segundo m\u00e9todos tradicionais e desfiado, estando pronto a utilizar ap\u00f3s demolha. Ideal para receitas pr\u00e1ticas como saladas, pataniscas, past\u00e9is, arroz de bacalhau e outros pratos tradicionais.<\/p>\n<p data-start=\"540\" data-end=\"680\"><strong data-start=\"540\" data-end=\"559\">Caracter\u00edsticas<\/strong><br data-start=\"559\" data-end=\"562\" \/>\u2022 Produto salgado e desfiado<br data-start=\"590\" data-end=\"593\" \/>\u2022 Pr\u00e1tico e vers\u00e1til<br data-start=\"613\" data-end=\"616\" \/>\u2022 Textura macia e sabor suave<br data-start=\"645\" data-end=\"648\" \/>\u2022 Ideal para diversas receitas<\/p>\n<p data-start=\"682\" data-end=\"707\"><strong data-start=\"682\" data-end=\"699\">Peso l\u00edquido:<\/strong> 400 g<\/p>\n<p style=\"margin: 0cm;\"><span lang=\"pt\" style=\"font-size: 11pt; font-family: Calibri, sans-serif;\" xml:lang=\"pt\">\u00a0<\/span><\/p>\n<p style=\"margin: 0cm;\">\n","protected":false},"excerpt":{"rendered":"<p style=\"margin: 0cm;\">\u2022 Produto salgado e desfiado<br data-start=\"590\" data-end=\"593\" \/>\u2022 Pr\u00e1tico e vers\u00e1til<br data-start=\"613\" data-end=\"616\" \/>\u2022 Textura macia e sabor suave<br data-start=\"645\" data-end=\"648\" \/>\u2022 Ideal para diversas receitas<\/p>\n<p style=\"margin-top: 0pt; margin-bottom: 0pt; margin-left: 0in; text-align: left;\">\n","protected":false},"author":43533,"featured_media":200589,"comment_status":"open","ping_status":"closed","template":"","meta":[],"pwb-brand":[],"product_brand":[],"product_cat":[9331,8289,8291,8387],"product_tag":[],"class_list":{"0":"post-217992","1":"product","2":"type-product","3":"status-publish","4":"has-post-thumbnail","6":"product_cat-desfiado","7":"product_cat-inicio","8":"product_cat-produtos-portugueses","9":"product_cat-bacalhau-seco","11":"first","12":"instock","13":"taxable","14":"shipping-taxable","15":"purchasable","16":"product-type-simple"},"aioseo_notices":[],"brands":[],"_links":{"self":[{"href":"https:\/\/www.delicias-uk.com\/pt-pt\/wp-json\/wp\/v2\/product\/217992","targetHints":{"allow":["GET"]}}],"collection":[{"href":"https:\/\/www.delicias-uk.com\/pt-pt\/wp-json\/wp\/v2\/product"}],"about":[{"href":"https:\/\/www.delicias-uk.com\/pt-pt\/wp-json\/wp\/v2\/types\/product"}],"author":[{"embeddable":true,"href":"https:\/\/www.delicias-uk.com\/pt-pt\/wp-json\/wp\/v2\/users\/43533"}],"replies":[{"embeddable":true,"href":"https:\/\/www.delicias-uk.com\/pt-pt\/wp-json\/wp\/v2\/comments?post=217992"}],"wp:featuredmedia":[{"embeddable":true,"href":"https:\/\/www.delicias-uk.com\/pt-pt\/wp-json\/wp\/v2\/media\/200589"}],"wp:attachment":[{"href":"https:\/\/www.delicias-uk.com\/pt-pt\/wp-json\/wp\/v2\/media?parent=217992"}],"wp:term":[{"taxonomy":"pwb-brand","embeddable":true,"href":"https:\/\/www.delicias-uk.com\/pt-pt\/wp-json\/wp\/v2\/pwb-brand?post=217992"},{"taxonomy":"product_brand","embeddable":true,"href":"https:\/\/www.delicias-uk.com\/pt-pt\/wp-json\/wp\/v2\/product_brand?post=217992"},{"taxonomy":"product_cat","embeddable":true,"href":"https:\/\/www.delicias-uk.com\/pt-pt\/wp-json\/wp\/v2\/product_cat?post=217992"},{"taxonomy":"product_tag","embeddable":true,"href":"https:\/\/www.delicias-uk.com\/pt-pt\/wp-json\/wp\/v2\/product_tag?post=217992"}],"curies":[{"name":"wp","href":"https:\/\/api.w.org\/{rel}","templated":true}]}}