{"id":217988,"date":"2024-12-16T18:46:21","date_gmt":"2024-12-16T18:46:21","guid":{"rendered":"https:\/\/www.delicias-uk.com\/product\/queijo-de-ovelha-curado-santiago-nisa-150g\/"},"modified":"2026-04-10T15:55:46","modified_gmt":"2026-04-10T14:55:46","slug":"queijo-de-ovelha-amateigado-paiva-500g","status":"publish","type":"product","link":"https:\/\/www.delicias-uk.com\/pt-pt\/produto\/queijo-de-ovelha-amateigado-paiva-500g\/","title":{"rendered":"Queijo de Ovelha Amateigado Paiva +\/-500g"},"content":{"rendered":"<p data-start=\"60\" data-end=\"526\">Descubra o sabor aut\u00eantico do <strong data-start=\"137\" data-end=\"175\">Queijo de Ovelha Amanteigado Paiva<\/strong>, elaborado com leite 100% de ovelha de alta qualidade. Com textura macia e cremosa, este queijo derrete na boca, revelando um sabor rico e levemente intenso, perfeito para acompanhar p\u00e3es, frutas ou vinhos portugueses. Ideal para t\u00e1bua de queijos ou receitas gourmet, cada peda\u00e7o proporciona a tradi\u00e7\u00e3o e o cuidado da produ\u00e7\u00e3o artesanal portuguesa.<\/p>\n<p data-start=\"528\" data-end=\"545\"><strong data-start=\"528\" data-end=\"537\">Peso:<\/strong> \u00b1500g<\/p>\n","protected":false},"excerpt":{"rendered":"<ul style=\"list-style-type: disc;\">\n<li>Peso l\u00edquido +\/-500g<\/li>\n<li>Queijo de ovelha produzido com leite cru<\/li>\n<li>Produto Portugu\u00eas<\/li>\n<\/ul>\n","protected":false},"author":43533,"featured_media":200579,"comment_status":"open","ping_status":"closed","template":"","meta":[],"pwb-brand":[],"product_brand":[],"product_cat":[9322,9323,8289,8291,8487,8753],"product_tag":[],"class_list":{"0":"post-217988","1":"product","2":"type-product","3":"status-publish","4":"has-post-thumbnail","6":"product_cat-salgados-de-natal","7":"product_cat-selecao-de-queijos","8":"product_cat-inicio","9":"product_cat-produtos-portugueses","10":"product_cat-queijos","11":"product_cat-ovelha-pt-pt","13":"first","14":"instock","15":"taxable","16":"shipping-taxable","17":"purchasable","18":"product-type-simple"},"aioseo_notices":[],"brands":[],"_links":{"self":[{"href":"https:\/\/www.delicias-uk.com\/pt-pt\/wp-json\/wp\/v2\/product\/217988","targetHints":{"allow":["GET"]}}],"collection":[{"href":"https:\/\/www.delicias-uk.com\/pt-pt\/wp-json\/wp\/v2\/product"}],"about":[{"href":"https:\/\/www.delicias-uk.com\/pt-pt\/wp-json\/wp\/v2\/types\/product"}],"author":[{"embeddable":true,"href":"https:\/\/www.delicias-uk.com\/pt-pt\/wp-json\/wp\/v2\/users\/43533"}],"replies":[{"embeddable":true,"href":"https:\/\/www.delicias-uk.com\/pt-pt\/wp-json\/wp\/v2\/comments?post=217988"}],"wp:featuredmedia":[{"embeddable":true,"href":"https:\/\/www.delicias-uk.com\/pt-pt\/wp-json\/wp\/v2\/media\/200579"}],"wp:attachment":[{"href":"https:\/\/www.delicias-uk.com\/pt-pt\/wp-json\/wp\/v2\/media?parent=217988"}],"wp:term":[{"taxonomy":"pwb-brand","embeddable":true,"href":"https:\/\/www.delicias-uk.com\/pt-pt\/wp-json\/wp\/v2\/pwb-brand?post=217988"},{"taxonomy":"product_brand","embeddable":true,"href":"https:\/\/www.delicias-uk.com\/pt-pt\/wp-json\/wp\/v2\/product_brand?post=217988"},{"taxonomy":"product_cat","embeddable":true,"href":"https:\/\/www.delicias-uk.com\/pt-pt\/wp-json\/wp\/v2\/product_cat?post=217988"},{"taxonomy":"product_tag","embeddable":true,"href":"https:\/\/www.delicias-uk.com\/pt-pt\/wp-json\/wp\/v2\/product_tag?post=217988"}],"curies":[{"name":"wp","href":"https:\/\/api.w.org\/{rel}","templated":true}]}}