{"id":217980,"date":"2024-12-16T17:28:09","date_gmt":"2024-12-16T17:28:09","guid":{"rendered":"https:\/\/www.delicias-uk.com\/product\/mistura-para-bolo-de-amendoa-branca-de-neve-450g\/"},"modified":"2025-02-06T17:15:46","modified_gmt":"2025-02-06T17:15:46","slug":"mistura-para-bolo-de-amendoa-branca-de-neve-450g","status":"publish","type":"product","link":"https:\/\/www.delicias-uk.com\/pt-pt\/produto\/mistura-para-bolo-de-amendoa-branca-de-neve-450g\/","title":{"rendered":"Mistura para Bolo de Amendoa Branca de Neve 450g"},"content":{"rendered":"<p>Um delicioso bolo com o sabor e a textura da am\u00eandoa acabada de ralar com o preparado Para Bolo de Am\u00eandoa Branca de Neve.<\/p>\n<p>R\u00e1pido e f\u00e1cil, o Preparado para Bolo de Am\u00eandoa Branca de Neve sai sempre bem!<\/p>\n<\/p>\n<p>Preparado em p\u00f3 para Bolo de Am\u00eandoa Branca de Neve<\/p>\n<p><strong>Ingredientes:<\/strong>\u00a0farinha de TRIGO, a\u00e7\u00facar, AM\u00caNDOA ralada (10%), emulsionantes (E420(i), E472b, E477), levedantes (difosfato diss\u00f3dico e bicarbonato de s\u00f3dio), xarope de glicose, farinha de SOJA, estabilizador (E450), sal e aroma.<\/p>\n<p><strong>Cont\u00e9m gl\u00faten, am\u00eandoa e soja.<\/strong>\u00a0<\/p>\n<p><strong>Pode conter vest\u00edgios de ovo e derivados de leite.<\/strong><\/p>\n<p>Embalagem: saqueta em estojo de cart\u00e3o.<\/p>\n<p>Peso l\u00edquido: 450g<\/p>\n<p>Conservar em local seco, fresco e ao abrigo da luz.<\/p>\n<\/p>\n<p><strong>Modo de prepara\u00e7\u00e3o:<\/strong><\/p>\n<p>Ingredientes: 1 saqueta de preparado, 4 ovos inteiros, 100g de margarina, 1 dl de leite. (Todos os ingredientes devem estar \u00e0 temperatura ambiente, utilize de prefer\u00eancia ovos tamanho M).<\/p>\n<p>1. Pr\u00e9-aque\u00e7a o forno a 180\u00baC e unte uma forma com 24cm de di\u00e2metro.<\/p>\n<p>2. Numa tigela, junte os ovos, a margarina e o leite ao conte\u00fado da saqueta de preparado. Misture com a batedeira \u00e0 velocidade m\u00ednima, at\u00e9 juntar todos os ingredientes. Bata seguidamente cerca de 5 minutos \u00e0 velocidade m\u00e1xima. Verta a massa na forma.<\/p>\n<p>3. Leve ao forno cerca de 35 minutos. Verifique se o bolo est\u00e1 cozido com a ajuda de um palito. Retire do forno, e desenforme ap\u00f3s alguns minutos.<\/p>\n","protected":false},"excerpt":{"rendered":"<ul>\n<li>Mistura para Bolo\u00a0<\/li>\n<li>Amendoa\u00a0<\/li>\n<li>450g<\/li>\n<\/ul>\n","protected":false},"author":43533,"featured_media":200562,"comment_status":"open","ping_status":"closed","template":"","meta":[],"pwb-brand":[],"product_brand":[],"product_cat":[8289,8291,8639],"product_tag":[],"class_list":{"0":"post-217980","1":"product","2":"type-product","3":"status-publish","4":"has-post-thumbnail","6":"product_cat-inicio","7":"product_cat-produtos-portugueses","8":"product_cat-mistura-para-bolos-pt-pt","10":"first","11":"instock","12":"taxable","13":"shipping-taxable","14":"purchasable","15":"product-type-simple"},"aioseo_notices":[],"brands":[],"_links":{"self":[{"href":"https:\/\/www.delicias-uk.com\/pt-pt\/wp-json\/wp\/v2\/product\/217980","targetHints":{"allow":["GET"]}}],"collection":[{"href":"https:\/\/www.delicias-uk.com\/pt-pt\/wp-json\/wp\/v2\/product"}],"about":[{"href":"https:\/\/www.delicias-uk.com\/pt-pt\/wp-json\/wp\/v2\/types\/product"}],"author":[{"embeddable":true,"href":"https:\/\/www.delicias-uk.com\/pt-pt\/wp-json\/wp\/v2\/users\/43533"}],"replies":[{"embeddable":true,"href":"https:\/\/www.delicias-uk.com\/pt-pt\/wp-json\/wp\/v2\/comments?post=217980"}],"wp:featuredmedia":[{"embeddable":true,"href":"https:\/\/www.delicias-uk.com\/pt-pt\/wp-json\/wp\/v2\/media\/200562"}],"wp:attachment":[{"href":"https:\/\/www.delicias-uk.com\/pt-pt\/wp-json\/wp\/v2\/media?parent=217980"}],"wp:term":[{"taxonomy":"pwb-brand","embeddable":true,"href":"https:\/\/www.delicias-uk.com\/pt-pt\/wp-json\/wp\/v2\/pwb-brand?post=217980"},{"taxonomy":"product_brand","embeddable":true,"href":"https:\/\/www.delicias-uk.com\/pt-pt\/wp-json\/wp\/v2\/product_brand?post=217980"},{"taxonomy":"product_cat","embeddable":true,"href":"https:\/\/www.delicias-uk.com\/pt-pt\/wp-json\/wp\/v2\/product_cat?post=217980"},{"taxonomy":"product_tag","embeddable":true,"href":"https:\/\/www.delicias-uk.com\/pt-pt\/wp-json\/wp\/v2\/product_tag?post=217980"}],"curies":[{"name":"wp","href":"https:\/\/api.w.org\/{rel}","templated":true}]}}