{"id":217976,"date":"2024-12-09T14:18:31","date_gmt":"2024-12-09T14:18:31","guid":{"rendered":"https:\/\/www.delicias-uk.com\/product\/porto-azul-portugal-tawny-75cl-3\/"},"modified":"2026-03-21T19:36:27","modified_gmt":"2026-03-21T19:36:27","slug":"porto-azul-portugal-tawny-75cl-3","status":"publish","type":"product","link":"https:\/\/www.delicias-uk.com\/pt-pt\/produto\/porto-azul-portugal-tawny-75cl-3\/","title":{"rendered":"Porto Ferreira Tawny 75cl"},"content":{"rendered":"<p>O Porto Ferreira tawny \u00e9 um vinho do Porto cl\u00e1ssico. Elegante e muito apelativo, com o sabor genu\u00edno dos melhores vinhos produzidos na regi\u00e3o do Douro. O cuidado e o conhecimento acumulados ao longo de mais de 250 anos de excel\u00eancia fazem da Ferreira a marca portuguesa mais antiga e celebrada no mundo.<\/p>\n<\/p>\n<p>O tawny Porto Ferreira tem uma bela cor vermelha com nuances douradas<\/p>\n<p>Aroma fresco e delicado a especiarias e frutos secos adquiridos durante o envelhecimento em madeira de carvalho<\/p>\n<p>Na boca \u00e9 um vinho elegante, que apresenta um bom equil\u00edbrio entre taninos maduros e do\u00e7ura.<\/p>\n<p>Final persistente e atraente<\/p>\n<p>Conservar a garrafa na posi\u00e7\u00e3o vertical, evitando luz direta e humidade excessiva, idealmente a uma temperatura constante entre 16\u00baC-18\u00baC.<\/p>\n<\/p>\n<p>O Porto Ferreira Tawny pode ser bebido de imediato e n\u00e3o necessita de envelhecimento nem decanta\u00e7\u00e3o. Serve entre 12\u00baC-16\u00baC. Consumir no prazo de 2 meses ap\u00f3s a abertura, per\u00edodo durante o qual mant\u00e9m notas frescas de degusta\u00e7\u00e3o.<\/p>\n<\/p>\n<p>A colheita das uvas \u00e9 feita manualmente segundo o m\u00e9todo tradicional do vinho do Porto. Ap\u00f3s suave esmagamento com destamagem parcial, segue-se a fermenta\u00e7\u00e3o alco\u00f3lica com macera\u00e7\u00e3o, que permite a maior extrac\u00e7\u00e3o poss\u00edvel dos constituintes das pel\u00edculas.<\/p>\n<\/p>\n<p>A fermenta\u00e7\u00e3o ocorre sob temperatura controlada. A adi\u00e7\u00e3o de aguardente v\u00ednica no momento perfeito pelo en\u00f3logo interrompe o processo. Devido em fun\u00e7\u00e3o das castas, grau de matura\u00e7\u00e3o e do\u00e7ura desejada. O equil\u00edbrio final entre o corpo e o aroma do vinho do Porto adv\u00e9m da combina\u00e7\u00e3o das diferentes caracter\u00edsticas das m\u00faltiplas castas utilizadas.<\/p>\n","protected":false},"excerpt":{"rendered":"<ul>\n<li>Vinho do Porto<\/li>\n<li>Regiao do Douro<\/li>\n<li>75cl<\/li>\n<\/ul>\n","protected":false},"author":43533,"featured_media":200554,"comment_status":"open","ping_status":"closed","template":"","meta":[],"pwb-brand":[],"product_brand":[],"product_cat":[9344,8289,8291,8431,8589],"product_tag":[],"class_list":{"0":"post-217976","1":"product","2":"type-product","3":"status-publish","4":"has-post-thumbnail","6":"product_cat-vinho-fortificado","7":"product_cat-inicio","8":"product_cat-produtos-portugueses","9":"product_cat-vinhos-pt-pt","10":"product_cat-porto","12":"first","13":"instock","14":"taxable","15":"shipping-taxable","16":"purchasable","17":"product-type-simple"},"aioseo_notices":[],"brands":[],"_links":{"self":[{"href":"https:\/\/www.delicias-uk.com\/pt-pt\/wp-json\/wp\/v2\/product\/217976","targetHints":{"allow":["GET"]}}],"collection":[{"href":"https:\/\/www.delicias-uk.com\/pt-pt\/wp-json\/wp\/v2\/product"}],"about":[{"href":"https:\/\/www.delicias-uk.com\/pt-pt\/wp-json\/wp\/v2\/types\/product"}],"author":[{"embeddable":true,"href":"https:\/\/www.delicias-uk.com\/pt-pt\/wp-json\/wp\/v2\/users\/43533"}],"replies":[{"embeddable":true,"href":"https:\/\/www.delicias-uk.com\/pt-pt\/wp-json\/wp\/v2\/comments?post=217976"}],"wp:featuredmedia":[{"embeddable":true,"href":"https:\/\/www.delicias-uk.com\/pt-pt\/wp-json\/wp\/v2\/media\/200554"}],"wp:attachment":[{"href":"https:\/\/www.delicias-uk.com\/pt-pt\/wp-json\/wp\/v2\/media?parent=217976"}],"wp:term":[{"taxonomy":"pwb-brand","embeddable":true,"href":"https:\/\/www.delicias-uk.com\/pt-pt\/wp-json\/wp\/v2\/pwb-brand?post=217976"},{"taxonomy":"product_brand","embeddable":true,"href":"https:\/\/www.delicias-uk.com\/pt-pt\/wp-json\/wp\/v2\/product_brand?post=217976"},{"taxonomy":"product_cat","embeddable":true,"href":"https:\/\/www.delicias-uk.com\/pt-pt\/wp-json\/wp\/v2\/product_cat?post=217976"},{"taxonomy":"product_tag","embeddable":true,"href":"https:\/\/www.delicias-uk.com\/pt-pt\/wp-json\/wp\/v2\/product_tag?post=217976"}],"curies":[{"name":"wp","href":"https:\/\/api.w.org\/{rel}","templated":true}]}}