{"id":217974,"date":"2024-12-09T14:01:56","date_gmt":"2024-12-09T14:01:56","guid":{"rendered":"https:\/\/www.delicias-uk.com\/product\/sparkling-red-terras-do-demo-brut-75cl-3\/"},"modified":"2025-02-06T17:20:04","modified_gmt":"2025-02-06T17:20:04","slug":"sparkling-red-terras-do-demo-brut-75cl-3","status":"publish","type":"product","link":"https:\/\/www.delicias-uk.com\/pt-pt\/produto\/sparkling-red-terras-do-demo-brut-75cl-3\/","title":{"rendered":"Espumante Rose Adega Mayor Touriga Nacional 75cl"},"content":{"rendered":"<p>Espumante de cor rosa velho com nariz complexo e sugestivo, cerejas e groselhas envoltas em nuances de tinta-da-china, folhagem seca e flores azuis. A boca \u00e9 seca, cheia, fresca, com notas salinas e bolha cremosa. Os espumantes brutos s\u00e3o bastante vers\u00e1teis \u00e0 mesa e podem combinar com diferentes op\u00e7\u00f5es gastron\u00f3micas, sendo que \u00e9 na celebra\u00e7\u00e3o que t\u00eam o seu maior prop\u00f3sito. A Adega Mayor sugere que acompanhe este espumante com as sobremesas t\u00edpicas ou com os queijos \u00e0 entrada.<\/p>\n<p>Produtor: Adega Mayor<\/p>\n<p>Regi\u00e3o: Alentejo<\/p>\n<p>Pa\u00eds: Portugal<\/p>\n<p>Estilo de Vinho: Espumante<\/p>\n<p>Uva:\u00a0 Touriga Nacional<\/p>\n<p>Frasco: 750ml<\/p>\n<p>Teor alco\u00f3lico: 12%<\/p><\/p>\n","protected":false},"excerpt":{"rendered":"<ul>\n<li>Produtor: Adega Mayor<\/li>\n<li>Regi\u00e3o: Alentejo<\/li>\n<li>Pa\u00eds: Portugal<\/li>\n<li>Estilo de Vinho: Espumante<\/li>\n<li>Uva:\u00a0 Touriga Nacional<\/li>\n<li>Frasco: 750ml<\/li>\n<li>Teor alco\u00f3lico: 12%<\/li>\n<\/ul>\n","protected":false},"author":43533,"featured_media":200550,"comment_status":"open","ping_status":"closed","template":"","meta":[],"pwb-brand":[],"product_brand":[],"product_cat":[8289,8291,8431,8563],"product_tag":[],"class_list":{"0":"post-217974","1":"product","2":"type-product","3":"status-publish","4":"has-post-thumbnail","6":"product_cat-inicio","7":"product_cat-produtos-portugueses","8":"product_cat-vinhos-pt-pt","9":"product_cat-espumantes","11":"first","12":"instock","13":"taxable","14":"shipping-taxable","15":"purchasable","16":"product-type-simple"},"aioseo_notices":[],"brands":[],"_links":{"self":[{"href":"https:\/\/www.delicias-uk.com\/pt-pt\/wp-json\/wp\/v2\/product\/217974","targetHints":{"allow":["GET"]}}],"collection":[{"href":"https:\/\/www.delicias-uk.com\/pt-pt\/wp-json\/wp\/v2\/product"}],"about":[{"href":"https:\/\/www.delicias-uk.com\/pt-pt\/wp-json\/wp\/v2\/types\/product"}],"author":[{"embeddable":true,"href":"https:\/\/www.delicias-uk.com\/pt-pt\/wp-json\/wp\/v2\/users\/43533"}],"replies":[{"embeddable":true,"href":"https:\/\/www.delicias-uk.com\/pt-pt\/wp-json\/wp\/v2\/comments?post=217974"}],"wp:featuredmedia":[{"embeddable":true,"href":"https:\/\/www.delicias-uk.com\/pt-pt\/wp-json\/wp\/v2\/media\/200550"}],"wp:attachment":[{"href":"https:\/\/www.delicias-uk.com\/pt-pt\/wp-json\/wp\/v2\/media?parent=217974"}],"wp:term":[{"taxonomy":"pwb-brand","embeddable":true,"href":"https:\/\/www.delicias-uk.com\/pt-pt\/wp-json\/wp\/v2\/pwb-brand?post=217974"},{"taxonomy":"product_brand","embeddable":true,"href":"https:\/\/www.delicias-uk.com\/pt-pt\/wp-json\/wp\/v2\/product_brand?post=217974"},{"taxonomy":"product_cat","embeddable":true,"href":"https:\/\/www.delicias-uk.com\/pt-pt\/wp-json\/wp\/v2\/product_cat?post=217974"},{"taxonomy":"product_tag","embeddable":true,"href":"https:\/\/www.delicias-uk.com\/pt-pt\/wp-json\/wp\/v2\/product_tag?post=217974"}],"curies":[{"name":"wp","href":"https:\/\/api.w.org\/{rel}","templated":true}]}}