{"id":217972,"date":"2024-12-09T13:00:47","date_gmt":"2024-12-09T13:00:47","guid":{"rendered":"https:\/\/www.delicias-uk.com\/product\/red-alent-am-reserva-2015-75cl-3\/"},"modified":"2026-02-23T14:01:45","modified_gmt":"2026-02-23T14:01:45","slug":"red-alent-am-reserva-2015-75cl-3","status":"publish","type":"product","link":"https:\/\/www.delicias-uk.com\/pt-pt\/produto\/red-alent-am-reserva-2015-75cl-3\/","title":{"rendered":"Adega Mayor Esquissos Tudo ao Molho 2021 75cl"},"content":{"rendered":"<p style=\"margin-top:0pt;margin-bottom:0pt;text-align:left;vertical-align:baseline;\">O Adega Mayor \u201cTudo ao Molho&#8221;, \u00e9 a express\u00e3o natural de uma vinha com cerca de 60 anos de idade, situada no extremo norte da regi\u00e3o do Alentejo e plantada sob um misto de variedades de videira. Um estilo de vinho do antigamente, interpretado pelas t\u00e9cnicas do presente. Vinho muito fresco, de cor vermelha aberta, cheio de aroma, com destaque na fruta vermelha.<\/p>\n<p style=\"margin-top:0pt;margin-bottom:0pt;text-align:left;vertical-align:baseline;\">Gift Pack com 1 Garrafa de Adega Mayor Esquissos Tudo ao Molho Tinto 2021 75 cl<\/p>\n<p style=\"margin-top:0pt;margin-bottom:0pt;text-align:left;vertical-align:baseline;\">Este vinho tem origem numa s\u00f3 parcela de vinha velha, composta por uma mistura de variedades de uvas brancas e tintas. A totalidade da parcela foi vindimada manualmente e de uma s\u00f3 vez, para caixas de 20Kg. Deu-se a sele\u00e7\u00e3o de cachos e bagos na adega, onde 50% dos cachos foram desenga\u00e7ados e ligeiramente esmagados e os restantes 50% entraram intactos para a fermenta\u00e7\u00e3o. O mosto em contato com as pel\u00edculas e grainhas, fermentou em cuba de inox a temperatura controlada (24\u00baC \/ 26\u00baC).<\/p>\n<p style=\"margin-top:0pt;margin-bottom:0pt;text-align:left;vertical-align:baseline;\">Produtor: Adega Mayor<\/p>\n<p style=\"margin-top:0pt;margin-bottom:0pt;text-align:left;vertical-align:baseline;\">Regi\u00e3o: Alentejo<\/p>\n<p style=\"margin-top:0pt;margin-bottom:0pt;text-align:left;vertical-align:baseline;\">Pa\u00eds: Portugal<\/p>\n<p style=\"margin-top:0pt;margin-bottom:0pt;text-align:left;vertical-align:baseline;\">Estilo de Vinho: Vinho Tinto<\/p>\n<p style=\"margin-top:0pt;margin-bottom:0pt;text-align:left;vertical-align:baseline;\">Uva:\u00a0 Vinhas Velhas (mistura de variedades brancas e tintas)<\/p>\n<p style=\"margin-top:0pt;margin-bottom:0pt;text-align:left;vertical-align:baseline;\">Frasco: 750ml<\/p>\n<p style=\"margin-top:0pt;margin-bottom:0pt;text-align:left;vertical-align:baseline;\">Teor alco\u00f3lico: 12.5%<\/p><\/p>\n","protected":false},"excerpt":{"rendered":"<p style=\"margin-top:0pt;margin-bottom:0pt;text-align:left;vertical-align:baseline;\">Produtor: Adega Mayor<\/p>\n<p style=\"margin-top:0pt;margin-bottom:0pt;text-align:left;vertical-align:baseline;\">Regi\u00e3o: Alentejo<\/p>\n<p style=\"margin-top:0pt;margin-bottom:0pt;text-align:left;vertical-align:baseline;\">Pa\u00eds: Portugal<\/p>\n<p style=\"margin-top:0pt;margin-bottom:0pt;text-align:left;vertical-align:baseline;\">Estilo de Vinho: Vinho Tinto<\/p>\n<p style=\"margin-top:0pt;margin-bottom:0pt;text-align:left;vertical-align:baseline;\">Uva:\u00a0 Vinhas Velhas (mistura de variedades brancas e tintas)<\/p>\n<p style=\"margin-top:0pt;margin-bottom:0pt;text-align:left;vertical-align:baseline;\">Frasco: 750ml<\/p>\n<p style=\"margin-top:0pt;margin-bottom:0pt;text-align:left;vertical-align:baseline;\">Teor alco\u00f3lico: 12.5%<\/p>\n","protected":false},"author":43533,"featured_media":200547,"comment_status":"open","ping_status":"closed","template":"","meta":[],"pwb-brand":[],"product_brand":[],"product_cat":[8289,8291,8431,8449,8685],"product_tag":[],"class_list":{"0":"post-217972","1":"product","2":"type-product","3":"status-publish","4":"has-post-thumbnail","6":"product_cat-inicio","7":"product_cat-produtos-portugueses","8":"product_cat-vinhos-pt-pt","9":"product_cat-vinho-tinto","10":"product_cat-alentejo-pt-pt","12":"first","13":"instock","14":"taxable","15":"shipping-taxable","16":"purchasable","17":"product-type-simple"},"aioseo_notices":[],"brands":[],"_links":{"self":[{"href":"https:\/\/www.delicias-uk.com\/pt-pt\/wp-json\/wp\/v2\/product\/217972","targetHints":{"allow":["GET"]}}],"collection":[{"href":"https:\/\/www.delicias-uk.com\/pt-pt\/wp-json\/wp\/v2\/product"}],"about":[{"href":"https:\/\/www.delicias-uk.com\/pt-pt\/wp-json\/wp\/v2\/types\/product"}],"author":[{"embeddable":true,"href":"https:\/\/www.delicias-uk.com\/pt-pt\/wp-json\/wp\/v2\/users\/43533"}],"replies":[{"embeddable":true,"href":"https:\/\/www.delicias-uk.com\/pt-pt\/wp-json\/wp\/v2\/comments?post=217972"}],"wp:featuredmedia":[{"embeddable":true,"href":"https:\/\/www.delicias-uk.com\/pt-pt\/wp-json\/wp\/v2\/media\/200547"}],"wp:attachment":[{"href":"https:\/\/www.delicias-uk.com\/pt-pt\/wp-json\/wp\/v2\/media?parent=217972"}],"wp:term":[{"taxonomy":"pwb-brand","embeddable":true,"href":"https:\/\/www.delicias-uk.com\/pt-pt\/wp-json\/wp\/v2\/pwb-brand?post=217972"},{"taxonomy":"product_brand","embeddable":true,"href":"https:\/\/www.delicias-uk.com\/pt-pt\/wp-json\/wp\/v2\/product_brand?post=217972"},{"taxonomy":"product_cat","embeddable":true,"href":"https:\/\/www.delicias-uk.com\/pt-pt\/wp-json\/wp\/v2\/product_cat?post=217972"},{"taxonomy":"product_tag","embeddable":true,"href":"https:\/\/www.delicias-uk.com\/pt-pt\/wp-json\/wp\/v2\/product_tag?post=217972"}],"curies":[{"name":"wp","href":"https:\/\/api.w.org\/{rel}","templated":true}]}}