{"id":217968,"date":"2024-12-09T12:27:00","date_gmt":"2024-12-09T12:27:00","guid":{"rendered":"https:\/\/www.delicias-uk.com\/product\/red-alent-am-sangiovese-75cl-3\/"},"modified":"2025-08-27T14:40:51","modified_gmt":"2025-08-27T13:40:51","slug":"adega-mayor-baga","status":"publish","type":"product","link":"https:\/\/www.delicias-uk.com\/pt-pt\/produto\/adega-mayor-baga\/","title":{"rendered":"Adega Mayor Baga 2020 75cl"},"content":{"rendered":"<p data-start=\"56\" data-end=\"78\"><strong data-start=\"56\" data-end=\"76\">Adega Mayor Baga<\/strong><\/p>\n<p data-start=\"80\" data-end=\"494\">Vinho de cor rubi aberta. No nariz \u00e9 fresco e complexo, sugerindo fruta vermelha desidratada, ervas silvestres e laranja, envoltos numa ligeira nota bals\u00e2mica. Na boca n\u00e3o \u00e9 pesado, mostra estrutura, taninos delicados e refinados, boa acidez, com a fruta mais uma vez a destacar-se e a conduzir a um final tentador, delicado e cheio de finura. Uma interpreta\u00e7\u00e3o alentejana da Baga que desperta todos os sentidos.<\/p>\n<p data-start=\"496\" data-end=\"820\"><strong data-start=\"496\" data-end=\"512\">Vinifica\u00e7\u00e3o:<\/strong> Ap\u00f3s a vindima manual e uma criteriosa sele\u00e7\u00e3o de cachos, as uvas desenga\u00e7adas fermentaram com controlo de temperatura em balseiros de carvalho franc\u00eas de 5000L. O vinho resultante estagiou depois mais 18 meses nos mesmos balseiros. Ap\u00f3s o engarrafamento, repousou em garrafa at\u00e9 ao momento do lan\u00e7amento.<\/p>\n<p data-start=\"822\" data-end=\"1039\"><strong data-start=\"822\" data-end=\"835\">Produtor:<\/strong> Adega Mayor<br data-start=\"847\" data-end=\"850\" \/><strong data-start=\"850\" data-end=\"861\">Regi\u00e3o:<\/strong> Alentejo, Portugal<br data-start=\"880\" data-end=\"883\" \/><strong data-start=\"883\" data-end=\"894\">Estilo:<\/strong> Vinho Tinto<br data-start=\"906\" data-end=\"909\" \/><strong data-start=\"909\" data-end=\"920\" data-is-only-node=\"\">Castas:<\/strong> Aragonez, Alicante Bouschet e Trincadeira<br data-start=\"962\" data-end=\"965\" \/><strong data-start=\"965\" data-end=\"976\">Volume:<\/strong> 75cl<br data-start=\"981\" data-end=\"984\" \/><strong data-start=\"984\" data-end=\"995\">\u00c1lcool:<\/strong> 13%<br data-start=\"999\" data-end=\"1002\" \/><strong data-start=\"1002\" data-end=\"1029\">Temperatura de Servi\u00e7o:<\/strong> 16\u201318\u00baC<\/p>\n<p data-start=\"1041\" data-end=\"1308\" data-is-last-node=\"\" data-is-only-node=\"\"><strong data-start=\"1041\" data-end=\"1057\">Gastronomia:<\/strong> Um tinto de tra\u00e7o alentejano, delicado e vers\u00e1til. Excelente para harmonizar com pratos italianos (pesto, tomate e manjeric\u00e3o, queijos fortes), cogumelos salteados (terrosos, de bosque), pratos braseados de aves e receitas com especiarias marcadas.<\/p>\n","protected":false},"excerpt":{"rendered":"<ul>\n<li><strong data-start=\"822\" data-end=\"835\">Produtor:<\/strong> Adega Mayor<\/li>\n<li><strong data-start=\"850\" data-end=\"861\">Regi\u00e3o:<\/strong> Alentejo, Portugal<\/li>\n<li><strong data-start=\"883\" data-end=\"894\">Estilo:<\/strong> Vinho Tinto<\/li>\n<li><strong data-start=\"909\" data-end=\"920\" data-is-only-node=\"\">Castas:<\/strong> Aragonez, Alicante Bouschet e Trincadeira<\/li>\n<li><strong data-start=\"965\" data-end=\"976\">Volume:<\/strong> 75cl<\/li>\n<li><strong data-start=\"984\" data-end=\"995\">\u00c1lcool:<\/strong> 13%<\/li>\n<li><strong data-start=\"1002\" data-end=\"1029\">Temperatura de Servi\u00e7o:<\/strong> 16\u201318\u00baC<\/li>\n<\/ul>\n","protected":false},"author":43533,"featured_media":234045,"comment_status":"open","ping_status":"closed","template":"","meta":[],"pwb-brand":[],"product_brand":[],"product_cat":[8289,8291,8431,8449,8685],"product_tag":[9239,9237,9238],"class_list":{"0":"post-217968","1":"product","2":"type-product","3":"status-publish","4":"has-post-thumbnail","6":"product_cat-inicio","7":"product_cat-produtos-portugueses","8":"product_cat-vinhos-pt-pt","9":"product_cat-vinho-tinto","10":"product_cat-alentejo-pt-pt","11":"product_tag-alentejo-pt-pt","12":"product_tag-red-wine-pt-pt","13":"product_tag-wine-pt-pt","15":"first","16":"instock","17":"taxable","18":"shipping-taxable","19":"purchasable","20":"product-type-simple"},"aioseo_notices":[],"brands":[],"_links":{"self":[{"href":"https:\/\/www.delicias-uk.com\/pt-pt\/wp-json\/wp\/v2\/product\/217968","targetHints":{"allow":["GET"]}}],"collection":[{"href":"https:\/\/www.delicias-uk.com\/pt-pt\/wp-json\/wp\/v2\/product"}],"about":[{"href":"https:\/\/www.delicias-uk.com\/pt-pt\/wp-json\/wp\/v2\/types\/product"}],"author":[{"embeddable":true,"href":"https:\/\/www.delicias-uk.com\/pt-pt\/wp-json\/wp\/v2\/users\/43533"}],"replies":[{"embeddable":true,"href":"https:\/\/www.delicias-uk.com\/pt-pt\/wp-json\/wp\/v2\/comments?post=217968"}],"wp:featuredmedia":[{"embeddable":true,"href":"https:\/\/www.delicias-uk.com\/pt-pt\/wp-json\/wp\/v2\/media\/234045"}],"wp:attachment":[{"href":"https:\/\/www.delicias-uk.com\/pt-pt\/wp-json\/wp\/v2\/media?parent=217968"}],"wp:term":[{"taxonomy":"pwb-brand","embeddable":true,"href":"https:\/\/www.delicias-uk.com\/pt-pt\/wp-json\/wp\/v2\/pwb-brand?post=217968"},{"taxonomy":"product_brand","embeddable":true,"href":"https:\/\/www.delicias-uk.com\/pt-pt\/wp-json\/wp\/v2\/product_brand?post=217968"},{"taxonomy":"product_cat","embeddable":true,"href":"https:\/\/www.delicias-uk.com\/pt-pt\/wp-json\/wp\/v2\/product_cat?post=217968"},{"taxonomy":"product_tag","embeddable":true,"href":"https:\/\/www.delicias-uk.com\/pt-pt\/wp-json\/wp\/v2\/product_tag?post=217968"}],"curies":[{"name":"wp","href":"https:\/\/api.w.org\/{rel}","templated":true}]}}